{"id":2921,"date":"2022-02-28T14:37:03","date_gmt":"2022-02-28T06:37:03","guid":{"rendered":"https:\/\/www.bakeryturnkey.com\/?post_type=product&#038;p=2921"},"modified":"2022-03-22T18:23:46","modified_gmt":"2022-03-22T10:23:46","slug":"bread-baking-machine-price","status":"publish","type":"product","link":"https:\/\/www.bakeryturnkey.com\/pt\/produto\/bread-baking-machine-price\/","title":{"rendered":"Pre\u00e7o da m\u00e1quina de fazer p\u00e3o com aquecimento a g\u00e1s na \u00c1frica do Sul"},"content":{"rendered":"<h2><strong>Descri\u00e7\u00e3o de <\/strong><strong>M\u00e1quina de fazer p\u00e3o <\/strong><\/h2>\n<p>Como um dos fabricantes profissionais de m\u00e1quina de cozer p\u00e3o, estamos empenhados em fabricar m\u00e1quinas de cozer de alta qualidade com bom pre\u00e7o, que podem ser amplamente utilizados no campo de alimentos de padaria. E o equipamento \u00e9 exportado para a \u00c1frica do Sul, Sud\u00e3o, Canad\u00e1 e outros pa\u00edses.<\/p>\n<p>Para al\u00e9m de fornecermos aos clientes equipamento de alta qualidade e pre\u00e7os competitivos. Formulamos or\u00e7amentos adequados para utilizadores de diferentes dimens\u00f5es e fornecemos diferentes modelos de equipamento.<\/p>\n<p><img loading=\"lazy\" decoding=\"async\" class=\"alignnone wp-image-2933 size-full\" src=\"https:\/\/www.bakeryturnkey.com\/wp-content\/uploads\/2022\/02\/10-1.jpg\" alt=\"M\u00e1quina de fazer p\u00e3o autom\u00e1tica\" width=\"750\" height=\"460\" srcset=\"https:\/\/www.bakeryturnkey.com\/wp-content\/uploads\/2022\/02\/10-1.jpg 750w, https:\/\/www.bakeryturnkey.com\/wp-content\/uploads\/2022\/02\/10-1-600x368.jpg 600w, https:\/\/www.bakeryturnkey.com\/wp-content\/uploads\/2022\/02\/10-1-300x184.jpg 300w\" sizes=\"auto, (max-width: 750px) 100vw, 750px\" \/><\/p>\n<h2><strong>Categorias de equipamento comercial de panifica\u00e7\u00e3o<\/strong><\/h2>\n<p>1. Forno de cozedura: Existem tr\u00eas camadas, quatro camadas, etc. Este tipo de m\u00e1quina de cozedura \u00e9 adequado para pequenas padarias, restaurantes, etc. Pode ser utilizado para cozer aperitivos, panquecas de cebolinha, etc. com um tabuleiro.<br \/>\n2. Forno rotativo: Existem 32 tabuleiros, 64 tabuleiros, etc., adequados para grandes e m\u00e9dias ind\u00fastrias de alimentos cozinhados, e s\u00e3o equipamentos de cozedura para biscoitos, p\u00e3o, bolos, bolos de lua, past\u00e9is de p\u00eassego e outros alimentos.<br \/>\n3. Forno de t\u00fanel: o aquecimento a g\u00e1s \u00e9 utilizado para aquecer uniformemente a cozedura, e a caixa de controlo \u00e9 ajustada de forma cont\u00ednua. O forno \u00e9 geralmente dividido em 2-3 metros como uma sec\u00e7\u00e3o, dividido em v\u00e1rias zonas de temperatura diferentes, e a temperatura \u00e9 controlada separadamente. Adequado para f\u00e1bricas de alimentos automatizadas em grande escala.<\/p>\n<h2><strong>Vantagens da M\u00e1quina Industrial de Cozimento de P\u00e3o \u00c1frica do Sul<\/strong><\/h2>\n<p>1. O efeito de preserva\u00e7\u00e3o do calor da m\u00e1quina de cozedura a g\u00e1s \u00e9 bom, e a temperatura sobe rapidamente. Leva apenas uma hora e meia desde a temperatura ambiente at\u00e9 280 graus.<br \/>\n2. Este equipamento absorve as vantagens de produtos similares no pa\u00eds e no estrangeiro, e \u00e9 uma nova gera\u00e7\u00e3o de equipamento de cozedura de alimentos que poupa energia, cuidadosamente concebido e fabricado.<\/p>\n<p><img loading=\"lazy\" decoding=\"async\" class=\"alignnone size-full wp-image-2934\" src=\"https:\/\/www.bakeryturnkey.com\/wp-content\/uploads\/2022\/02\/11.jpg\" alt=\"M\u00e1quina de fazer p\u00e3o\" width=\"750\" height=\"460\" srcset=\"https:\/\/www.bakeryturnkey.com\/wp-content\/uploads\/2022\/02\/11.jpg 750w, https:\/\/www.bakeryturnkey.com\/wp-content\/uploads\/2022\/02\/11-600x368.jpg 600w, https:\/\/www.bakeryturnkey.com\/wp-content\/uploads\/2022\/02\/11-300x184.jpg 300w\" sizes=\"auto, (max-width: 750px) 100vw, 750px\" \/><br \/>\n3. O forno de p\u00e3o \u00e9 feito de chapa de alum\u00ednio, que tem maior condutividade t\u00e9rmica do que o a\u00e7o inoxid\u00e1vel e n\u00e3o \u00e9 facilmente deformado por altas temperaturas.<br \/>\n4. O deflector da m\u00e1quina de cozedura tem algod\u00e3o de isolamento espesso, que tem boa veda\u00e7\u00e3o e isolamento, reduzindo a perda de calor.<br \/>\n5. O equipamento utiliza componentes fi\u00e1veis (sistema PLC da Siemens, redutor e motor de Taiwan, inversor Schneider, etc.), o que torna a sua utiliza\u00e7\u00e3o mais segura.<br \/>\n6. O forno comercial est\u00e1 equipado com um sistema de ilumina\u00e7\u00e3o, e o processo de cozedura dos alimentos pode ser claramente observado atrav\u00e9s do vidro da porta do forno.<br \/>\n7. O efeito de cozedura \u00e9 bom, e a temperatura da m\u00e1quina de cozer p\u00e3o pode ser ajustada de acordo com diferentes materiais e processos.<\/p>\n<h2><strong>V\u00eddeo de M\u00e1quina autom\u00e1tica para cozer p\u00e3o<\/strong><\/h2>\n<p><iframe loading=\"lazy\" title=\"Leitor de v\u00eddeo do YouTube\" src=\"https:\/\/www.youtube.com\/embed\/cv0yK7qMcnM\" width=\"560\" height=\"315\" frameborder=\"0\" allowfullscreen=\"allowfullscreen\"><\/iframe><\/p>\n<h2><strong>F\u00e1brica de equipamentos de panifica\u00e7\u00e3o<\/strong><\/h2>\n<p>A nossa f\u00e1brica centra-se na produ\u00e7\u00e3o e venda de equipamento de processamento de panifica\u00e7\u00e3o, incluindo linha de produ\u00e7\u00e3o autom\u00e1tica de bolos, linha de produ\u00e7\u00e3o de p\u00e3o, linha de produ\u00e7\u00e3o de bolo de lua, linha de produ\u00e7\u00e3o de tarte de ovo, forno de t\u00fanel de aquecimento a g\u00e1s, etc. As solu\u00e7\u00f5es de panifica\u00e7\u00e3o tamb\u00e9m podem ser personalizadas de acordo com as necessidades especiais dos utilizadores.<\/p>\n<p>Como um dos fornecedores premium, o nosso equipamento \u00e9 eficiente e dur\u00e1vel. A utiliza\u00e7\u00e3o de componentes de marcas conhecidas \u00e9 mais robusta e fi\u00e1vel. E o fabricante vende diretamente, o pre\u00e7o do equipamento \u00e9 mais competitivo. A utiliza\u00e7\u00e3o do nosso equipamento pode ajudar os clientes a aumentar a produ\u00e7\u00e3o, poupar custos e prolongar a vida \u00fatil.<\/p>\n<p>As m\u00e1quinas de padaria da nossa f\u00e1brica foram exportadas para mais de 40 pa\u00edses no mundo, como \u00c1frica do Sul, Canad\u00e1, Estados Unidos, Reino Unido, Singapura, Peru, Sud\u00e3o e assim por diante. Se voc\u00ea quiser atualizar seu equipamento ou iniciar um neg\u00f3cio, entre em contato conosco. Email: lisa@machinehall.com, Whatsapp\/Wechat\/Mobile: +8615515571373.<\/p>\n<h3><strong>Par\u00e2metros t\u00e9cnicos<\/strong><\/h3>\n<table>\n<colgroup>\n<col \/>\n<col \/><\/colgroup>\n<tbody>\n<tr>\n<td colspan=\"1\" rowspan=\"1\">Dimens\u00f5es (C*L*A)<\/td>\n<td colspan=\"1\" rowspan=\"1\">21000*2280*2180MM<\/td>\n<\/tr>\n<tr>\n<td colspan=\"1\" rowspan=\"1\">Total de calorias<\/td>\n<td colspan=\"1\" rowspan=\"1\">224280Cal\u00f3rico(kcal\/h)<\/td>\n<\/tr>\n<tr>\n<td colspan=\"1\" rowspan=\"1\">Consumo de ar (consumo de g\u00e1s)<\/td>\n<td colspan=\"1\" rowspan=\"1\">0,9m\u00b3\/m<\/td>\n<\/tr>\n<tr>\n<td colspan=\"1\" rowspan=\"1\">Pot\u00eancia<\/td>\n<td colspan=\"1\" rowspan=\"1\">2HP<\/td>\n<\/tr>\n<tr>\n<td colspan=\"1\" rowspan=\"1\">Tens\u00e3o<\/td>\n<td colspan=\"1\" rowspan=\"1\">380V<\/td>\n<\/tr>\n<tr>\n<td colspan=\"1\" rowspan=\"1\">Tamanho da placa de cozedura<\/td>\n<td colspan=\"1\" rowspan=\"1\">40*60CM<\/td>\n<\/tr>\n<\/tbody>\n<\/table>\n<h3><strong>Deixe o seu pedido de or\u00e7amento<\/strong><\/h3>\n\n<div class=\"wpcf7 no-js\" id=\"wpcf7-f2977-o1\" lang=\"en-US\" dir=\"ltr\">\n<div class=\"screen-reader-response\"><p role=\"status\" aria-live=\"polite\" aria-atomic=\"true\"><\/p> <ul><\/ul><\/div>\n<form action=\"\/pt\/wp-json\/wp\/v2\/product\/2921#wpcf7-f2977-o1\" method=\"post\" class=\"wpcf7-form init\" aria-label=\"Formul\u00e1rio de contacto\" novalidate=\"novalidate\" data-status=\"init\" data-trp-original-action=\"\/pt\/wp-json\/wp\/v2\/product\/2921#wpcf7-f2977-o1\">\n<div style=\"display: none;\">\n<input type=\"hidden\" name=\"_wpcf7\" value=\"2977\" \/>\n<input type=\"hidden\" name=\"_wpcf7_version\" value=\"5.7.7\" \/>\n<input type=\"hidden\" name=\"_wpcf7_locale\" value=\"en_US\" \/>\n<input type=\"hidden\" name=\"_wpcf7_unit_tag\" value=\"wpcf7-f2977-o1\" \/>\n<input type=\"hidden\" name=\"_wpcf7_container_post\" value=\"0\" \/>\n<input type=\"hidden\" name=\"_wpcf7_posted_data_hash\" value=\"\" \/>\n<\/div>\n<p><label> O seu nome*<br \/>\n<span class=\"wpcf7-form-control-wrap\" data-name=\"your-name\"><input size=\"40\" class=\"wpcf7-form-control wpcf7-text wpcf7-validates-as-required\" aria-required=\"true\" aria-invalid=\"false\" value=\"\" type=\"text\" name=\"your-name\" \/><\/span> <\/label>\n<\/p>\n<p><label> O seu pa\u00eds<br \/>\n<span class=\"wpcf7-form-control-wrap\" data-name=\"your-country\"><input size=\"40\" class=\"wpcf7-form-control wpcf7-text\" aria-invalid=\"false\" value=\"\" type=\"text\" name=\"your-country\" \/><\/span><\/label>\n<\/p>\n<p><label> O seu e-mail*<br \/>\n<span class=\"wpcf7-form-control-wrap\" data-name=\"your-email\"><input size=\"40\" class=\"wpcf7-form-control wpcf7-text wpcf7-email wpcf7-validates-as-required wpcf7-validates-as-email\" aria-required=\"true\" aria-invalid=\"false\" value=\"\" type=\"email\" name=\"your-email\" \/><\/span> <\/label>\n<\/p>\n<p><label> O seu telem\u00f3vel<br \/>\n<span class=\"wpcf7-form-control-wrap\" data-name=\"your-phone\"><input size=\"40\" class=\"wpcf7-form-control wpcf7-text\" aria-invalid=\"false\" value=\"\" type=\"text\" name=\"your-phone\" \/><\/span> <\/label>\n<\/p>\n<p><label> Nome da empresa<br \/>\n<span class=\"wpcf7-form-control-wrap\" data-name=\"text-529\"><input size=\"40\" class=\"wpcf7-form-control wpcf7-text\" aria-invalid=\"false\" value=\"\" type=\"text\" name=\"text-529\" \/><\/span> <\/label>\n<\/p>\n<p><label> S\u00edtio Web da empresa<br \/>\n<span class=\"wpcf7-form-control-wrap\" data-name=\"text-106\"><input size=\"40\" class=\"wpcf7-form-control wpcf7-text\" aria-invalid=\"false\" value=\"\" type=\"text\" name=\"text-106\" \/><\/span> <\/label>\n<\/p>\n<p><label> A sua mensagem*<br \/>\n<span class=\"wpcf7-form-control-wrap\" data-name=\"your-message\"><textarea cols=\"40\" rows=\"10\" class=\"wpcf7-form-control wpcf7-textarea wpcf7-validates-as-required\" aria-required=\"true\" aria-invalid=\"false\" name=\"your-message\"><\/textarea><\/span> <\/label>\n<\/p>\n<p><input class=\"wpcf7-form-control has-spinner wpcf7-submit\" type=\"submit\" value=\"Enviar\" \/>\n<\/p><p style=\"display: none !important;\" class=\"akismet-fields-container\" data-prefix=\"_wpcf7_ak_\"><label>&#916;<textarea name=\"_wpcf7_ak_hp_textarea\" cols=\"45\" rows=\"8\" maxlength=\"100\"><\/textarea><\/label><input type=\"hidden\" id=\"ak_js_1\" name=\"_wpcf7_ak_js\" value=\"16\"\/><script>document.getElementById( \"ak_js_1\" ).setAttribute( \"value\", ( new Date() ).getTime() );<\/script><\/p><div class=\"wpcf7-response-output\" aria-hidden=\"true\"><\/div>\n<input type=\"hidden\" name=\"trp-form-language\" value=\"pt\"\/><\/form>\n<\/div>\n\n<div style='text-align:left' class='yasr-auto-insert-visitor'><\/div>","protected":false},"excerpt":{"rendered":"<p>Fornecer aquecimento el\u00e9trico profissional ou m\u00e1quina de cozer p\u00e3o a g\u00e1s para a produ\u00e7\u00e3o de p\u00e3o, biscoitos, bolos e outros alimentos.<\/p>\n<p>1. Alto grau de automa\u00e7\u00e3o 2. Bom efeito de cozedura 3. Utiliza\u00e7\u00e3o segura<\/p>","protected":false},"featured_media":2931,"comment_status":"open","ping_status":"closed","template":"","meta":{"site-sidebar-layout":"default","site-content-layout":"default","ast-main-header-display":"","ast-hfb-above-header-display":"","ast-hfb-below-header-display":"","ast-hfb-mobile-header-display":"","site-post-title":"","ast-breadcrumbs-content":"","ast-featured-img":"","footer-sml-layout":"","theme-transparent-header-meta":"","adv-header-id-meta":"","stick-header-meta":"","header-above-stick-meta":"","header-main-stick-meta":"","header-below-stick-meta":"","yasr_overall_rating":0,"yasr_post_is_review":"","yasr_auto_insert_disabled":"","yasr_review_type":""},"product_cat":[27],"product_tag":[],"class_list":["post-2921","product","type-product","status-publish","has-post-thumbnail","hentry","product_cat-bread-machinery"],"yoast_head":"<!-- This site is optimized with the Yoast SEO plugin v27.4 - https:\/\/yoast.com\/product\/yoast-seo-wordpress\/ -->\n<title>Gas Heating Bread Baking Machine Price in South Africa<\/title>\n<meta name=\"description\" content=\"The gas heating bread baking machine developed by our factory is not only suitable for baking bread, but also for baking other bakery products.\" \/>\n<meta name=\"robots\" content=\"index, follow, max-snippet:-1, max-image-preview:large, max-video-preview:-1\" \/>\n<link rel=\"canonical\" href=\"https:\/\/www.bakeryturnkey.com\/pt\/produto\/bread-baking-machine-price\/\" \/>\n<meta property=\"og:locale\" content=\"pt_PT\" \/>\n<meta property=\"og:type\" content=\"article\" \/>\n<meta property=\"og:title\" content=\"Gas Heating Bread Baking Machine Price in South Africa\" \/>\n<meta property=\"og:description\" content=\"The gas heating bread baking machine developed by our factory is not only suitable for baking bread, but also for baking other bakery products.\" \/>\n<meta property=\"og:url\" content=\"https:\/\/www.bakeryturnkey.com\/pt\/produto\/bread-baking-machine-price\/\" \/>\n<meta property=\"og:site_name\" content=\"Bakery Food Processing Equipment Manufacturer\" \/>\n<meta property=\"article:modified_time\" content=\"2022-03-22T10:23:46+00:00\" \/>\n<meta property=\"og:image\" content=\"https:\/\/www.bakeryturnkey.com\/wp-content\/uploads\/2022\/02\/9-1.jpg\" \/>\n\t<meta property=\"og:image:width\" content=\"800\" \/>\n\t<meta property=\"og:image:height\" content=\"800\" \/>\n\t<meta property=\"og:image:type\" content=\"image\/jpeg\" \/>\n<meta name=\"twitter:card\" content=\"summary_large_image\" \/>\n<meta name=\"twitter:label1\" content=\"Tempo estimado de leitura\" \/>\n\t<meta name=\"twitter:data1\" content=\"3 minutos\" \/>\n<script type=\"application\/ld+json\" class=\"yoast-schema-graph\">{\"@context\":\"https:\\\/\\\/schema.org\",\"@graph\":[{\"@type\":\"WebPage\",\"@id\":\"https:\\\/\\\/www.bakeryturnkey.com\\\/product\\\/bread-baking-machine-price\\\/\",\"url\":\"https:\\\/\\\/www.bakeryturnkey.com\\\/product\\\/bread-baking-machine-price\\\/\",\"name\":\"Gas Heating Bread Baking Machine Price in South Africa\",\"isPartOf\":{\"@id\":\"https:\\\/\\\/www.bakeryturnkey.com\\\/#website\"},\"primaryImageOfPage\":{\"@id\":\"https:\\\/\\\/www.bakeryturnkey.com\\\/product\\\/bread-baking-machine-price\\\/#primaryimage\"},\"image\":{\"@id\":\"https:\\\/\\\/www.bakeryturnkey.com\\\/product\\\/bread-baking-machine-price\\\/#primaryimage\"},\"thumbnailUrl\":\"https:\\\/\\\/www.bakeryturnkey.com\\\/wp-content\\\/uploads\\\/2022\\\/02\\\/9-1.jpg\",\"datePublished\":\"2022-02-28T06:37:03+00:00\",\"dateModified\":\"2022-03-22T10:23:46+00:00\",\"description\":\"The gas heating bread baking machine developed by our factory is not only suitable for baking bread, but also for baking other bakery products.\",\"breadcrumb\":{\"@id\":\"https:\\\/\\\/www.bakeryturnkey.com\\\/product\\\/bread-baking-machine-price\\\/#breadcrumb\"},\"inLanguage\":\"pt-PT\",\"potentialAction\":[{\"@type\":\"ReadAction\",\"target\":[\"https:\\\/\\\/www.bakeryturnkey.com\\\/product\\\/bread-baking-machine-price\\\/\"]}]},{\"@type\":\"ImageObject\",\"inLanguage\":\"pt-PT\",\"@id\":\"https:\\\/\\\/www.bakeryturnkey.com\\\/product\\\/bread-baking-machine-price\\\/#primaryimage\",\"url\":\"https:\\\/\\\/www.bakeryturnkey.com\\\/wp-content\\\/uploads\\\/2022\\\/02\\\/9-1.jpg\",\"contentUrl\":\"https:\\\/\\\/www.bakeryturnkey.com\\\/wp-content\\\/uploads\\\/2022\\\/02\\\/9-1.jpg\",\"width\":800,\"height\":800,\"caption\":\"Bread Baking Machine Price\"},{\"@type\":\"BreadcrumbList\",\"@id\":\"https:\\\/\\\/www.bakeryturnkey.com\\\/product\\\/bread-baking-machine-price\\\/#breadcrumb\",\"itemListElement\":[{\"@type\":\"ListItem\",\"position\":1,\"name\":\"Home\",\"item\":\"https:\\\/\\\/www.bakeryturnkey.com\\\/\"},{\"@type\":\"ListItem\",\"position\":2,\"name\":\"Products\",\"item\":\"https:\\\/\\\/www.bakeryturnkey.com\\\/products\\\/\"},{\"@type\":\"ListItem\",\"position\":3,\"name\":\"Gas Heating Bread Baking Machine Price in South Africa\"}]},{\"@type\":\"WebSite\",\"@id\":\"https:\\\/\\\/www.bakeryturnkey.com\\\/#website\",\"url\":\"https:\\\/\\\/www.bakeryturnkey.com\\\/\",\"name\":\"Bakery Food Processing Equipment Manufacturer\",\"description\":\"Bakery Food Solutions Provider\",\"publisher\":{\"@id\":\"https:\\\/\\\/www.bakeryturnkey.com\\\/#organization\"},\"potentialAction\":[{\"@type\":\"SearchAction\",\"target\":{\"@type\":\"EntryPoint\",\"urlTemplate\":\"https:\\\/\\\/www.bakeryturnkey.com\\\/?s={search_term_string}\"},\"query-input\":{\"@type\":\"PropertyValueSpecification\",\"valueRequired\":true,\"valueName\":\"search_term_string\"}}],\"inLanguage\":\"pt-PT\"},{\"@type\":\"Organization\",\"@id\":\"https:\\\/\\\/www.bakeryturnkey.com\\\/#organization\",\"name\":\"Bakery Food Processing Equipment Manufacturer\",\"url\":\"https:\\\/\\\/www.bakeryturnkey.com\\\/\",\"logo\":{\"@type\":\"ImageObject\",\"inLanguage\":\"pt-PT\",\"@id\":\"https:\\\/\\\/www.bakeryturnkey.com\\\/#\\\/schema\\\/logo\\\/image\\\/\",\"url\":\"https:\\\/\\\/www.bakeryturnkey.com\\\/wp-content\\\/uploads\\\/2022\\\/03\\\/cropped-13-1.png\",\"contentUrl\":\"https:\\\/\\\/www.bakeryturnkey.com\\\/wp-content\\\/uploads\\\/2022\\\/03\\\/cropped-13-1.png\",\"width\":512,\"height\":429,\"caption\":\"Bakery Food Processing Equipment Manufacturer\"},\"image\":{\"@id\":\"https:\\\/\\\/www.bakeryturnkey.com\\\/#\\\/schema\\\/logo\\\/image\\\/\"}},false]}<\/script>\n<!-- \/ Yoast SEO plugin. -->","yoast_head_json":{"title":"Gas Heating Bread Baking Machine Price in South Africa","description":"The gas heating bread baking machine developed by our factory is not only suitable for baking bread, but also for baking other bakery products.","robots":{"index":"index","follow":"follow","max-snippet":"max-snippet:-1","max-image-preview":"max-image-preview:large","max-video-preview":"max-video-preview:-1"},"canonical":"https:\/\/www.bakeryturnkey.com\/pt\/produto\/bread-baking-machine-price\/","og_locale":"pt_PT","og_type":"article","og_title":"Gas Heating Bread Baking Machine Price in South Africa","og_description":"The gas heating bread baking machine developed by our factory is not only suitable for baking bread, but also for baking other bakery products.","og_url":"https:\/\/www.bakeryturnkey.com\/pt\/produto\/bread-baking-machine-price\/","og_site_name":"Bakery Food Processing Equipment Manufacturer","article_modified_time":"2022-03-22T10:23:46+00:00","og_image":[{"width":800,"height":800,"url":"https:\/\/www.bakeryturnkey.com\/wp-content\/uploads\/2022\/02\/9-1.jpg","type":"image\/jpeg"}],"twitter_card":"summary_large_image","twitter_misc":{"Tempo estimado de leitura":"3 minutos"},"schema":{"@context":"https:\/\/schema.org","@graph":[{"@type":"WebPage","@id":"https:\/\/www.bakeryturnkey.com\/product\/bread-baking-machine-price\/","url":"https:\/\/www.bakeryturnkey.com\/product\/bread-baking-machine-price\/","name":"Gas Heating Bread Baking Machine Price in South Africa","isPartOf":{"@id":"https:\/\/www.bakeryturnkey.com\/#website"},"primaryImageOfPage":{"@id":"https:\/\/www.bakeryturnkey.com\/product\/bread-baking-machine-price\/#primaryimage"},"image":{"@id":"https:\/\/www.bakeryturnkey.com\/product\/bread-baking-machine-price\/#primaryimage"},"thumbnailUrl":"https:\/\/www.bakeryturnkey.com\/wp-content\/uploads\/2022\/02\/9-1.jpg","datePublished":"2022-02-28T06:37:03+00:00","dateModified":"2022-03-22T10:23:46+00:00","description":"The gas heating bread baking machine developed by our factory is not only suitable for baking bread, but also for baking other bakery products.","breadcrumb":{"@id":"https:\/\/www.bakeryturnkey.com\/product\/bread-baking-machine-price\/#breadcrumb"},"inLanguage":"pt-PT","potentialAction":[{"@type":"ReadAction","target":["https:\/\/www.bakeryturnkey.com\/product\/bread-baking-machine-price\/"]}]},{"@type":"ImageObject","inLanguage":"pt-PT","@id":"https:\/\/www.bakeryturnkey.com\/product\/bread-baking-machine-price\/#primaryimage","url":"https:\/\/www.bakeryturnkey.com\/wp-content\/uploads\/2022\/02\/9-1.jpg","contentUrl":"https:\/\/www.bakeryturnkey.com\/wp-content\/uploads\/2022\/02\/9-1.jpg","width":800,"height":800,"caption":"Bread Baking Machine Price"},{"@type":"BreadcrumbList","@id":"https:\/\/www.bakeryturnkey.com\/product\/bread-baking-machine-price\/#breadcrumb","itemListElement":[{"@type":"ListItem","position":1,"name":"Home","item":"https:\/\/www.bakeryturnkey.com\/"},{"@type":"ListItem","position":2,"name":"Products","item":"https:\/\/www.bakeryturnkey.com\/products\/"},{"@type":"ListItem","position":3,"name":"Gas Heating Bread Baking Machine Price in South Africa"}]},{"@type":"WebSite","@id":"https:\/\/www.bakeryturnkey.com\/#website","url":"https:\/\/www.bakeryturnkey.com\/","name":"Bakery Food Processing Equipment Manufacturer","description":"Bakery Food Solutions Provider","publisher":{"@id":"https:\/\/www.bakeryturnkey.com\/#organization"},"potentialAction":[{"@type":"SearchAction","target":{"@type":"EntryPoint","urlTemplate":"https:\/\/www.bakeryturnkey.com\/?s={search_term_string}"},"query-input":{"@type":"PropertyValueSpecification","valueRequired":true,"valueName":"search_term_string"}}],"inLanguage":"pt-PT"},{"@type":"Organization","@id":"https:\/\/www.bakeryturnkey.com\/#organization","name":"Bakery Food Processing Equipment Manufacturer","url":"https:\/\/www.bakeryturnkey.com\/","logo":{"@type":"ImageObject","inLanguage":"pt-PT","@id":"https:\/\/www.bakeryturnkey.com\/#\/schema\/logo\/image\/","url":"https:\/\/www.bakeryturnkey.com\/wp-content\/uploads\/2022\/03\/cropped-13-1.png","contentUrl":"https:\/\/www.bakeryturnkey.com\/wp-content\/uploads\/2022\/03\/cropped-13-1.png","width":512,"height":429,"caption":"Bakery Food Processing Equipment Manufacturer"},"image":{"@id":"https:\/\/www.bakeryturnkey.com\/#\/schema\/logo\/image\/"}},false]}},"yasr_visitor_votes":{"stars_attributes":{"read_only":false,"span_bottom":false},"number_of_votes":0,"sum_votes":0},"_links":{"self":[{"href":"https:\/\/www.bakeryturnkey.com\/pt\/wp-json\/wp\/v2\/product\/2921","targetHints":{"allow":["GET"]}}],"collection":[{"href":"https:\/\/www.bakeryturnkey.com\/pt\/wp-json\/wp\/v2\/product"}],"about":[{"href":"https:\/\/www.bakeryturnkey.com\/pt\/wp-json\/wp\/v2\/types\/product"}],"replies":[{"embeddable":true,"href":"https:\/\/www.bakeryturnkey.com\/pt\/wp-json\/wp\/v2\/comments?post=2921"}],"wp:featuredmedia":[{"embeddable":true,"href":"https:\/\/www.bakeryturnkey.com\/pt\/wp-json\/wp\/v2\/media\/2931"}],"wp:attachment":[{"href":"https:\/\/www.bakeryturnkey.com\/pt\/wp-json\/wp\/v2\/media?parent=2921"}],"wp:term":[{"taxonomy":"product_cat","embeddable":true,"href":"https:\/\/www.bakeryturnkey.com\/pt\/wp-json\/wp\/v2\/product_cat?post=2921"},{"taxonomy":"product_tag","embeddable":true,"href":"https:\/\/www.bakeryturnkey.com\/pt\/wp-json\/wp\/v2\/product_tag?post=2921"}],"curies":[{"name":"wp","href":"https:\/\/api.w.org\/{rel}","templated":true}]}}