{"id":2915,"date":"2022-03-23T11:57:18","date_gmt":"2022-03-23T03:57:18","guid":{"rendered":"https:\/\/www.bakeryturnkey.com\/?post_type=product&#038;p=2915"},"modified":"2026-04-19T10:23:26","modified_gmt":"2026-04-19T02:23:26","slug":"muffin-cake-production-line","status":"publish","type":"product","link":"https:\/\/www.bakeryturnkey.com\/pt\/produto\/muffin-cake-production-line\/","title":{"rendered":"Linha de Produ\u00e7\u00e3o de Bolo de Muffin Industrial Fabricante 200KG\/H"},"content":{"rendered":"<p>A linha de produ\u00e7\u00e3o de bolos de muffin \u00e9 adequada para fazer diferentes sabores de bolos de muffine, como muffins de chocolate, muffin de mirtilo, etc. Alto grau de automa\u00e7\u00e3o e processo de produ\u00e7\u00e3o eficiente.<\/p>\n<p>Como um fabricante profissional de linha de produ\u00e7\u00e3o de bolo, o nosso equipamento principal tem linha de produ\u00e7\u00e3o de p\u00e3o de l\u00f3, linha de produ\u00e7\u00e3o de cupcake, linha de produ\u00e7\u00e3o de rolo su\u00ed\u00e7o, e assim por diante. N\u00f3s fornecemos uma variedade de equipamentos de panifica\u00e7\u00e3o de alta qualidade para a maioria das f\u00e1bricas de processamento de alimentos para atender \u00e0s diversas necessidades.<\/p>\n<p><img loading=\"lazy\" decoding=\"async\" class=\"alignnone size-full wp-image-2918\" src=\"https:\/\/www.bakeryturnkey.com\/wp-content\/uploads\/2022\/02\/2-9.jpg\" alt=\"M\u00e1quinas de processamento de bolos\" width=\"800\" height=\"500\" srcset=\"https:\/\/www.bakeryturnkey.com\/wp-content\/uploads\/2022\/02\/2-9.jpg 800w, https:\/\/www.bakeryturnkey.com\/wp-content\/uploads\/2022\/02\/2-9-600x375.jpg 600w, https:\/\/www.bakeryturnkey.com\/wp-content\/uploads\/2022\/02\/2-9-300x188.jpg 300w, https:\/\/www.bakeryturnkey.com\/wp-content\/uploads\/2022\/02\/2-9-768x480.jpg 768w\" sizes=\"auto, (max-width: 800px) 100vw, 800px\" \/><\/p>\n<h2><strong>Componentes da Linha de Produ\u00e7\u00e3o Industrial de Bolos de Muffin<\/strong><\/h2>\n<p>M\u00e1quina de bater - M\u00e1quina de tabuleiro de papel - Batedor de bolos<span style=\"font-size: 16px;\">M\u00e1quina de enchimento - Pulverizador de \u00f3leo - Cozedura no forno - Arrefecimento fora do forno - M\u00e1quina de enchimento - M\u00e1quina de desmoldagem - M\u00e1quina de enrolamento - Correia de arrefecimento e esteriliza\u00e7\u00e3o - M\u00e1quina de embalagem.<\/span><\/p>\n<ol>\n<li>M\u00e1quina de mistura: Capaz de misturar ingredientes de forma uniforme e eficiente. Normalmente, tem um misturador de alta velocidade para uma mistura r\u00e1pida e um controlo de velocidade vari\u00e1vel para precis\u00e3o.<\/li>\n<li>M\u00e1quina dosadora: Concebida para uma dosagem precisa e consistente da massa. Pode lidar com uma variedade de viscosidades de massa e est\u00e1 equipada com um sistema de controlo para uma medi\u00e7\u00e3o precisa do volume.<\/li>\n<li>Placa de cozedura de muffins: Constru\u00edda com materiais resistentes ao calor, esta placa assegura uma distribui\u00e7\u00e3o uniforme do calor pela massa dos muffins, resultando em muffins cozinhados uniformemente. A sua superf\u00edcie antiaderente foi concebida para facilitar a liberta\u00e7\u00e3o do produto acabado, aumentando a efici\u00eancia na produ\u00e7\u00e3o de grandes volumes.<\/li>\n<li>Forno de cozedura: Possui um controlo preciso da temperatura e uma distribui\u00e7\u00e3o uniforme do calor para obter resultados de cozedura consistentes. Pode tamb\u00e9m ter tempos de cozedura ajust\u00e1veis e convec\u00e7\u00e3o assistida por ventoinha para uma cozedura uniforme.<\/li>\n<li>Transportador de arrefecimento: Funciona a uma velocidade controlada para proporcionar tempo de arrefecimento suficiente sem secar demasiado os muffins. Pode incluir v\u00e1rios n\u00edveis ou zonas para uma utiliza\u00e7\u00e3o eficiente do espa\u00e7o.<\/li>\n<li>Sistema de liberta\u00e7\u00e3o do molde: Liberta eficazmente os muffins dos moldes, o que pode ser uma simples a\u00e7\u00e3o mec\u00e2nica ou um sistema automatizado mais complexo, dependendo da escala de produ\u00e7\u00e3o.<\/li>\n<li>M\u00e1quina de embalagem: Automatizada para lidar com embalagens a alta velocidade, com op\u00e7\u00f5es para diferentes materiais e estilos de embalagem, garantindo a prote\u00e7\u00e3o e apresenta\u00e7\u00e3o do produto.<\/li>\n<li>Equipamento de higieniza\u00e7\u00e3o: Capaz de efetuar uma limpeza e higieniza\u00e7\u00e3o minuciosas dos componentes da linha de produ\u00e7\u00e3o, utilizando frequentemente \u00e1gua a alta press\u00e3o ou solu\u00e7\u00f5es qu\u00edmicas para garantir o cumprimento das normas de limpeza e seguran\u00e7a alimentar.<\/li>\n<\/ol>\n<p><img loading=\"lazy\" decoding=\"async\" class=\"alignnone size-full wp-image-4384\" src=\"https:\/\/www.bakeryturnkey.com\/wp-content\/uploads\/2022\/03\/6-4.jpg\" alt=\"Linha de Produ\u00e7\u00e3o de Muffin Fabricante\" width=\"630\" height=\"400\" srcset=\"https:\/\/www.bakeryturnkey.com\/wp-content\/uploads\/2022\/03\/6-4.jpg 630w, https:\/\/www.bakeryturnkey.com\/wp-content\/uploads\/2022\/03\/6-4-600x381.jpg 600w, https:\/\/www.bakeryturnkey.com\/wp-content\/uploads\/2022\/03\/6-4-300x190.jpg 300w\" sizes=\"auto, (max-width: 630px) 100vw, 630px\" \/><\/p>\n<h2><strong>Vantagens da Linha de Produ\u00e7\u00e3o de Muffin<\/strong><\/h2>\n<ol>\n<li>Materiais requintados: toda a linha, incluindo o exterior do forno, \u00e9 feita de a\u00e7o inoxid\u00e1vel, e os componentes electr\u00f3nicos s\u00e3o feitos de marcas bem conhecidas no pa\u00eds e no estrangeiro para garantir uma menor taxa de falha do equipamento e maior estabilidade. Espessura at\u00e9 300 mm, bom efeito de preserva\u00e7\u00e3o do calor, pode garantir a temperatura da superf\u00edcie e um melhor efeito de cozedura.<\/li>\n<li>Elevado grau de automatiza\u00e7\u00e3o: O forno de cozedura adopta um sistema de controlo por ecr\u00e3 t\u00e1til PLC para evitar o controlo de opera\u00e7\u00f5es erradas, dete\u00e7\u00e3o e processamento autom\u00e1ticos de seguran\u00e7a, visualiza\u00e7\u00e3o de alarmes em chin\u00eas e ingl\u00eas e sistema avan\u00e7ado de controlo de temperatura PID.<\/li>\n<li>Uma m\u00e1quina para m\u00faltiplos objectivos: Esta linha de produ\u00e7\u00e3o de muffins pode produzir bolos de torta de gema de ovo com n\u00facleo injetado, cupcakes e bolos fatiados. De acordo com a forma da placa de molde, pode produzir diferentes formas de bolos coloridos.<\/li>\n<li>Elevada seguran\u00e7a: O forno adopta uma unidade de interrutor de prote\u00e7\u00e3o de alta tens\u00e3o de g\u00e1s, que \u00e9 interligada para prote\u00e7\u00e3o, e o dispositivo de igni\u00e7\u00e3o de alta tens\u00e3o tem um \u00fanico sistema de processamento independente de alarme de extin\u00e7\u00e3o de inc\u00eandio, que coopera com o sistema de controlo PLC para realizar a monitoriza\u00e7\u00e3o de seguran\u00e7a da combust\u00e3o de toda a m\u00e1quina. Corta o g\u00e1s no espa\u00e7o de 1 segundo para garantir efetivamente a seguran\u00e7a do funcionamento e da utiliza\u00e7\u00e3o do equipamento.<\/li>\n<li>Equipamento aut\u00f3nomo inteligente: Esta m\u00e1quina pode encher automaticamente toda a fila de bolos com n\u00facleo. Se detetar que um bolo n\u00e3o est\u00e1 na linha de produ\u00e7\u00e3o, a agulha de enchimento do miolo n\u00e3o o encher\u00e1, de modo a evitar o enchimento na correia transportadora. Ao mesmo tempo que melhora consideravelmente a efici\u00eancia da produ\u00e7\u00e3o, evita o desperd\u00edcio de materiais e o processo de limpeza.<\/li>\n<\/ol>\n<h2><strong>V\u00eddeo de trabalho da linha de produ\u00e7\u00e3o de bolo de muffin<\/strong><\/h2>\n<div class=\"ast-oembed-container\"><iframe loading=\"lazy\" title=\"Linha de produ\u00e7\u00e3o de bolos totalmente autom\u00e1tica na f\u00e1brica para testes\" width=\"500\" height=\"281\" src=\"https:\/\/www.youtube.com\/embed\/lFXyp6CPP0k?feature=oembed\" frameborder=\"0\" allow=\"accelerometer; autoplay; clipboard-write; encrypted-media; gyroscope; picture-in-picture; web-share\" referrerpolicy=\"strict-origin-when-cross-origin\" allowfullscreen><\/iframe><\/div>\n<h3><strong>Par\u00e2metros t\u00e9cnicos<\/strong><\/h3>\n<table>\n<tbody>\n<tr>\n<td colspan=\"1\" rowspan=\"1\">\n<div>\n<div data-spm-anchor-id=\"0.0.0.i10.65d24f05spMsKG\">Modelo<\/div>\n<\/div>\n<\/td>\n<td colspan=\"1\" rowspan=\"1\">\n<div>\n<div>GG-Cake<\/div>\n<\/div>\n<\/td>\n<\/tr>\n<tr>\n<td colspan=\"1\" rowspan=\"2\">\n<div>\n<div>Capacidade<\/div>\n<\/div>\n<\/td>\n<td colspan=\"1\" rowspan=\"1\">\n<div>\n<div>4807pcs\/h(peso do bolo 78g\/pc)<\/div>\n<\/div>\n<\/td>\n<\/tr>\n<tr>\n<td colspan=\"1\" rowspan=\"1\">\n<div>\n<div>1718pcs\/h(peso do bolo 32g\/pc)<\/div>\n<\/div>\n<\/td>\n<\/tr>\n<tr>\n<td colspan=\"1\" rowspan=\"3\">\n<div>\n<div>Tamanho da placa de cozedura<\/div>\n<\/div>\n<\/td>\n<td colspan=\"1\" rowspan=\"1\">\n<div>\n<div>600*540mm<\/div>\n<\/div>\n<\/td>\n<\/tr>\n<tr>\n<td colspan=\"1\" rowspan=\"1\">\n<div>\n<div>24 pe\u00e7as de bolo\/prato (peso do bolo 78g\/unidade)<\/div>\n<\/div>\n<\/td>\n<\/tr>\n<tr>\n<td colspan=\"1\" rowspan=\"1\">\n<div>\n<div>48 unidades de bolo\/prato (peso do bolo 32g)<\/div>\n<\/div>\n<\/td>\n<\/tr>\n<tr>\n<td colspan=\"1\" rowspan=\"1\">\n<div>\n<div>Tempo de cozedura<\/div>\n<\/div>\n<\/td>\n<td colspan=\"1\" rowspan=\"1\">\n<div>\n<div>12 minutos<\/div>\n<\/div>\n<\/td>\n<\/tr>\n<tr>\n<td colspan=\"1\" rowspan=\"1\">\n<div>\n<div>Temperatura de cozedura<\/div>\n<\/div>\n<\/td>\n<td colspan=\"1\" rowspan=\"1\">\n<div>\n<div>185\u2103-210\u2103<\/div>\n<\/div>\n<\/td>\n<\/tr>\n<tr>\n<td colspan=\"1\" rowspan=\"1\">\n<div>\n<div>Tipo de aquecimento<\/div>\n<\/div>\n<\/td>\n<td colspan=\"1\" rowspan=\"1\">\n<div>\n<div data-spm-anchor-id=\"a2700.details.0.i20.63a755d3nJy2hG\">g\u00e1s\/eletricidade<\/div>\n<\/div>\n<\/td>\n<\/tr>\n<\/tbody>\n<\/table>\n<h3><strong>Deixe o seu pedido de or\u00e7amento<\/strong><\/h3>\n\n<div class=\"wpcf7 no-js\" id=\"wpcf7-f2977-o1\" lang=\"en-US\" dir=\"ltr\">\n<div class=\"screen-reader-response\"><p role=\"status\" aria-live=\"polite\" aria-atomic=\"true\"><\/p> <ul><\/ul><\/div>\n<form action=\"\/pt\/wp-json\/wp\/v2\/product\/2915#wpcf7-f2977-o1\" method=\"post\" class=\"wpcf7-form init\" aria-label=\"Formul\u00e1rio de contacto\" novalidate=\"novalidate\" data-status=\"init\" data-trp-original-action=\"\/pt\/wp-json\/wp\/v2\/product\/2915#wpcf7-f2977-o1\">\n<div style=\"display: none;\">\n<input type=\"hidden\" name=\"_wpcf7\" value=\"2977\" \/>\n<input type=\"hidden\" name=\"_wpcf7_version\" value=\"5.7.7\" \/>\n<input type=\"hidden\" name=\"_wpcf7_locale\" value=\"en_US\" \/>\n<input type=\"hidden\" name=\"_wpcf7_unit_tag\" value=\"wpcf7-f2977-o1\" \/>\n<input type=\"hidden\" name=\"_wpcf7_container_post\" value=\"0\" \/>\n<input type=\"hidden\" name=\"_wpcf7_posted_data_hash\" value=\"\" \/>\n<\/div>\n<p><label> O seu nome*<br \/>\n<span class=\"wpcf7-form-control-wrap\" data-name=\"your-name\"><input size=\"40\" class=\"wpcf7-form-control wpcf7-text wpcf7-validates-as-required\" aria-required=\"true\" aria-invalid=\"false\" value=\"\" type=\"text\" name=\"your-name\" \/><\/span> <\/label>\n<\/p>\n<p><label> O seu pa\u00eds<br \/>\n<span class=\"wpcf7-form-control-wrap\" data-name=\"your-country\"><input size=\"40\" class=\"wpcf7-form-control wpcf7-text\" aria-invalid=\"false\" value=\"\" type=\"text\" name=\"your-country\" \/><\/span><\/label>\n<\/p>\n<p><label> O seu e-mail*<br \/>\n<span class=\"wpcf7-form-control-wrap\" data-name=\"your-email\"><input size=\"40\" class=\"wpcf7-form-control wpcf7-text wpcf7-email wpcf7-validates-as-required wpcf7-validates-as-email\" aria-required=\"true\" aria-invalid=\"false\" value=\"\" type=\"email\" name=\"your-email\" \/><\/span> <\/label>\n<\/p>\n<p><label> O seu telem\u00f3vel<br \/>\n<span class=\"wpcf7-form-control-wrap\" data-name=\"your-phone\"><input size=\"40\" class=\"wpcf7-form-control wpcf7-text\" aria-invalid=\"false\" value=\"\" type=\"text\" name=\"your-phone\" \/><\/span> <\/label>\n<\/p>\n<p><label> Nome da empresa<br \/>\n<span class=\"wpcf7-form-control-wrap\" data-name=\"text-529\"><input size=\"40\" class=\"wpcf7-form-control wpcf7-text\" aria-invalid=\"false\" value=\"\" type=\"text\" name=\"text-529\" \/><\/span> <\/label>\n<\/p>\n<p><label> S\u00edtio Web da empresa<br \/>\n<span class=\"wpcf7-form-control-wrap\" data-name=\"text-106\"><input size=\"40\" class=\"wpcf7-form-control wpcf7-text\" aria-invalid=\"false\" value=\"\" type=\"text\" name=\"text-106\" \/><\/span> <\/label>\n<\/p>\n<p><label> A sua mensagem*<br \/>\n<span class=\"wpcf7-form-control-wrap\" data-name=\"your-message\"><textarea cols=\"40\" rows=\"10\" class=\"wpcf7-form-control wpcf7-textarea wpcf7-validates-as-required\" aria-required=\"true\" aria-invalid=\"false\" name=\"your-message\"><\/textarea><\/span> <\/label>\n<\/p>\n<p><input class=\"wpcf7-form-control has-spinner wpcf7-submit\" type=\"submit\" value=\"Enviar\" \/>\n<\/p><p style=\"display: none !important;\" class=\"akismet-fields-container\" data-prefix=\"_wpcf7_ak_\"><label>&#916;<textarea name=\"_wpcf7_ak_hp_textarea\" cols=\"45\" rows=\"8\" maxlength=\"100\"><\/textarea><\/label><input type=\"hidden\" id=\"ak_js_1\" name=\"_wpcf7_ak_js\" value=\"88\"\/><script>document.getElementById( \"ak_js_1\" ).setAttribute( \"value\", ( new Date() ).getTime() );<\/script><\/p><div class=\"wpcf7-response-output\" aria-hidden=\"true\"><\/div>\n<input type=\"hidden\" name=\"trp-form-language\" value=\"pt\"\/><\/form>\n<\/div>\n\n<div style='text-align:left' class='yasr-auto-insert-visitor'><\/div>","protected":false},"excerpt":{"rendered":"<ol>\n<li>Capacidade: 1718pcs\/h-4807pcs\/h<\/li>\n<li>Tamanho da placa de cozedura: 600*540mm<\/li>\n<li>Tempo de cozedura: 12 minutos<\/li>\n<\/ol>","protected":false},"featured_media":3011,"comment_status":"open","ping_status":"closed","template":"","meta":{"site-sidebar-layout":"default","site-content-layout":"default","ast-main-header-display":"","ast-hfb-above-header-display":"","ast-hfb-below-header-display":"","ast-hfb-mobile-header-display":"","site-post-title":"","ast-breadcrumbs-content":"","ast-featured-img":"","footer-sml-layout":"","theme-transparent-header-meta":"default","adv-header-id-meta":"","stick-header-meta":"","header-above-stick-meta":"","header-main-stick-meta":"","header-below-stick-meta":"","yasr_overall_rating":0,"yasr_post_is_review":"","yasr_auto_insert_disabled":"","yasr_review_type":""},"product_cat":[26],"product_tag":[],"class_list":["post-2915","product","type-product","status-publish","has-post-thumbnail","hentry","product_cat-cake-machinery"],"yoast_head":"<!-- This site is optimized with the Yoast SEO plugin v27.5 - https:\/\/yoast.com\/product\/yoast-seo-wordpress\/ -->\n<title>Industrial Muffin Cake Production Line Manufacturer 200KG\/H<\/title>\n<meta name=\"description\" content=\"As a professional muffin cake production line manufacturer, our factory also provide production line for making sponge cake, cup cakes and so on.\" \/>\n<meta name=\"robots\" content=\"index, follow, max-snippet:-1, max-image-preview:large, max-video-preview:-1\" \/>\n<link rel=\"canonical\" href=\"https:\/\/www.bakeryturnkey.com\/pt\/produto\/muffin-cake-production-line\/\" \/>\n<meta property=\"og:locale\" content=\"pt_PT\" \/>\n<meta property=\"og:type\" content=\"article\" \/>\n<meta property=\"og:title\" content=\"Industrial Muffin Cake Production Line Manufacturer 200KG\/H\" \/>\n<meta property=\"og:description\" content=\"As a professional muffin cake production line manufacturer, our factory also provide production line for making sponge cake, cup cakes and so on.\" \/>\n<meta property=\"og:url\" content=\"https:\/\/www.bakeryturnkey.com\/pt\/produto\/muffin-cake-production-line\/\" \/>\n<meta property=\"og:site_name\" content=\"Bakery Food Processing Equipment Manufacturer\" \/>\n<meta property=\"article:modified_time\" content=\"2026-04-19T02:23:26+00:00\" \/>\n<meta property=\"og:image\" content=\"https:\/\/www.bakeryturnkey.com\/wp-content\/uploads\/2022\/02\/1-14.jpg\" \/>\n\t<meta property=\"og:image:width\" content=\"800\" \/>\n\t<meta property=\"og:image:height\" content=\"800\" \/>\n\t<meta property=\"og:image:type\" content=\"image\/jpeg\" \/>\n<meta name=\"twitter:card\" content=\"summary_large_image\" \/>\n<meta name=\"twitter:label1\" content=\"Tempo estimado de leitura\" \/>\n\t<meta name=\"twitter:data1\" content=\"4 minutos\" \/>\n<script type=\"application\/ld+json\" class=\"yoast-schema-graph\">{\"@context\":\"https:\\\/\\\/schema.org\",\"@graph\":[{\"@type\":\"WebPage\",\"@id\":\"https:\\\/\\\/www.bakeryturnkey.com\\\/product\\\/muffin-cake-production-line\\\/\",\"url\":\"https:\\\/\\\/www.bakeryturnkey.com\\\/product\\\/muffin-cake-production-line\\\/\",\"name\":\"Industrial Muffin Cake Production Line Manufacturer 200KG\\\/H\",\"isPartOf\":{\"@id\":\"https:\\\/\\\/www.bakeryturnkey.com\\\/#website\"},\"primaryImageOfPage\":{\"@id\":\"https:\\\/\\\/www.bakeryturnkey.com\\\/product\\\/muffin-cake-production-line\\\/#primaryimage\"},\"image\":{\"@id\":\"https:\\\/\\\/www.bakeryturnkey.com\\\/product\\\/muffin-cake-production-line\\\/#primaryimage\"},\"thumbnailUrl\":\"https:\\\/\\\/www.bakeryturnkey.com\\\/wp-content\\\/uploads\\\/2022\\\/02\\\/1-14.jpg\",\"datePublished\":\"2022-03-23T03:57:18+00:00\",\"dateModified\":\"2026-04-19T02:23:26+00:00\",\"description\":\"As a professional muffin cake production line manufacturer, our factory also provide production line for making sponge cake, cup cakes and so on.\",\"breadcrumb\":{\"@id\":\"https:\\\/\\\/www.bakeryturnkey.com\\\/product\\\/muffin-cake-production-line\\\/#breadcrumb\"},\"inLanguage\":\"pt-PT\",\"potentialAction\":[{\"@type\":\"ReadAction\",\"target\":[\"https:\\\/\\\/www.bakeryturnkey.com\\\/product\\\/muffin-cake-production-line\\\/\"]}]},{\"@type\":\"ImageObject\",\"inLanguage\":\"pt-PT\",\"@id\":\"https:\\\/\\\/www.bakeryturnkey.com\\\/product\\\/muffin-cake-production-line\\\/#primaryimage\",\"url\":\"https:\\\/\\\/www.bakeryturnkey.com\\\/wp-content\\\/uploads\\\/2022\\\/02\\\/1-14.jpg\",\"contentUrl\":\"https:\\\/\\\/www.bakeryturnkey.com\\\/wp-content\\\/uploads\\\/2022\\\/02\\\/1-14.jpg\",\"width\":800,\"height\":800,\"caption\":\"Muffin Cake Production Line\"},{\"@type\":\"BreadcrumbList\",\"@id\":\"https:\\\/\\\/www.bakeryturnkey.com\\\/product\\\/muffin-cake-production-line\\\/#breadcrumb\",\"itemListElement\":[{\"@type\":\"ListItem\",\"position\":1,\"name\":\"Home\",\"item\":\"https:\\\/\\\/www.bakeryturnkey.com\\\/\"},{\"@type\":\"ListItem\",\"position\":2,\"name\":\"Products\",\"item\":\"https:\\\/\\\/www.bakeryturnkey.com\\\/products\\\/\"},{\"@type\":\"ListItem\",\"position\":3,\"name\":\"Industrial Muffin Cake Production Line Manufacturer 200KG\\\/H\"}]},{\"@type\":\"WebSite\",\"@id\":\"https:\\\/\\\/www.bakeryturnkey.com\\\/#website\",\"url\":\"https:\\\/\\\/www.bakeryturnkey.com\\\/\",\"name\":\"Bakery Food Processing Equipment Manufacturer\",\"description\":\"Bakery Food Solutions Provider\",\"publisher\":{\"@id\":\"https:\\\/\\\/www.bakeryturnkey.com\\\/#organization\"},\"potentialAction\":[{\"@type\":\"SearchAction\",\"target\":{\"@type\":\"EntryPoint\",\"urlTemplate\":\"https:\\\/\\\/www.bakeryturnkey.com\\\/?s={search_term_string}\"},\"query-input\":{\"@type\":\"PropertyValueSpecification\",\"valueRequired\":true,\"valueName\":\"search_term_string\"}}],\"inLanguage\":\"pt-PT\"},{\"@type\":\"Organization\",\"@id\":\"https:\\\/\\\/www.bakeryturnkey.com\\\/#organization\",\"name\":\"Bakery Food Processing Equipment Manufacturer\",\"url\":\"https:\\\/\\\/www.bakeryturnkey.com\\\/\",\"logo\":{\"@type\":\"ImageObject\",\"inLanguage\":\"pt-PT\",\"@id\":\"https:\\\/\\\/www.bakeryturnkey.com\\\/#\\\/schema\\\/logo\\\/image\\\/\",\"url\":\"https:\\\/\\\/www.bakeryturnkey.com\\\/wp-content\\\/uploads\\\/2022\\\/03\\\/cropped-13-1.png\",\"contentUrl\":\"https:\\\/\\\/www.bakeryturnkey.com\\\/wp-content\\\/uploads\\\/2022\\\/03\\\/cropped-13-1.png\",\"width\":512,\"height\":429,\"caption\":\"Bakery Food Processing Equipment Manufacturer\"},\"image\":{\"@id\":\"https:\\\/\\\/www.bakeryturnkey.com\\\/#\\\/schema\\\/logo\\\/image\\\/\"}},false]}<\/script>\n<!-- \/ Yoast SEO plugin. -->","yoast_head_json":{"title":"Industrial Muffin Cake Production Line Manufacturer 200KG\/H","description":"As a professional muffin cake production line manufacturer, our factory also provide production line for making sponge cake, cup cakes and so on.","robots":{"index":"index","follow":"follow","max-snippet":"max-snippet:-1","max-image-preview":"max-image-preview:large","max-video-preview":"max-video-preview:-1"},"canonical":"https:\/\/www.bakeryturnkey.com\/pt\/produto\/muffin-cake-production-line\/","og_locale":"pt_PT","og_type":"article","og_title":"Industrial Muffin Cake Production Line Manufacturer 200KG\/H","og_description":"As a professional muffin cake production line manufacturer, our factory also provide production line for making sponge cake, cup cakes and so on.","og_url":"https:\/\/www.bakeryturnkey.com\/pt\/produto\/muffin-cake-production-line\/","og_site_name":"Bakery Food Processing Equipment Manufacturer","article_modified_time":"2026-04-19T02:23:26+00:00","og_image":[{"width":800,"height":800,"url":"https:\/\/www.bakeryturnkey.com\/wp-content\/uploads\/2022\/02\/1-14.jpg","type":"image\/jpeg"}],"twitter_card":"summary_large_image","twitter_misc":{"Tempo estimado de leitura":"4 minutos"},"schema":{"@context":"https:\/\/schema.org","@graph":[{"@type":"WebPage","@id":"https:\/\/www.bakeryturnkey.com\/product\/muffin-cake-production-line\/","url":"https:\/\/www.bakeryturnkey.com\/product\/muffin-cake-production-line\/","name":"Industrial Muffin Cake Production Line Manufacturer 200KG\/H","isPartOf":{"@id":"https:\/\/www.bakeryturnkey.com\/#website"},"primaryImageOfPage":{"@id":"https:\/\/www.bakeryturnkey.com\/product\/muffin-cake-production-line\/#primaryimage"},"image":{"@id":"https:\/\/www.bakeryturnkey.com\/product\/muffin-cake-production-line\/#primaryimage"},"thumbnailUrl":"https:\/\/www.bakeryturnkey.com\/wp-content\/uploads\/2022\/02\/1-14.jpg","datePublished":"2022-03-23T03:57:18+00:00","dateModified":"2026-04-19T02:23:26+00:00","description":"As a professional muffin cake production line manufacturer, our factory also provide production line for making sponge cake, cup cakes and so on.","breadcrumb":{"@id":"https:\/\/www.bakeryturnkey.com\/product\/muffin-cake-production-line\/#breadcrumb"},"inLanguage":"pt-PT","potentialAction":[{"@type":"ReadAction","target":["https:\/\/www.bakeryturnkey.com\/product\/muffin-cake-production-line\/"]}]},{"@type":"ImageObject","inLanguage":"pt-PT","@id":"https:\/\/www.bakeryturnkey.com\/product\/muffin-cake-production-line\/#primaryimage","url":"https:\/\/www.bakeryturnkey.com\/wp-content\/uploads\/2022\/02\/1-14.jpg","contentUrl":"https:\/\/www.bakeryturnkey.com\/wp-content\/uploads\/2022\/02\/1-14.jpg","width":800,"height":800,"caption":"Muffin Cake Production Line"},{"@type":"BreadcrumbList","@id":"https:\/\/www.bakeryturnkey.com\/product\/muffin-cake-production-line\/#breadcrumb","itemListElement":[{"@type":"ListItem","position":1,"name":"Home","item":"https:\/\/www.bakeryturnkey.com\/"},{"@type":"ListItem","position":2,"name":"Products","item":"https:\/\/www.bakeryturnkey.com\/products\/"},{"@type":"ListItem","position":3,"name":"Industrial Muffin Cake Production Line Manufacturer 200KG\/H"}]},{"@type":"WebSite","@id":"https:\/\/www.bakeryturnkey.com\/#website","url":"https:\/\/www.bakeryturnkey.com\/","name":"Bakery Food Processing Equipment Manufacturer","description":"Bakery Food Solutions Provider","publisher":{"@id":"https:\/\/www.bakeryturnkey.com\/#organization"},"potentialAction":[{"@type":"SearchAction","target":{"@type":"EntryPoint","urlTemplate":"https:\/\/www.bakeryturnkey.com\/?s={search_term_string}"},"query-input":{"@type":"PropertyValueSpecification","valueRequired":true,"valueName":"search_term_string"}}],"inLanguage":"pt-PT"},{"@type":"Organization","@id":"https:\/\/www.bakeryturnkey.com\/#organization","name":"Bakery Food Processing Equipment Manufacturer","url":"https:\/\/www.bakeryturnkey.com\/","logo":{"@type":"ImageObject","inLanguage":"pt-PT","@id":"https:\/\/www.bakeryturnkey.com\/#\/schema\/logo\/image\/","url":"https:\/\/www.bakeryturnkey.com\/wp-content\/uploads\/2022\/03\/cropped-13-1.png","contentUrl":"https:\/\/www.bakeryturnkey.com\/wp-content\/uploads\/2022\/03\/cropped-13-1.png","width":512,"height":429,"caption":"Bakery Food Processing Equipment Manufacturer"},"image":{"@id":"https:\/\/www.bakeryturnkey.com\/#\/schema\/logo\/image\/"}},false]}},"yasr_visitor_votes":{"stars_attributes":{"read_only":false,"span_bottom":false},"number_of_votes":0,"sum_votes":0},"_links":{"self":[{"href":"https:\/\/www.bakeryturnkey.com\/pt\/wp-json\/wp\/v2\/product\/2915","targetHints":{"allow":["GET"]}}],"collection":[{"href":"https:\/\/www.bakeryturnkey.com\/pt\/wp-json\/wp\/v2\/product"}],"about":[{"href":"https:\/\/www.bakeryturnkey.com\/pt\/wp-json\/wp\/v2\/types\/product"}],"replies":[{"embeddable":true,"href":"https:\/\/www.bakeryturnkey.com\/pt\/wp-json\/wp\/v2\/comments?post=2915"}],"wp:featuredmedia":[{"embeddable":true,"href":"https:\/\/www.bakeryturnkey.com\/pt\/wp-json\/wp\/v2\/media\/3011"}],"wp:attachment":[{"href":"https:\/\/www.bakeryturnkey.com\/pt\/wp-json\/wp\/v2\/media?parent=2915"}],"wp:term":[{"taxonomy":"product_cat","embeddable":true,"href":"https:\/\/www.bakeryturnkey.com\/pt\/wp-json\/wp\/v2\/product_cat?post=2915"},{"taxonomy":"product_tag","embeddable":true,"href":"https:\/\/www.bakeryturnkey.com\/pt\/wp-json\/wp\/v2\/product_tag?post=2915"}],"curies":[{"name":"wp","href":"https:\/\/api.w.org\/{rel}","templated":true}]}}