{"id":2910,"date":"2022-02-25T14:51:15","date_gmt":"2022-02-25T06:51:15","guid":{"rendered":"https:\/\/www.bakeryturnkey.com\/?post_type=product&#038;p=2910"},"modified":"2022-02-25T15:30:56","modified_gmt":"2022-02-25T07:30:56","slug":"industrial-bakery-tunnel-oven-for-bread","status":"publish","type":"product","link":"https:\/\/www.bakeryturnkey.com\/pt\/produto\/industrial-bakery-tunnel-oven-for-bread\/","title":{"rendered":"Forno T\u00fanel para Panifica\u00e7\u00e3o Industrial SUS para Produ\u00e7\u00e3o de P\u00e3o"},"content":{"rendered":"<h2><strong>Forno de t\u00fanel para padaria Descri\u00e7\u00e3o<\/strong><\/h2>\n<p>O forno de t\u00fanel \u00e9 um equipamento de cozedura em grande escala, que pode cozer p\u00e3o, cupcakes, bolos lunares, biscoitos e outros produtos, com op\u00e7\u00f5es de aquecimento el\u00e9trico e aquecimento a g\u00e1s.<\/p>\n<p>O equipamento pode ser operado com a linha de produ\u00e7\u00e3o, o que poupa m\u00e3o de obra e recursos materiais, e melhora a efici\u00eancia e o rendimento da produ\u00e7\u00e3o de p\u00e3o.<\/p>\n<p><img loading=\"lazy\" decoding=\"async\" class=\"alignnone size-full wp-image-2914\" src=\"https:\/\/www.bakeryturnkey.com\/wp-content\/uploads\/2022\/02\/8-1.jpg\" alt=\"Forno de t\u00fanel para p\u00e3o comercial\" width=\"800\" height=\"800\" srcset=\"https:\/\/www.bakeryturnkey.com\/wp-content\/uploads\/2022\/02\/8-1.jpg 800w, https:\/\/www.bakeryturnkey.com\/wp-content\/uploads\/2022\/02\/8-1-600x600.jpg 600w, https:\/\/www.bakeryturnkey.com\/wp-content\/uploads\/2022\/02\/8-1-100x100.jpg 100w, https:\/\/www.bakeryturnkey.com\/wp-content\/uploads\/2022\/02\/8-1-300x300.jpg 300w, https:\/\/www.bakeryturnkey.com\/wp-content\/uploads\/2022\/02\/8-1-150x150.jpg 150w, https:\/\/www.bakeryturnkey.com\/wp-content\/uploads\/2022\/02\/8-1-768x768.jpg 768w\" sizes=\"auto, (max-width: 800px) 100vw, 800px\" \/><\/p>\n<h2><strong>Desempenho do forno t\u00fanel para p\u00e3o<\/strong><\/h2>\n<p>1. O forno tem um sistema preciso de controlo da temperatura, a chama \u00e9 uniforme e a cor dos produtos cozidos \u00e9 uniforme.<br \/>\n2. Concha de a\u00e7o inoxid\u00e1vel, o forno \u00e9 uma placa aluminizada de qualidade alimentar, e os perfis s\u00e3o todos de padr\u00e3o nacional, que s\u00e3o robustos e dur\u00e1veis, e cumprem os requisitos de higiene alimentar.<br \/>\n3. O forno de t\u00fanel para padaria industrial adopta componentes el\u00e9ctricos de alta qualidade para garantir um desempenho est\u00e1vel, uma qualidade fi\u00e1vel e uma baixa taxa de falhas.<br \/>\n4. A temperatura de cozedura, o tempo, etc. do forno autom\u00e1tico podem ser ajustados de acordo com os diferentes produtos de cozedura.<br \/>\n5. Vasta gama de cozedura, o equipamento \u00e9 adequado para cozer bolos de lua, p\u00e3o, bolos de muffin, torradas, biscoitos e outros alimentos.<\/p>\n<p><img loading=\"lazy\" decoding=\"async\" class=\"alignnone size-full wp-image-2912\" src=\"https:\/\/www.bakeryturnkey.com\/wp-content\/uploads\/2022\/02\/6-1.jpg\" alt=\"Forno de cozer p\u00e3o\" width=\"800\" height=\"470\" srcset=\"https:\/\/www.bakeryturnkey.com\/wp-content\/uploads\/2022\/02\/6-1.jpg 800w, https:\/\/www.bakeryturnkey.com\/wp-content\/uploads\/2022\/02\/6-1-600x353.jpg 600w, https:\/\/www.bakeryturnkey.com\/wp-content\/uploads\/2022\/02\/6-1-300x176.jpg 300w, https:\/\/www.bakeryturnkey.com\/wp-content\/uploads\/2022\/02\/6-1-768x451.jpg 768w\" sizes=\"auto, (max-width: 800px) 100vw, 800px\" \/><\/p>\n<p>6. O forno de t\u00fanel para p\u00e3o adopta material de isolamento espesso e de alta qualidade para reduzir a perda de calor e o consumo de energia.<br \/>\n7. Equipado com dispositivos de prote\u00e7\u00e3o, tais como a prote\u00e7\u00e3o contra press\u00e3o ultra baixa, sistema de dete\u00e7\u00e3o autom\u00e1tica de concentra\u00e7\u00e3o excessiva e sistema de dete\u00e7\u00e3o autom\u00e1tica de extin\u00e7\u00e3o de chamas, o que torna a sua utiliza\u00e7\u00e3o mais segura.<br \/>\n8. O forno de p\u00e3o pode ser equipado com um ecr\u00e3 t\u00e1til de sistema homem-m\u00e1quina inteligente, que \u00e9 intuitivo e simples de operar.<br \/>\n9. A forma mais razo\u00e1vel de reduzir o espa\u00e7o do forno \u00e9 assegurar a velocidade de aquecimento durante a cozedura e reduzir a perda de calor.<br \/>\n10. A zona de temperatura independente e o controlo de velocidade do forno podem ser livremente ajustados de acordo com os requisitos de produ\u00e7\u00e3o.<\/p>\n<h2><strong>O dispositivo do forno de t\u00fanel para p\u00e3o<\/strong><\/h2>\n<p>1. Sistema operativo inteligente para evitar erros de funcionamento.<br \/>\n2. Dete\u00e7\u00e3o autom\u00e1tica, dispositivo de alarme de avarias.<br \/>\n3. Gasoduto, prote\u00e7\u00e3o de seguran\u00e7a m\u00faltipla.<br \/>\n4. Dete\u00e7\u00e3o de chamas, processamento autom\u00e1tico.<br \/>\n5. O forno \u00e9 for\u00e7ado a aspirar o sistema de fornecimento de ar antes da igni\u00e7\u00e3o.<br \/>\n6. Controlo anti-temperatura<\/p>\n<h2><strong>Par\u00e2metros t\u00e9cnicos<\/strong><\/h2>\n<table>\n<tbody>\n<tr>\n<td width=\"284\">Dimens\u00f5es (C*L*A)<\/td>\n<td width=\"284\">21000*2280*2180MM<\/td>\n<\/tr>\n<tr>\n<td width=\"284\">Total de calorias<\/td>\n<td width=\"284\">224280Cal\u00f3rico(kcal\/h)<\/td>\n<\/tr>\n<tr>\n<td width=\"284\">Consumo de ar (consumo de g\u00e1s)<\/td>\n<td width=\"284\">0,9m\u00b3\/m<\/td>\n<\/tr>\n<tr>\n<td width=\"284\">Pot\u00eancia<\/td>\n<td width=\"284\">2HP<\/td>\n<\/tr>\n<tr>\n<td width=\"284\">Tens\u00e3o<\/td>\n<td width=\"284\">380V<\/td>\n<\/tr>\n<tr>\n<td width=\"284\">Tamanho da forma de cozedura<\/td>\n<td width=\"284\">40*60CM<\/td>\n<\/tr>\n<\/tbody>\n<\/table>\n<div style='text-align:left' class='yasr-auto-insert-visitor'><\/div>","protected":false},"excerpt":{"rendered":"<p>\u00c9 um equipamento de cozedura em grande escala com carater\u00edsticas de elevado grau de automatiza\u00e7\u00e3o, elevada efici\u00eancia e ampla gama de cozedura.<\/p>","protected":false},"featured_media":2927,"comment_status":"open","ping_status":"closed","template":"","meta":{"site-sidebar-layout":"default","site-content-layout":"default","ast-main-header-display":"","ast-hfb-above-header-display":"","ast-hfb-below-header-display":"","ast-hfb-mobile-header-display":"","site-post-title":"","ast-breadcrumbs-content":"","ast-featured-img":"","footer-sml-layout":"","theme-transparent-header-meta":"","adv-header-id-meta":"","stick-header-meta":"","header-above-stick-meta":"","header-main-stick-meta":"","header-below-stick-meta":"","yasr_overall_rating":0,"yasr_post_is_review":"","yasr_auto_insert_disabled":"","yasr_review_type":""},"product_cat":[27],"product_tag":[],"class_list":["post-2910","product","type-product","status-publish","has-post-thumbnail","hentry","product_cat-bread-machinery"],"yoast_head":"<!-- This site is optimized with the Yoast SEO plugin v27.5 - https:\/\/yoast.com\/product\/yoast-seo-wordpress\/ -->\n<title>SUS Industrial Bakery Tunnel Oven for Bread Production - Bakery Food Processing Equipment Manufacturer<\/title>\n<meta name=\"description\" content=\"Tunnel oven is a large-scale baking equipment, which can be used for baking various baking products such as bread, chiffon cake, cupcake, etc.\" \/>\n<meta name=\"robots\" content=\"index, follow, max-snippet:-1, max-image-preview:large, max-video-preview:-1\" \/>\n<link rel=\"canonical\" href=\"https:\/\/www.bakeryturnkey.com\/pt\/produto\/industrial-bakery-tunnel-oven-for-bread\/\" \/>\n<meta property=\"og:locale\" content=\"pt_PT\" \/>\n<meta property=\"og:type\" content=\"article\" \/>\n<meta property=\"og:title\" content=\"SUS Industrial Bakery Tunnel Oven for Bread Production - Bakery Food Processing Equipment Manufacturer\" \/>\n<meta property=\"og:description\" content=\"Tunnel oven is a large-scale baking equipment, which can be used for baking various baking products such as bread, chiffon cake, cupcake, etc.\" \/>\n<meta property=\"og:url\" content=\"https:\/\/www.bakeryturnkey.com\/pt\/produto\/industrial-bakery-tunnel-oven-for-bread\/\" \/>\n<meta property=\"og:site_name\" content=\"Bakery Food Processing Equipment Manufacturer\" \/>\n<meta property=\"article:modified_time\" content=\"2022-02-25T07:30:56+00:00\" \/>\n<meta property=\"og:image\" content=\"https:\/\/www.bakeryturnkey.com\/wp-content\/uploads\/2022\/02\/7-7.jpg\" \/>\n\t<meta property=\"og:image:width\" content=\"800\" \/>\n\t<meta property=\"og:image:height\" content=\"800\" \/>\n\t<meta property=\"og:image:type\" content=\"image\/jpeg\" \/>\n<meta name=\"twitter:card\" content=\"summary_large_image\" \/>\n<meta name=\"twitter:label1\" content=\"Tempo estimado de leitura\" \/>\n\t<meta name=\"twitter:data1\" content=\"2 minutos\" \/>\n<script type=\"application\/ld+json\" class=\"yoast-schema-graph\">{\"@context\":\"https:\\\/\\\/schema.org\",\"@graph\":[{\"@type\":\"WebPage\",\"@id\":\"https:\\\/\\\/www.bakeryturnkey.com\\\/product\\\/industrial-bakery-tunnel-oven-for-bread\\\/\",\"url\":\"https:\\\/\\\/www.bakeryturnkey.com\\\/product\\\/industrial-bakery-tunnel-oven-for-bread\\\/\",\"name\":\"SUS Industrial Bakery Tunnel Oven for Bread Production - Bakery Food Processing Equipment Manufacturer\",\"isPartOf\":{\"@id\":\"https:\\\/\\\/www.bakeryturnkey.com\\\/#website\"},\"primaryImageOfPage\":{\"@id\":\"https:\\\/\\\/www.bakeryturnkey.com\\\/product\\\/industrial-bakery-tunnel-oven-for-bread\\\/#primaryimage\"},\"image\":{\"@id\":\"https:\\\/\\\/www.bakeryturnkey.com\\\/product\\\/industrial-bakery-tunnel-oven-for-bread\\\/#primaryimage\"},\"thumbnailUrl\":\"https:\\\/\\\/www.bakeryturnkey.com\\\/wp-content\\\/uploads\\\/2022\\\/02\\\/7-7.jpg\",\"datePublished\":\"2022-02-25T06:51:15+00:00\",\"dateModified\":\"2022-02-25T07:30:56+00:00\",\"description\":\"Tunnel oven is a large-scale baking equipment, which can be used for baking various baking products such as bread, chiffon cake, cupcake, etc.\",\"breadcrumb\":{\"@id\":\"https:\\\/\\\/www.bakeryturnkey.com\\\/product\\\/industrial-bakery-tunnel-oven-for-bread\\\/#breadcrumb\"},\"inLanguage\":\"pt-PT\",\"potentialAction\":[{\"@type\":\"ReadAction\",\"target\":[\"https:\\\/\\\/www.bakeryturnkey.com\\\/product\\\/industrial-bakery-tunnel-oven-for-bread\\\/\"]}]},{\"@type\":\"ImageObject\",\"inLanguage\":\"pt-PT\",\"@id\":\"https:\\\/\\\/www.bakeryturnkey.com\\\/product\\\/industrial-bakery-tunnel-oven-for-bread\\\/#primaryimage\",\"url\":\"https:\\\/\\\/www.bakeryturnkey.com\\\/wp-content\\\/uploads\\\/2022\\\/02\\\/7-7.jpg\",\"contentUrl\":\"https:\\\/\\\/www.bakeryturnkey.com\\\/wp-content\\\/uploads\\\/2022\\\/02\\\/7-7.jpg\",\"width\":800,\"height\":800},{\"@type\":\"BreadcrumbList\",\"@id\":\"https:\\\/\\\/www.bakeryturnkey.com\\\/product\\\/industrial-bakery-tunnel-oven-for-bread\\\/#breadcrumb\",\"itemListElement\":[{\"@type\":\"ListItem\",\"position\":1,\"name\":\"Home\",\"item\":\"https:\\\/\\\/www.bakeryturnkey.com\\\/\"},{\"@type\":\"ListItem\",\"position\":2,\"name\":\"Products\",\"item\":\"https:\\\/\\\/www.bakeryturnkey.com\\\/products\\\/\"},{\"@type\":\"ListItem\",\"position\":3,\"name\":\"SUS Industrial Bakery Tunnel Oven for Bread Production\"}]},{\"@type\":\"WebSite\",\"@id\":\"https:\\\/\\\/www.bakeryturnkey.com\\\/#website\",\"url\":\"https:\\\/\\\/www.bakeryturnkey.com\\\/\",\"name\":\"Bakery Food Processing Equipment Manufacturer\",\"description\":\"Bakery Food Solutions Provider\",\"publisher\":{\"@id\":\"https:\\\/\\\/www.bakeryturnkey.com\\\/#organization\"},\"potentialAction\":[{\"@type\":\"SearchAction\",\"target\":{\"@type\":\"EntryPoint\",\"urlTemplate\":\"https:\\\/\\\/www.bakeryturnkey.com\\\/?s={search_term_string}\"},\"query-input\":{\"@type\":\"PropertyValueSpecification\",\"valueRequired\":true,\"valueName\":\"search_term_string\"}}],\"inLanguage\":\"pt-PT\"},{\"@type\":\"Organization\",\"@id\":\"https:\\\/\\\/www.bakeryturnkey.com\\\/#organization\",\"name\":\"Bakery Food Processing Equipment Manufacturer\",\"url\":\"https:\\\/\\\/www.bakeryturnkey.com\\\/\",\"logo\":{\"@type\":\"ImageObject\",\"inLanguage\":\"pt-PT\",\"@id\":\"https:\\\/\\\/www.bakeryturnkey.com\\\/#\\\/schema\\\/logo\\\/image\\\/\",\"url\":\"https:\\\/\\\/www.bakeryturnkey.com\\\/wp-content\\\/uploads\\\/2022\\\/03\\\/cropped-13-1.png\",\"contentUrl\":\"https:\\\/\\\/www.bakeryturnkey.com\\\/wp-content\\\/uploads\\\/2022\\\/03\\\/cropped-13-1.png\",\"width\":512,\"height\":429,\"caption\":\"Bakery Food Processing Equipment Manufacturer\"},\"image\":{\"@id\":\"https:\\\/\\\/www.bakeryturnkey.com\\\/#\\\/schema\\\/logo\\\/image\\\/\"}},false]}<\/script>\n<!-- \/ Yoast SEO plugin. -->","yoast_head_json":{"title":"SUS Industrial Bakery Tunnel Oven for Bread Production - Bakery Food Processing Equipment Manufacturer","description":"Tunnel oven is a large-scale baking equipment, which can be used for baking various baking products such as bread, chiffon cake, cupcake, etc.","robots":{"index":"index","follow":"follow","max-snippet":"max-snippet:-1","max-image-preview":"max-image-preview:large","max-video-preview":"max-video-preview:-1"},"canonical":"https:\/\/www.bakeryturnkey.com\/pt\/produto\/industrial-bakery-tunnel-oven-for-bread\/","og_locale":"pt_PT","og_type":"article","og_title":"SUS Industrial Bakery Tunnel Oven for Bread Production - Bakery Food Processing Equipment Manufacturer","og_description":"Tunnel oven is a large-scale baking equipment, which can be used for baking various baking products such as bread, chiffon cake, cupcake, etc.","og_url":"https:\/\/www.bakeryturnkey.com\/pt\/produto\/industrial-bakery-tunnel-oven-for-bread\/","og_site_name":"Bakery Food Processing Equipment Manufacturer","article_modified_time":"2022-02-25T07:30:56+00:00","og_image":[{"width":800,"height":800,"url":"https:\/\/www.bakeryturnkey.com\/wp-content\/uploads\/2022\/02\/7-7.jpg","type":"image\/jpeg"}],"twitter_card":"summary_large_image","twitter_misc":{"Tempo estimado de leitura":"2 minutos"},"schema":{"@context":"https:\/\/schema.org","@graph":[{"@type":"WebPage","@id":"https:\/\/www.bakeryturnkey.com\/product\/industrial-bakery-tunnel-oven-for-bread\/","url":"https:\/\/www.bakeryturnkey.com\/product\/industrial-bakery-tunnel-oven-for-bread\/","name":"SUS Industrial Bakery Tunnel Oven for Bread Production - Bakery Food Processing Equipment Manufacturer","isPartOf":{"@id":"https:\/\/www.bakeryturnkey.com\/#website"},"primaryImageOfPage":{"@id":"https:\/\/www.bakeryturnkey.com\/product\/industrial-bakery-tunnel-oven-for-bread\/#primaryimage"},"image":{"@id":"https:\/\/www.bakeryturnkey.com\/product\/industrial-bakery-tunnel-oven-for-bread\/#primaryimage"},"thumbnailUrl":"https:\/\/www.bakeryturnkey.com\/wp-content\/uploads\/2022\/02\/7-7.jpg","datePublished":"2022-02-25T06:51:15+00:00","dateModified":"2022-02-25T07:30:56+00:00","description":"Tunnel oven is a large-scale baking equipment, which can be used for baking various baking products such as bread, chiffon cake, cupcake, etc.","breadcrumb":{"@id":"https:\/\/www.bakeryturnkey.com\/product\/industrial-bakery-tunnel-oven-for-bread\/#breadcrumb"},"inLanguage":"pt-PT","potentialAction":[{"@type":"ReadAction","target":["https:\/\/www.bakeryturnkey.com\/product\/industrial-bakery-tunnel-oven-for-bread\/"]}]},{"@type":"ImageObject","inLanguage":"pt-PT","@id":"https:\/\/www.bakeryturnkey.com\/product\/industrial-bakery-tunnel-oven-for-bread\/#primaryimage","url":"https:\/\/www.bakeryturnkey.com\/wp-content\/uploads\/2022\/02\/7-7.jpg","contentUrl":"https:\/\/www.bakeryturnkey.com\/wp-content\/uploads\/2022\/02\/7-7.jpg","width":800,"height":800},{"@type":"BreadcrumbList","@id":"https:\/\/www.bakeryturnkey.com\/product\/industrial-bakery-tunnel-oven-for-bread\/#breadcrumb","itemListElement":[{"@type":"ListItem","position":1,"name":"Home","item":"https:\/\/www.bakeryturnkey.com\/"},{"@type":"ListItem","position":2,"name":"Products","item":"https:\/\/www.bakeryturnkey.com\/products\/"},{"@type":"ListItem","position":3,"name":"SUS Industrial Bakery Tunnel Oven for Bread Production"}]},{"@type":"WebSite","@id":"https:\/\/www.bakeryturnkey.com\/#website","url":"https:\/\/www.bakeryturnkey.com\/","name":"Bakery Food Processing Equipment Manufacturer","description":"Bakery Food Solutions Provider","publisher":{"@id":"https:\/\/www.bakeryturnkey.com\/#organization"},"potentialAction":[{"@type":"SearchAction","target":{"@type":"EntryPoint","urlTemplate":"https:\/\/www.bakeryturnkey.com\/?s={search_term_string}"},"query-input":{"@type":"PropertyValueSpecification","valueRequired":true,"valueName":"search_term_string"}}],"inLanguage":"pt-PT"},{"@type":"Organization","@id":"https:\/\/www.bakeryturnkey.com\/#organization","name":"Bakery Food Processing Equipment Manufacturer","url":"https:\/\/www.bakeryturnkey.com\/","logo":{"@type":"ImageObject","inLanguage":"pt-PT","@id":"https:\/\/www.bakeryturnkey.com\/#\/schema\/logo\/image\/","url":"https:\/\/www.bakeryturnkey.com\/wp-content\/uploads\/2022\/03\/cropped-13-1.png","contentUrl":"https:\/\/www.bakeryturnkey.com\/wp-content\/uploads\/2022\/03\/cropped-13-1.png","width":512,"height":429,"caption":"Bakery Food Processing Equipment Manufacturer"},"image":{"@id":"https:\/\/www.bakeryturnkey.com\/#\/schema\/logo\/image\/"}},false]}},"yasr_visitor_votes":{"stars_attributes":{"read_only":false,"span_bottom":false},"number_of_votes":0,"sum_votes":0},"_links":{"self":[{"href":"https:\/\/www.bakeryturnkey.com\/pt\/wp-json\/wp\/v2\/product\/2910","targetHints":{"allow":["GET"]}}],"collection":[{"href":"https:\/\/www.bakeryturnkey.com\/pt\/wp-json\/wp\/v2\/product"}],"about":[{"href":"https:\/\/www.bakeryturnkey.com\/pt\/wp-json\/wp\/v2\/types\/product"}],"replies":[{"embeddable":true,"href":"https:\/\/www.bakeryturnkey.com\/pt\/wp-json\/wp\/v2\/comments?post=2910"}],"wp:featuredmedia":[{"embeddable":true,"href":"https:\/\/www.bakeryturnkey.com\/pt\/wp-json\/wp\/v2\/media\/2927"}],"wp:attachment":[{"href":"https:\/\/www.bakeryturnkey.com\/pt\/wp-json\/wp\/v2\/media?parent=2910"}],"wp:term":[{"taxonomy":"product_cat","embeddable":true,"href":"https:\/\/www.bakeryturnkey.com\/pt\/wp-json\/wp\/v2\/product_cat?post=2910"},{"taxonomy":"product_tag","embeddable":true,"href":"https:\/\/www.bakeryturnkey.com\/pt\/wp-json\/wp\/v2\/product_tag?post=2910"}],"curies":[{"name":"wp","href":"https:\/\/api.w.org\/{rel}","templated":true}]}}