{"id":2901,"date":"2022-02-24T15:23:51","date_gmt":"2022-02-24T07:23:51","guid":{"rendered":"https:\/\/www.bakeryturnkey.com\/?post_type=product&#038;p=2901"},"modified":"2022-03-22T20:01:03","modified_gmt":"2022-03-22T12:01:03","slug":"mooncake-arranging-machine","status":"publish","type":"product","link":"https:\/\/www.bakeryturnkey.com\/pt\/produto\/mooncake-arranging-machine\/","title":{"rendered":"M\u00e1quina de Arranjo de Tabuleiro de Bolo Lunar de Alta Velocidade 10-250pcs\/min"},"content":{"rendered":"<h2><strong>Introdu\u00e7\u00e3o da m\u00e1quina de fazer bolos lunares<\/strong><\/h2>\n<p>A m\u00e1quina autom\u00e1tica de disposi\u00e7\u00e3o de tabuleiros para bolos lunares \u00e9 adequada para empresas alimentares de produ\u00e7\u00e3o em grande escala e pode dispor os bolos lunares no prato de uma forma ordenada de acordo com as necessidades do utilizador.<\/p>\n<p>Isto evita danos manuais ou a contamina\u00e7\u00e3o dos alimentos antes de serem cozinhados para cumprir as normas de higiene alimentar. O n\u00famero e o di\u00e2metro do ecr\u00e3 podem ser livremente modificados.<\/p>\n<p><img loading=\"lazy\" decoding=\"async\" class=\"alignnone size-full wp-image-2904\" src=\"https:\/\/www.bakeryturnkey.com\/wp-content\/uploads\/2022\/02\/3-5.jpg\" alt=\"M\u00e1quina de fazer bolos lunares\" width=\"800\" height=\"800\" srcset=\"https:\/\/www.bakeryturnkey.com\/wp-content\/uploads\/2022\/02\/3-5.jpg 800w, https:\/\/www.bakeryturnkey.com\/wp-content\/uploads\/2022\/02\/3-5-600x600.jpg 600w, https:\/\/www.bakeryturnkey.com\/wp-content\/uploads\/2022\/02\/3-5-100x100.jpg 100w, https:\/\/www.bakeryturnkey.com\/wp-content\/uploads\/2022\/02\/3-5-300x300.jpg 300w, https:\/\/www.bakeryturnkey.com\/wp-content\/uploads\/2022\/02\/3-5-150x150.jpg 150w, https:\/\/www.bakeryturnkey.com\/wp-content\/uploads\/2022\/02\/3-5-768x768.jpg 768w\" sizes=\"auto, (max-width: 800px) 100vw, 800px\" \/><\/p>\n<h2><strong>Caracteres da m\u00e1quina de disposi\u00e7\u00e3o de tabuleiros de bolos de lua<\/strong><\/h2>\n<ul>\n<li>Todas as pe\u00e7as em contacto com os alimentos s\u00e3o feitas de a\u00e7o inoxid\u00e1vel e materiais de qualidade alimentar, que n\u00e3o s\u00f3 s\u00e3o higi\u00e9nicos e seguros, como tamb\u00e9m amigos do ambiente.<\/li>\n<li>A m\u00e1quina de fazer bolos lunares utiliza o sistema de controlo Mitsubishi, opera\u00e7\u00e3o de servo duplo, utilizando a fotoel\u00e9ctrica original alem\u00e3 SICK, a velocidade de funcionamento pode atingir 10-250 pe\u00e7as por minuto.<\/li>\n<li>Toda a m\u00e1quina est\u00e1 equipada com um conjunto completo de sistema de controlo el\u00e9trico (program\u00e1vel, painel de controlo de ecr\u00e3 t\u00e1til) e dispositivo de dete\u00e7\u00e3o fotoel\u00e9ctrica Omron.<\/li>\n<li>As especifica\u00e7\u00f5es da assadeira s\u00e3o 400*600, 400*720, 460*720, 600\u00d7800, etc. As especifica\u00e7\u00f5es s\u00e3o completas, e especifica\u00e7\u00f5es especiais tamb\u00e9m podem ser personalizadas.<\/li>\n<li>O sistema de controlo da m\u00e1quina de arranjos tem a sua pr\u00f3pria fun\u00e7\u00e3o de mem\u00f3ria, que pode memorizar os par\u00e2metros de configura\u00e7\u00e3o de diferentes produtos. Pode ser utilizado diretamente quando \u00e9 produzido, o que \u00e9 conveniente e r\u00e1pido.<\/li>\n<\/ul>\n<h2>Produtos aplic\u00e1veis<\/h2>\n<p>Esta m\u00e1quina de fazer arranjos comerciais \u00e9 adequada para bolos lunares, cascas de tartes de ovos, p\u00e3es, bolinhos, muffins de carne, bolos de esposa, bolos de feij\u00e3o mungo, p\u00e3ezinhos cozidos a vapor e outros produtos de pastelaria de p\u00e3es e bolos.<\/p>\n<p><img loading=\"lazy\" decoding=\"async\" class=\"alignnone size-full wp-image-2905\" src=\"https:\/\/www.bakeryturnkey.com\/wp-content\/uploads\/2022\/02\/4-4.jpg\" alt=\"M\u00e1quina de arranjar tabuleiros de bolos de lua\" width=\"800\" height=\"800\" srcset=\"https:\/\/www.bakeryturnkey.com\/wp-content\/uploads\/2022\/02\/4-4.jpg 800w, https:\/\/www.bakeryturnkey.com\/wp-content\/uploads\/2022\/02\/4-4-600x600.jpg 600w, https:\/\/www.bakeryturnkey.com\/wp-content\/uploads\/2022\/02\/4-4-100x100.jpg 100w, https:\/\/www.bakeryturnkey.com\/wp-content\/uploads\/2022\/02\/4-4-300x300.jpg 300w, https:\/\/www.bakeryturnkey.com\/wp-content\/uploads\/2022\/02\/4-4-150x150.jpg 150w, https:\/\/www.bakeryturnkey.com\/wp-content\/uploads\/2022\/02\/4-4-768x768.jpg 768w\" sizes=\"auto, (max-width: 800px) 100vw, 800px\" \/><\/p>\n<h2>Vantagens da m\u00e1quina Arrange<\/h2>\n<ol>\n<li>\u00a0Todo o equipamento tem um aspeto limpo e bonito, \u00e9 est\u00e1vel e dur\u00e1vel, e tem uma longa vida \u00fatil.<\/li>\n<li>\u00a0Esta m\u00e1quina de arrnage de bandeja de bolo de lua tem um alto grau de automa\u00e7\u00e3o, alta efici\u00eancia e velocidade r\u00e1pida.<\/li>\n<li>\u00a0O sistema operacional humanizado \u00e9 simples e f\u00e1cil de entender; pode ser combinado com a m\u00e1quina de enchimento e a m\u00e1quina formadora para formar uma linha de produ\u00e7\u00e3o de bolo lunar totalmente autom\u00e1tica.<\/li>\n<li>\u00a0A m\u00e1quina de arranjo pode aumentar a produ\u00e7\u00e3o do produto, melhorar a qualidade do produto, poupar trabalho e reduzir os custos de produ\u00e7\u00e3o.<\/li>\n<li>\u00a0A m\u00e1quina de fazer bolos lunares traz bons benef\u00edcios econ\u00f3micos para as empresas e \u00e9 adequada para grandes, m\u00e9dios e pequenos fabricantes de bolos lunares.<\/li>\n<\/ol>\n<p>&nbsp;<\/p>\n<h2><strong>Par\u00e2metros t\u00e9cnicos<\/strong><\/h2>\n<table style=\"border-collapse: collapse; width: 402.02pt;\" border=\"0\" width=\"536\" cellspacing=\"0\" cellpadding=\"0\">\n<tbody>\n<tr style=\"height: 16.25pt;\">\n<td class=\"et2\" style=\"height: 16.25pt; width: 228.75pt;\" width=\"305\" height=\"21\">Modelo<\/td>\n<td class=\"et2\" style=\"width: 173.25pt;\" width=\"231\">GG150<\/td>\n<\/tr>\n<tr style=\"height: 16.25pt;\">\n<td class=\"et2\" style=\"height: 16.25pt; width: 228.75pt;\" width=\"305\" height=\"21\">Tens\u00e3o<\/td>\n<td class=\"et2\" style=\"width: 173.25pt;\" width=\"231\">220v 50hz 1 fase<\/td>\n<\/tr>\n<tr style=\"height: 16.25pt;\">\n<td class=\"et2\" style=\"height: 16.25pt; width: 228.75pt;\" width=\"305\" height=\"21\">Pot\u00eancia<\/td>\n<td class=\"et2\" style=\"width: 173.25pt;\" width=\"231\">2,1kw<\/td>\n<\/tr>\n<tr style=\"height: 16.25pt;\">\n<td class=\"et2\" style=\"height: 16.25pt; width: 228.75pt;\" width=\"305\" height=\"21\">Tamanho da placa<\/td>\n<td class=\"et2\" style=\"width: 173.25pt;\" width=\"231\">400*600mm<\/td>\n<\/tr>\n<tr style=\"height: 16.25pt;\">\n<td class=\"et2\" style=\"height: 16.25pt; width: 228.75pt;\" width=\"305\" height=\"21\">Capacidade<\/td>\n<td class=\"et2\" style=\"width: 173.25pt;\" width=\"231\">10-250pcs\/min, 12Camadas<\/td>\n<\/tr>\n<tr style=\"height: 16.25pt;\">\n<td class=\"et2\" style=\"height: 16.25pt; width: 228.75pt;\" width=\"305\" height=\"21\">Dimens\u00e3o<\/td>\n<td class=\"et2\" style=\"width: 173.25pt;\" width=\"231\">1850*1500*1620mm<\/td>\n<\/tr>\n<tr style=\"height: 16.25pt;\">\n<td class=\"et3\" style=\"height: 16.25pt;\" height=\"21\">Peso<\/td>\n<td class=\"et3\">650 kg<\/td>\n<\/tr>\n<\/tbody>\n<\/table>\n<h3><strong>Deixe o seu pedido de or\u00e7amento<\/strong><\/h3>\n\n<div class=\"wpcf7 no-js\" id=\"wpcf7-f2977-o1\" lang=\"en-US\" dir=\"ltr\">\n<div class=\"screen-reader-response\"><p role=\"status\" aria-live=\"polite\" aria-atomic=\"true\"><\/p> <ul><\/ul><\/div>\n<form action=\"\/pt\/wp-json\/wp\/v2\/product\/2901#wpcf7-f2977-o1\" method=\"post\" class=\"wpcf7-form init\" aria-label=\"Formul\u00e1rio de contacto\" novalidate=\"novalidate\" data-status=\"init\" data-trp-original-action=\"\/pt\/wp-json\/wp\/v2\/product\/2901#wpcf7-f2977-o1\">\n<div style=\"display: none;\">\n<input type=\"hidden\" name=\"_wpcf7\" value=\"2977\" \/>\n<input type=\"hidden\" name=\"_wpcf7_version\" value=\"5.7.7\" \/>\n<input type=\"hidden\" name=\"_wpcf7_locale\" value=\"en_US\" \/>\n<input type=\"hidden\" name=\"_wpcf7_unit_tag\" value=\"wpcf7-f2977-o1\" \/>\n<input type=\"hidden\" name=\"_wpcf7_container_post\" value=\"0\" \/>\n<input type=\"hidden\" name=\"_wpcf7_posted_data_hash\" value=\"\" \/>\n<\/div>\n<p><label> O seu nome*<br \/>\n<span class=\"wpcf7-form-control-wrap\" data-name=\"your-name\"><input size=\"40\" class=\"wpcf7-form-control wpcf7-text wpcf7-validates-as-required\" aria-required=\"true\" aria-invalid=\"false\" value=\"\" type=\"text\" name=\"your-name\" \/><\/span> <\/label>\n<\/p>\n<p><label> O seu pa\u00eds<br \/>\n<span class=\"wpcf7-form-control-wrap\" data-name=\"your-country\"><input size=\"40\" class=\"wpcf7-form-control wpcf7-text\" aria-invalid=\"false\" value=\"\" type=\"text\" name=\"your-country\" \/><\/span><\/label>\n<\/p>\n<p><label> O seu e-mail*<br \/>\n<span class=\"wpcf7-form-control-wrap\" data-name=\"your-email\"><input size=\"40\" class=\"wpcf7-form-control wpcf7-text wpcf7-email wpcf7-validates-as-required wpcf7-validates-as-email\" aria-required=\"true\" aria-invalid=\"false\" value=\"\" type=\"email\" name=\"your-email\" \/><\/span> <\/label>\n<\/p>\n<p><label> O seu telem\u00f3vel<br \/>\n<span class=\"wpcf7-form-control-wrap\" data-name=\"your-phone\"><input size=\"40\" class=\"wpcf7-form-control wpcf7-text\" aria-invalid=\"false\" value=\"\" type=\"text\" name=\"your-phone\" \/><\/span> <\/label>\n<\/p>\n<p><label> Nome da empresa<br \/>\n<span class=\"wpcf7-form-control-wrap\" data-name=\"text-529\"><input size=\"40\" class=\"wpcf7-form-control wpcf7-text\" aria-invalid=\"false\" value=\"\" type=\"text\" name=\"text-529\" \/><\/span> <\/label>\n<\/p>\n<p><label> S\u00edtio Web da empresa<br \/>\n<span class=\"wpcf7-form-control-wrap\" data-name=\"text-106\"><input size=\"40\" class=\"wpcf7-form-control wpcf7-text\" aria-invalid=\"false\" value=\"\" type=\"text\" name=\"text-106\" \/><\/span> <\/label>\n<\/p>\n<p><label> A sua mensagem*<br \/>\n<span class=\"wpcf7-form-control-wrap\" data-name=\"your-message\"><textarea cols=\"40\" rows=\"10\" class=\"wpcf7-form-control wpcf7-textarea wpcf7-validates-as-required\" aria-required=\"true\" aria-invalid=\"false\" name=\"your-message\"><\/textarea><\/span> <\/label>\n<\/p>\n<p><input class=\"wpcf7-form-control has-spinner wpcf7-submit\" type=\"submit\" value=\"Enviar\" \/>\n<\/p><p style=\"display: none !important;\" class=\"akismet-fields-container\" data-prefix=\"_wpcf7_ak_\"><label>&#916;<textarea name=\"_wpcf7_ak_hp_textarea\" cols=\"45\" rows=\"8\" maxlength=\"100\"><\/textarea><\/label><input type=\"hidden\" id=\"ak_js_1\" name=\"_wpcf7_ak_js\" value=\"13\"\/><script>document.getElementById( \"ak_js_1\" ).setAttribute( \"value\", ( new Date() ).getTime() );<\/script><\/p><div class=\"wpcf7-response-output\" aria-hidden=\"true\"><\/div>\n<input type=\"hidden\" name=\"trp-form-language\" value=\"pt\"\/><\/form>\n<\/div>\n\n<div style='text-align:left' class='yasr-auto-insert-visitor'><\/div>","protected":false},"excerpt":{"rendered":"<p>Introdu\u00e7\u00e3o da M\u00e1quina de Arranjo de Bolo Lunar A m\u00e1quina autom\u00e1tica de arranjo de tabuleiro de bolo lunar \u00e9 adequada para empresas de produ\u00e7\u00e3o de alimentos em grande escala, e pode organizar os bolos lunares no prato de forma ordenada de acordo com as necessidades do utilizador. Isso evita danos manuais ou contamina\u00e7\u00e3o dos alimentos antes de serem cozidos para atender a higiene alimentar ...<\/p>\n<p class=\"read-more\"> <a class=\"\" href=\"https:\/\/www.bakeryturnkey.com\/pt\/produto\/mooncake-arranging-machine\/\"> <span class=\"screen-reader-text\">M\u00e1quina de Arranjo de Tabuleiro de Bolo Lunar de Alta Velocidade 10-250pcs\/min<\/span> Ler mais \"<\/a><\/p>","protected":false},"featured_media":3012,"comment_status":"open","ping_status":"closed","template":"","meta":{"site-sidebar-layout":"default","site-content-layout":"default","ast-main-header-display":"","ast-hfb-above-header-display":"","ast-hfb-below-header-display":"","ast-hfb-mobile-header-display":"","site-post-title":"","ast-breadcrumbs-content":"","ast-featured-img":"","footer-sml-layout":"","theme-transparent-header-meta":"","adv-header-id-meta":"","stick-header-meta":"","header-above-stick-meta":"","header-main-stick-meta":"","header-below-stick-meta":"","yasr_overall_rating":0,"yasr_post_is_review":"","yasr_auto_insert_disabled":"","yasr_review_type":""},"product_cat":[33],"product_tag":[],"class_list":["post-2901","product","type-product","status-publish","has-post-thumbnail","hentry","product_cat-mooncake-machinery"],"yoast_head":"<!-- This site is optimized with the Yoast SEO plugin v27.5 - https:\/\/yoast.com\/product\/yoast-seo-wordpress\/ -->\n<title>High Speed Moon Cake Tray Arranging Machine 10-250pcs\/min<\/title>\n<meta name=\"description\" content=\"The moon cake arranging machine is suitable for bread, mooncakes, tarts, etc. With a high degree of automation, high efficiency and fast speed.\" \/>\n<meta name=\"robots\" content=\"index, follow, max-snippet:-1, max-image-preview:large, max-video-preview:-1\" \/>\n<link rel=\"canonical\" href=\"https:\/\/www.bakeryturnkey.com\/pt\/produto\/mooncake-arranging-machine\/\" \/>\n<meta property=\"og:locale\" content=\"pt_PT\" \/>\n<meta property=\"og:type\" content=\"article\" \/>\n<meta property=\"og:title\" content=\"High Speed Moon Cake Tray Arranging Machine 10-250pcs\/min\" \/>\n<meta property=\"og:description\" content=\"The moon cake arranging machine is suitable for bread, mooncakes, tarts, etc. With a high degree of automation, high efficiency and fast speed.\" \/>\n<meta property=\"og:url\" content=\"https:\/\/www.bakeryturnkey.com\/pt\/produto\/mooncake-arranging-machine\/\" \/>\n<meta property=\"og:site_name\" content=\"Bakery Food Processing Equipment Manufacturer\" \/>\n<meta property=\"article:modified_time\" content=\"2022-03-22T12:01:03+00:00\" \/>\n<meta property=\"og:image\" content=\"https:\/\/www.bakeryturnkey.com\/wp-content\/uploads\/2022\/02\/5-5.jpg\" \/>\n\t<meta property=\"og:image:width\" content=\"800\" \/>\n\t<meta property=\"og:image:height\" content=\"800\" \/>\n\t<meta property=\"og:image:type\" content=\"image\/jpeg\" \/>\n<meta name=\"twitter:card\" content=\"summary_large_image\" \/>\n<meta name=\"twitter:label1\" content=\"Tempo estimado de leitura\" \/>\n\t<meta name=\"twitter:data1\" content=\"3 minutos\" \/>\n<script type=\"application\/ld+json\" class=\"yoast-schema-graph\">{\"@context\":\"https:\\\/\\\/schema.org\",\"@graph\":[{\"@type\":\"WebPage\",\"@id\":\"https:\\\/\\\/www.bakeryturnkey.com\\\/product\\\/mooncake-arranging-machine\\\/\",\"url\":\"https:\\\/\\\/www.bakeryturnkey.com\\\/product\\\/mooncake-arranging-machine\\\/\",\"name\":\"High Speed Moon Cake Tray Arranging Machine 10-250pcs\\\/min\",\"isPartOf\":{\"@id\":\"https:\\\/\\\/www.bakeryturnkey.com\\\/#website\"},\"primaryImageOfPage\":{\"@id\":\"https:\\\/\\\/www.bakeryturnkey.com\\\/product\\\/mooncake-arranging-machine\\\/#primaryimage\"},\"image\":{\"@id\":\"https:\\\/\\\/www.bakeryturnkey.com\\\/product\\\/mooncake-arranging-machine\\\/#primaryimage\"},\"thumbnailUrl\":\"https:\\\/\\\/www.bakeryturnkey.com\\\/wp-content\\\/uploads\\\/2022\\\/02\\\/5-5.jpg\",\"datePublished\":\"2022-02-24T07:23:51+00:00\",\"dateModified\":\"2022-03-22T12:01:03+00:00\",\"description\":\"The moon cake arranging machine is suitable for bread, mooncakes, tarts, etc. With a high degree of automation, high efficiency and fast speed.\",\"breadcrumb\":{\"@id\":\"https:\\\/\\\/www.bakeryturnkey.com\\\/product\\\/mooncake-arranging-machine\\\/#breadcrumb\"},\"inLanguage\":\"pt-PT\",\"potentialAction\":[{\"@type\":\"ReadAction\",\"target\":[\"https:\\\/\\\/www.bakeryturnkey.com\\\/product\\\/mooncake-arranging-machine\\\/\"]}]},{\"@type\":\"ImageObject\",\"inLanguage\":\"pt-PT\",\"@id\":\"https:\\\/\\\/www.bakeryturnkey.com\\\/product\\\/mooncake-arranging-machine\\\/#primaryimage\",\"url\":\"https:\\\/\\\/www.bakeryturnkey.com\\\/wp-content\\\/uploads\\\/2022\\\/02\\\/5-5.jpg\",\"contentUrl\":\"https:\\\/\\\/www.bakeryturnkey.com\\\/wp-content\\\/uploads\\\/2022\\\/02\\\/5-5.jpg\",\"width\":800,\"height\":800,\"caption\":\"Mooncake Arranging Machine\"},{\"@type\":\"BreadcrumbList\",\"@id\":\"https:\\\/\\\/www.bakeryturnkey.com\\\/product\\\/mooncake-arranging-machine\\\/#breadcrumb\",\"itemListElement\":[{\"@type\":\"ListItem\",\"position\":1,\"name\":\"Home\",\"item\":\"https:\\\/\\\/www.bakeryturnkey.com\\\/\"},{\"@type\":\"ListItem\",\"position\":2,\"name\":\"Products\",\"item\":\"https:\\\/\\\/www.bakeryturnkey.com\\\/products\\\/\"},{\"@type\":\"ListItem\",\"position\":3,\"name\":\"High Speed Moon Cake Tray Arranging Machine 10-250pcs\\\/min\"}]},{\"@type\":\"WebSite\",\"@id\":\"https:\\\/\\\/www.bakeryturnkey.com\\\/#website\",\"url\":\"https:\\\/\\\/www.bakeryturnkey.com\\\/\",\"name\":\"Bakery Food Processing Equipment Manufacturer\",\"description\":\"Bakery Food Solutions Provider\",\"publisher\":{\"@id\":\"https:\\\/\\\/www.bakeryturnkey.com\\\/#organization\"},\"potentialAction\":[{\"@type\":\"SearchAction\",\"target\":{\"@type\":\"EntryPoint\",\"urlTemplate\":\"https:\\\/\\\/www.bakeryturnkey.com\\\/?s={search_term_string}\"},\"query-input\":{\"@type\":\"PropertyValueSpecification\",\"valueRequired\":true,\"valueName\":\"search_term_string\"}}],\"inLanguage\":\"pt-PT\"},{\"@type\":\"Organization\",\"@id\":\"https:\\\/\\\/www.bakeryturnkey.com\\\/#organization\",\"name\":\"Bakery Food Processing Equipment Manufacturer\",\"url\":\"https:\\\/\\\/www.bakeryturnkey.com\\\/\",\"logo\":{\"@type\":\"ImageObject\",\"inLanguage\":\"pt-PT\",\"@id\":\"https:\\\/\\\/www.bakeryturnkey.com\\\/#\\\/schema\\\/logo\\\/image\\\/\",\"url\":\"https:\\\/\\\/www.bakeryturnkey.com\\\/wp-content\\\/uploads\\\/2022\\\/03\\\/cropped-13-1.png\",\"contentUrl\":\"https:\\\/\\\/www.bakeryturnkey.com\\\/wp-content\\\/uploads\\\/2022\\\/03\\\/cropped-13-1.png\",\"width\":512,\"height\":429,\"caption\":\"Bakery Food Processing Equipment Manufacturer\"},\"image\":{\"@id\":\"https:\\\/\\\/www.bakeryturnkey.com\\\/#\\\/schema\\\/logo\\\/image\\\/\"}},false]}<\/script>\n<!-- \/ Yoast SEO plugin. -->","yoast_head_json":{"title":"High Speed Moon Cake Tray Arranging Machine 10-250pcs\/min","description":"The moon cake arranging machine is suitable for bread, mooncakes, tarts, etc. With a high degree of automation, high efficiency and fast speed.","robots":{"index":"index","follow":"follow","max-snippet":"max-snippet:-1","max-image-preview":"max-image-preview:large","max-video-preview":"max-video-preview:-1"},"canonical":"https:\/\/www.bakeryturnkey.com\/pt\/produto\/mooncake-arranging-machine\/","og_locale":"pt_PT","og_type":"article","og_title":"High Speed Moon Cake Tray Arranging Machine 10-250pcs\/min","og_description":"The moon cake arranging machine is suitable for bread, mooncakes, tarts, etc. With a high degree of automation, high efficiency and fast speed.","og_url":"https:\/\/www.bakeryturnkey.com\/pt\/produto\/mooncake-arranging-machine\/","og_site_name":"Bakery Food Processing Equipment Manufacturer","article_modified_time":"2022-03-22T12:01:03+00:00","og_image":[{"width":800,"height":800,"url":"https:\/\/www.bakeryturnkey.com\/wp-content\/uploads\/2022\/02\/5-5.jpg","type":"image\/jpeg"}],"twitter_card":"summary_large_image","twitter_misc":{"Tempo estimado de leitura":"3 minutos"},"schema":{"@context":"https:\/\/schema.org","@graph":[{"@type":"WebPage","@id":"https:\/\/www.bakeryturnkey.com\/product\/mooncake-arranging-machine\/","url":"https:\/\/www.bakeryturnkey.com\/product\/mooncake-arranging-machine\/","name":"High Speed Moon Cake Tray Arranging Machine 10-250pcs\/min","isPartOf":{"@id":"https:\/\/www.bakeryturnkey.com\/#website"},"primaryImageOfPage":{"@id":"https:\/\/www.bakeryturnkey.com\/product\/mooncake-arranging-machine\/#primaryimage"},"image":{"@id":"https:\/\/www.bakeryturnkey.com\/product\/mooncake-arranging-machine\/#primaryimage"},"thumbnailUrl":"https:\/\/www.bakeryturnkey.com\/wp-content\/uploads\/2022\/02\/5-5.jpg","datePublished":"2022-02-24T07:23:51+00:00","dateModified":"2022-03-22T12:01:03+00:00","description":"The moon cake arranging machine is suitable for bread, mooncakes, tarts, etc. With a high degree of automation, high efficiency and fast speed.","breadcrumb":{"@id":"https:\/\/www.bakeryturnkey.com\/product\/mooncake-arranging-machine\/#breadcrumb"},"inLanguage":"pt-PT","potentialAction":[{"@type":"ReadAction","target":["https:\/\/www.bakeryturnkey.com\/product\/mooncake-arranging-machine\/"]}]},{"@type":"ImageObject","inLanguage":"pt-PT","@id":"https:\/\/www.bakeryturnkey.com\/product\/mooncake-arranging-machine\/#primaryimage","url":"https:\/\/www.bakeryturnkey.com\/wp-content\/uploads\/2022\/02\/5-5.jpg","contentUrl":"https:\/\/www.bakeryturnkey.com\/wp-content\/uploads\/2022\/02\/5-5.jpg","width":800,"height":800,"caption":"Mooncake Arranging Machine"},{"@type":"BreadcrumbList","@id":"https:\/\/www.bakeryturnkey.com\/product\/mooncake-arranging-machine\/#breadcrumb","itemListElement":[{"@type":"ListItem","position":1,"name":"Home","item":"https:\/\/www.bakeryturnkey.com\/"},{"@type":"ListItem","position":2,"name":"Products","item":"https:\/\/www.bakeryturnkey.com\/products\/"},{"@type":"ListItem","position":3,"name":"High Speed Moon Cake Tray Arranging Machine 10-250pcs\/min"}]},{"@type":"WebSite","@id":"https:\/\/www.bakeryturnkey.com\/#website","url":"https:\/\/www.bakeryturnkey.com\/","name":"Bakery Food Processing Equipment Manufacturer","description":"Bakery Food Solutions Provider","publisher":{"@id":"https:\/\/www.bakeryturnkey.com\/#organization"},"potentialAction":[{"@type":"SearchAction","target":{"@type":"EntryPoint","urlTemplate":"https:\/\/www.bakeryturnkey.com\/?s={search_term_string}"},"query-input":{"@type":"PropertyValueSpecification","valueRequired":true,"valueName":"search_term_string"}}],"inLanguage":"pt-PT"},{"@type":"Organization","@id":"https:\/\/www.bakeryturnkey.com\/#organization","name":"Bakery Food Processing Equipment Manufacturer","url":"https:\/\/www.bakeryturnkey.com\/","logo":{"@type":"ImageObject","inLanguage":"pt-PT","@id":"https:\/\/www.bakeryturnkey.com\/#\/schema\/logo\/image\/","url":"https:\/\/www.bakeryturnkey.com\/wp-content\/uploads\/2022\/03\/cropped-13-1.png","contentUrl":"https:\/\/www.bakeryturnkey.com\/wp-content\/uploads\/2022\/03\/cropped-13-1.png","width":512,"height":429,"caption":"Bakery Food Processing Equipment Manufacturer"},"image":{"@id":"https:\/\/www.bakeryturnkey.com\/#\/schema\/logo\/image\/"}},false]}},"yasr_visitor_votes":{"stars_attributes":{"read_only":false,"span_bottom":false},"number_of_votes":0,"sum_votes":0},"_links":{"self":[{"href":"https:\/\/www.bakeryturnkey.com\/pt\/wp-json\/wp\/v2\/product\/2901","targetHints":{"allow":["GET"]}}],"collection":[{"href":"https:\/\/www.bakeryturnkey.com\/pt\/wp-json\/wp\/v2\/product"}],"about":[{"href":"https:\/\/www.bakeryturnkey.com\/pt\/wp-json\/wp\/v2\/types\/product"}],"replies":[{"embeddable":true,"href":"https:\/\/www.bakeryturnkey.com\/pt\/wp-json\/wp\/v2\/comments?post=2901"}],"wp:featuredmedia":[{"embeddable":true,"href":"https:\/\/www.bakeryturnkey.com\/pt\/wp-json\/wp\/v2\/media\/3012"}],"wp:attachment":[{"href":"https:\/\/www.bakeryturnkey.com\/pt\/wp-json\/wp\/v2\/media?parent=2901"}],"wp:term":[{"taxonomy":"product_cat","embeddable":true,"href":"https:\/\/www.bakeryturnkey.com\/pt\/wp-json\/wp\/v2\/product_cat?post=2901"},{"taxonomy":"product_tag","embeddable":true,"href":"https:\/\/www.bakeryturnkey.com\/pt\/wp-json\/wp\/v2\/product_tag?post=2901"}],"curies":[{"name":"wp","href":"https:\/\/api.w.org\/{rel}","templated":true}]}}