{"id":2846,"date":"2022-03-23T15:47:18","date_gmt":"2022-03-23T07:47:18","guid":{"rendered":"https:\/\/www.bakeryturnkey.com\/?post_type=product&#038;p=2846"},"modified":"2025-10-17T15:22:02","modified_gmt":"2025-10-17T07:22:02","slug":"spiral-cooling-tower","status":"publish","type":"product","link":"https:\/\/www.bakeryturnkey.com\/pt\/produto\/spiral-cooling-tower\/","title":{"rendered":"Torre de arrefecimento em espiral de a\u00e7o inoxid\u00e1vel para padaria"},"content":{"rendered":"<p>A torre de arrefecimento em espiral de a\u00e7o inoxid\u00e1vel \u00e9 um dos equipamentos indispens\u00e1veis na ind\u00fastria de panifica\u00e7\u00e3o, com as fun\u00e7\u00f5es de arrefecimento natural e arrefecimento for\u00e7ado. Alta efici\u00eancia, adequada para grandes f\u00e1bricas de panifica\u00e7\u00e3o.<\/p>\n<p>A torre de arrefecimento \u00e9 um equipamento de arrefecimento desenvolvido com tecnologia de transporte por correia de malha modular, a \u00e1gua \u00e9 utilizada como l\u00edquido de arrefecimento circulante e \u00e9 feita de a\u00e7o inoxid\u00e1vel 304 de alta qualidade. Os principais componentes s\u00e3o: transportador de placas de corrente, sistema de circula\u00e7\u00e3o de \u00e1gua, turbina externa, motor, ventilador da torre de arrefecimento, sistema \u00e0 prova de choque, etc.<\/p>\n<p><img loading=\"lazy\" decoding=\"async\" class=\"alignnone size-full wp-image-2848\" src=\"https:\/\/www.bakeryturnkey.com\/wp-content\/uploads\/2022\/02\/2-6.jpg\" alt=\"Torre de arrefecimento em espiral\" width=\"800\" height=\"800\" srcset=\"https:\/\/www.bakeryturnkey.com\/wp-content\/uploads\/2022\/02\/2-6.jpg 800w, https:\/\/www.bakeryturnkey.com\/wp-content\/uploads\/2022\/02\/2-6-600x600.jpg 600w, https:\/\/www.bakeryturnkey.com\/wp-content\/uploads\/2022\/02\/2-6-100x100.jpg 100w, https:\/\/www.bakeryturnkey.com\/wp-content\/uploads\/2022\/02\/2-6-300x300.jpg 300w, https:\/\/www.bakeryturnkey.com\/wp-content\/uploads\/2022\/02\/2-6-150x150.jpg 150w, https:\/\/www.bakeryturnkey.com\/wp-content\/uploads\/2022\/02\/2-6-768x768.jpg 768w\" sizes=\"auto, (max-width: 800px) 100vw, 800px\" \/><\/p>\n<h2><strong>Aplica\u00e7\u00e3o da torre de arrefecimento em espiral<\/strong><\/h2>\n<p>Esta m\u00e1quina \u00e9 utilizada principalmente na ind\u00fastria de panifica\u00e7\u00e3o e pode ser utilizada como equipamento de refrigera\u00e7\u00e3o para p\u00e3o, bolos, hamb\u00fargueres, torradas, p\u00e3es e outros produtos. Este equipamento de arrefecimento \u00e9 utilizado em padarias, f\u00e1bricas de produtos de padaria, f\u00e1bricas de processamento de alimentos e outros campos.<\/p>\n<p><img loading=\"lazy\" decoding=\"async\" class=\"alignnone size-full wp-image-2850\" src=\"https:\/\/www.bakeryturnkey.com\/wp-content\/uploads\/2022\/02\/3-3.jpg\" alt=\"M\u00e1quina de refrigera\u00e7\u00e3o para padaria\" width=\"800\" height=\"800\" srcset=\"https:\/\/www.bakeryturnkey.com\/wp-content\/uploads\/2022\/02\/3-3.jpg 800w, https:\/\/www.bakeryturnkey.com\/wp-content\/uploads\/2022\/02\/3-3-600x600.jpg 600w, https:\/\/www.bakeryturnkey.com\/wp-content\/uploads\/2022\/02\/3-3-100x100.jpg 100w, https:\/\/www.bakeryturnkey.com\/wp-content\/uploads\/2022\/02\/3-3-300x300.jpg 300w, https:\/\/www.bakeryturnkey.com\/wp-content\/uploads\/2022\/02\/3-3-150x150.jpg 150w, https:\/\/www.bakeryturnkey.com\/wp-content\/uploads\/2022\/02\/3-3-768x768.jpg 768w\" sizes=\"auto, (max-width: 800px) 100vw, 800px\" \/><\/p>\n<h2><strong>Carater\u00edsticas da torre de resfriamento em espiral para padaria<\/strong><\/h2>\n<p>1. Tem as carater\u00edsticas de economia de espa\u00e7o, opera\u00e7\u00e3o simples, manuten\u00e7\u00e3o conveniente, desempenho est\u00e1vel e dur\u00e1vel, n\u00e3o \u00e9 f\u00e1cil de danificar.<br \/>\n2. A torre de arrefecimento para padaria \u00e9 utilizada principalmente na ind\u00fastria alimentar e pode ser utilizada como arrefecimento de p\u00e3o, alimentos e materiais.<br \/>\n3. \u00c9 f\u00e1cil de desmontar e montar, mesmo que a f\u00e1brica seja deslocada, a torre de arrefecimento em espiral para alimentos pode ser facilmente deslocada.<br \/>\n4. Utiliza\u00e7\u00e3o de a\u00e7o inoxid\u00e1vel 304 para cumprir os requisitos de seguran\u00e7a e higiene da ind\u00fastria alimentar. \u00c9 o equipamento preferido para a fun\u00e7\u00e3o de transporte diferido de linhas de produ\u00e7\u00e3o automatizadas na ind\u00fastria alimentar.<br \/>\n5. Em termos de conce\u00e7\u00e3o de funcionamento, o transportador de refrigera\u00e7\u00e3o em espiral utiliza plenamente a press\u00e3o da \u00e1gua de retorno do sistema de circula\u00e7\u00e3o de \u00e1gua para a converter em energia mec\u00e2nica, reduzindo assim o consumo de energia do utilizador.<\/p>\n<p><img loading=\"lazy\" decoding=\"async\" class=\"alignnone size-full wp-image-2851\" src=\"https:\/\/www.bakeryturnkey.com\/wp-content\/uploads\/2022\/02\/4-3.jpg\" alt=\"Torre de arrefecimento Fabricante\" width=\"800\" height=\"800\" srcset=\"https:\/\/www.bakeryturnkey.com\/wp-content\/uploads\/2022\/02\/4-3.jpg 800w, https:\/\/www.bakeryturnkey.com\/wp-content\/uploads\/2022\/02\/4-3-600x600.jpg 600w, https:\/\/www.bakeryturnkey.com\/wp-content\/uploads\/2022\/02\/4-3-100x100.jpg 100w, https:\/\/www.bakeryturnkey.com\/wp-content\/uploads\/2022\/02\/4-3-300x300.jpg 300w, https:\/\/www.bakeryturnkey.com\/wp-content\/uploads\/2022\/02\/4-3-150x150.jpg 150w, https:\/\/www.bakeryturnkey.com\/wp-content\/uploads\/2022\/02\/4-3-768x768.jpg 768w\" sizes=\"auto, (max-width: 800px) 100vw, 800px\" \/><\/p>\n<h2><strong>Princ\u00edpio de funcionamento<\/strong><\/h2>\n<p>A torre de arrefecimento em espiral da padaria \u00e9 acionada camada a camada, transportando produtos, e o motor de engrenagem fornece energia para acionar um eixo principal para acionar as engrenagens em cada camada, e as engrenagens movem as correias de malha em cada camada para se moverem. Cada engrenagem tem um transmissor de pot\u00eancia inteligente que ajusta automaticamente a for\u00e7a de transmiss\u00e3o.<\/p>\n<h2><strong>O papel da torre de arrefecimento em espiral para cozedura<\/strong><\/h2>\n<p>1. Arrefecimento: O equipamento de arrefecimento em espiral \u00e9 adequado para o arrefecimento de v\u00e1rios produtos de padaria e alimentos fritos, e pode ser arrefecido de forma natural e for\u00e7ada.<br \/>\n2. Prova: Pode ser ligado \u00e0 linha de produ\u00e7\u00e3o para melhorar significativamente a efici\u00eancia da produ\u00e7\u00e3o de produtos de pastelaria do utilizador, e todo o processo de prova pode ser realizado sem supervis\u00e3o atrav\u00e9s do sistema de monitoriza\u00e7\u00e3o.<\/p>\n<h3><strong>Deixe o seu pedido de or\u00e7amento<\/strong><\/h3>\n\n<div class=\"wpcf7 no-js\" id=\"wpcf7-f2977-o1\" lang=\"en-US\" dir=\"ltr\">\n<div class=\"screen-reader-response\"><p role=\"status\" aria-live=\"polite\" aria-atomic=\"true\"><\/p> <ul><\/ul><\/div>\n<form action=\"\/pt\/wp-json\/wp\/v2\/product\/2846#wpcf7-f2977-o1\" method=\"post\" class=\"wpcf7-form init\" aria-label=\"Formul\u00e1rio de contacto\" novalidate=\"novalidate\" data-status=\"init\" data-trp-original-action=\"\/pt\/wp-json\/wp\/v2\/product\/2846#wpcf7-f2977-o1\">\n<div style=\"display: none;\">\n<input type=\"hidden\" name=\"_wpcf7\" value=\"2977\" \/>\n<input type=\"hidden\" name=\"_wpcf7_version\" value=\"5.7.7\" \/>\n<input type=\"hidden\" name=\"_wpcf7_locale\" value=\"en_US\" \/>\n<input type=\"hidden\" name=\"_wpcf7_unit_tag\" value=\"wpcf7-f2977-o1\" \/>\n<input type=\"hidden\" name=\"_wpcf7_container_post\" value=\"0\" \/>\n<input type=\"hidden\" name=\"_wpcf7_posted_data_hash\" value=\"\" \/>\n<\/div>\n<p><label> O seu nome*<br \/>\n<span class=\"wpcf7-form-control-wrap\" data-name=\"your-name\"><input size=\"40\" class=\"wpcf7-form-control wpcf7-text wpcf7-validates-as-required\" aria-required=\"true\" aria-invalid=\"false\" value=\"\" type=\"text\" name=\"your-name\" \/><\/span> <\/label>\n<\/p>\n<p><label> O seu pa\u00eds<br \/>\n<span class=\"wpcf7-form-control-wrap\" data-name=\"your-country\"><input size=\"40\" class=\"wpcf7-form-control wpcf7-text\" aria-invalid=\"false\" value=\"\" type=\"text\" name=\"your-country\" \/><\/span><\/label>\n<\/p>\n<p><label> O seu e-mail*<br \/>\n<span class=\"wpcf7-form-control-wrap\" data-name=\"your-email\"><input size=\"40\" class=\"wpcf7-form-control wpcf7-text wpcf7-email wpcf7-validates-as-required wpcf7-validates-as-email\" aria-required=\"true\" aria-invalid=\"false\" value=\"\" type=\"email\" name=\"your-email\" \/><\/span> <\/label>\n<\/p>\n<p><label> O seu telem\u00f3vel<br \/>\n<span class=\"wpcf7-form-control-wrap\" data-name=\"your-phone\"><input size=\"40\" class=\"wpcf7-form-control wpcf7-text\" aria-invalid=\"false\" value=\"\" type=\"text\" name=\"your-phone\" \/><\/span> <\/label>\n<\/p>\n<p><label> Nome da empresa<br \/>\n<span class=\"wpcf7-form-control-wrap\" data-name=\"text-529\"><input size=\"40\" class=\"wpcf7-form-control wpcf7-text\" aria-invalid=\"false\" value=\"\" type=\"text\" name=\"text-529\" \/><\/span> <\/label>\n<\/p>\n<p><label> S\u00edtio Web da empresa<br \/>\n<span class=\"wpcf7-form-control-wrap\" data-name=\"text-106\"><input size=\"40\" class=\"wpcf7-form-control wpcf7-text\" aria-invalid=\"false\" value=\"\" type=\"text\" name=\"text-106\" \/><\/span> <\/label>\n<\/p>\n<p><label> A sua mensagem*<br \/>\n<span class=\"wpcf7-form-control-wrap\" data-name=\"your-message\"><textarea cols=\"40\" rows=\"10\" class=\"wpcf7-form-control wpcf7-textarea wpcf7-validates-as-required\" aria-required=\"true\" aria-invalid=\"false\" name=\"your-message\"><\/textarea><\/span> <\/label>\n<\/p>\n<p><input class=\"wpcf7-form-control has-spinner wpcf7-submit\" type=\"submit\" value=\"Enviar\" \/>\n<\/p><p style=\"display: none !important;\" class=\"akismet-fields-container\" data-prefix=\"_wpcf7_ak_\"><label>&#916;<textarea name=\"_wpcf7_ak_hp_textarea\" cols=\"45\" rows=\"8\" maxlength=\"100\"><\/textarea><\/label><input type=\"hidden\" id=\"ak_js_1\" name=\"_wpcf7_ak_js\" value=\"28\"\/><script>document.getElementById( \"ak_js_1\" ).setAttribute( \"value\", ( new Date() ).getTime() );<\/script><\/p><div class=\"wpcf7-response-output\" aria-hidden=\"true\"><\/div>\n<input type=\"hidden\" name=\"trp-form-language\" value=\"pt\"\/><\/form>\n<\/div>\n\n<div style='text-align:left' class='yasr-auto-insert-visitor'><\/div>","protected":false},"excerpt":{"rendered":"<p>\u2460 usado para arrefecimento de v\u00e1rios alimentos de padaria e alimentos fritos.<br \/>\n\u2461 e pode ser arrefecido de forma natural ou for\u00e7ada.<br \/>\n\u2462 reduzir o espa\u00e7o no ch\u00e3o.<\/p>","protected":false},"featured_media":3009,"comment_status":"open","ping_status":"closed","template":"","meta":{"site-sidebar-layout":"default","site-content-layout":"default","ast-main-header-display":"","ast-hfb-above-header-display":"","ast-hfb-below-header-display":"","ast-hfb-mobile-header-display":"","site-post-title":"","ast-breadcrumbs-content":"","ast-featured-img":"","footer-sml-layout":"","theme-transparent-header-meta":"","adv-header-id-meta":"","stick-header-meta":"","header-above-stick-meta":"","header-main-stick-meta":"","header-below-stick-meta":"","yasr_overall_rating":0,"yasr_post_is_review":"","yasr_auto_insert_disabled":"","yasr_review_type":""},"product_cat":[26],"product_tag":[],"class_list":["post-2846","product","type-product","status-publish","has-post-thumbnail","hentry","product_cat-cake-machinery"],"yoast_head":"<!-- This site is optimized with the Yoast SEO plugin v27.5 - https:\/\/yoast.com\/product\/yoast-seo-wordpress\/ -->\n<title>Stainless Steel Spiral Cooling Tower for Bakery Business<\/title>\n<meta name=\"description\" content=\"Spiral cooling tower have a wide range of uses to cool baked and fried products such as bread, cakes, hamburgers, toast, and other product.\" \/>\n<meta name=\"robots\" content=\"index, follow, max-snippet:-1, max-image-preview:large, max-video-preview:-1\" \/>\n<link rel=\"canonical\" href=\"https:\/\/www.bakeryturnkey.com\/pt\/produto\/spiral-cooling-tower\/\" \/>\n<meta property=\"og:locale\" content=\"pt_PT\" \/>\n<meta property=\"og:type\" content=\"article\" \/>\n<meta property=\"og:title\" content=\"Stainless Steel Spiral Cooling Tower for Bakery Business\" \/>\n<meta property=\"og:description\" content=\"Spiral cooling tower have a wide range of uses to cool baked and fried products such as bread, cakes, hamburgers, toast, and other product.\" \/>\n<meta property=\"og:url\" content=\"https:\/\/www.bakeryturnkey.com\/pt\/produto\/spiral-cooling-tower\/\" \/>\n<meta property=\"og:site_name\" content=\"Bakery Food Processing Equipment Manufacturer\" \/>\n<meta property=\"article:modified_time\" content=\"2025-10-17T07:22:02+00:00\" \/>\n<meta property=\"og:image\" content=\"https:\/\/www.bakeryturnkey.com\/wp-content\/uploads\/2022\/02\/5-4.jpg\" \/>\n\t<meta property=\"og:image:width\" content=\"800\" \/>\n\t<meta property=\"og:image:height\" content=\"800\" \/>\n\t<meta property=\"og:image:type\" content=\"image\/jpeg\" \/>\n<meta name=\"twitter:card\" content=\"summary_large_image\" \/>\n<meta name=\"twitter:label1\" content=\"Tempo estimado de leitura\" \/>\n\t<meta name=\"twitter:data1\" content=\"3 minutos\" \/>\n<script type=\"application\/ld+json\" class=\"yoast-schema-graph\">{\"@context\":\"https:\\\/\\\/schema.org\",\"@graph\":[{\"@type\":\"WebPage\",\"@id\":\"https:\\\/\\\/www.bakeryturnkey.com\\\/product\\\/spiral-cooling-tower\\\/\",\"url\":\"https:\\\/\\\/www.bakeryturnkey.com\\\/product\\\/spiral-cooling-tower\\\/\",\"name\":\"Stainless Steel Spiral Cooling Tower for Bakery Business\",\"isPartOf\":{\"@id\":\"https:\\\/\\\/www.bakeryturnkey.com\\\/#website\"},\"primaryImageOfPage\":{\"@id\":\"https:\\\/\\\/www.bakeryturnkey.com\\\/product\\\/spiral-cooling-tower\\\/#primaryimage\"},\"image\":{\"@id\":\"https:\\\/\\\/www.bakeryturnkey.com\\\/product\\\/spiral-cooling-tower\\\/#primaryimage\"},\"thumbnailUrl\":\"https:\\\/\\\/www.bakeryturnkey.com\\\/wp-content\\\/uploads\\\/2022\\\/02\\\/5-4.jpg\",\"datePublished\":\"2022-03-23T07:47:18+00:00\",\"dateModified\":\"2025-10-17T07:22:02+00:00\",\"description\":\"Spiral cooling tower have a wide range of uses to cool baked and fried products such as bread, cakes, hamburgers, toast, and other product.\",\"breadcrumb\":{\"@id\":\"https:\\\/\\\/www.bakeryturnkey.com\\\/product\\\/spiral-cooling-tower\\\/#breadcrumb\"},\"inLanguage\":\"pt-PT\",\"potentialAction\":[{\"@type\":\"ReadAction\",\"target\":[\"https:\\\/\\\/www.bakeryturnkey.com\\\/product\\\/spiral-cooling-tower\\\/\"]}]},{\"@type\":\"ImageObject\",\"inLanguage\":\"pt-PT\",\"@id\":\"https:\\\/\\\/www.bakeryturnkey.com\\\/product\\\/spiral-cooling-tower\\\/#primaryimage\",\"url\":\"https:\\\/\\\/www.bakeryturnkey.com\\\/wp-content\\\/uploads\\\/2022\\\/02\\\/5-4.jpg\",\"contentUrl\":\"https:\\\/\\\/www.bakeryturnkey.com\\\/wp-content\\\/uploads\\\/2022\\\/02\\\/5-4.jpg\",\"width\":800,\"height\":800,\"caption\":\"Bakery Cooling Tower\"},{\"@type\":\"BreadcrumbList\",\"@id\":\"https:\\\/\\\/www.bakeryturnkey.com\\\/product\\\/spiral-cooling-tower\\\/#breadcrumb\",\"itemListElement\":[{\"@type\":\"ListItem\",\"position\":1,\"name\":\"Home\",\"item\":\"https:\\\/\\\/www.bakeryturnkey.com\\\/\"},{\"@type\":\"ListItem\",\"position\":2,\"name\":\"Products\",\"item\":\"https:\\\/\\\/www.bakeryturnkey.com\\\/products\\\/\"},{\"@type\":\"ListItem\",\"position\":3,\"name\":\"Stainless Steel Spiral Cooling Tower for Bakery Business\"}]},{\"@type\":\"WebSite\",\"@id\":\"https:\\\/\\\/www.bakeryturnkey.com\\\/#website\",\"url\":\"https:\\\/\\\/www.bakeryturnkey.com\\\/\",\"name\":\"Bakery Food Processing Equipment Manufacturer\",\"description\":\"Bakery Food Solutions Provider\",\"publisher\":{\"@id\":\"https:\\\/\\\/www.bakeryturnkey.com\\\/#organization\"},\"potentialAction\":[{\"@type\":\"SearchAction\",\"target\":{\"@type\":\"EntryPoint\",\"urlTemplate\":\"https:\\\/\\\/www.bakeryturnkey.com\\\/?s={search_term_string}\"},\"query-input\":{\"@type\":\"PropertyValueSpecification\",\"valueRequired\":true,\"valueName\":\"search_term_string\"}}],\"inLanguage\":\"pt-PT\"},{\"@type\":\"Organization\",\"@id\":\"https:\\\/\\\/www.bakeryturnkey.com\\\/#organization\",\"name\":\"Bakery Food Processing Equipment Manufacturer\",\"url\":\"https:\\\/\\\/www.bakeryturnkey.com\\\/\",\"logo\":{\"@type\":\"ImageObject\",\"inLanguage\":\"pt-PT\",\"@id\":\"https:\\\/\\\/www.bakeryturnkey.com\\\/#\\\/schema\\\/logo\\\/image\\\/\",\"url\":\"https:\\\/\\\/www.bakeryturnkey.com\\\/wp-content\\\/uploads\\\/2022\\\/03\\\/cropped-13-1.png\",\"contentUrl\":\"https:\\\/\\\/www.bakeryturnkey.com\\\/wp-content\\\/uploads\\\/2022\\\/03\\\/cropped-13-1.png\",\"width\":512,\"height\":429,\"caption\":\"Bakery Food Processing Equipment Manufacturer\"},\"image\":{\"@id\":\"https:\\\/\\\/www.bakeryturnkey.com\\\/#\\\/schema\\\/logo\\\/image\\\/\"}},false]}<\/script>\n<!-- \/ Yoast SEO plugin. -->","yoast_head_json":{"title":"Stainless Steel Spiral Cooling Tower for Bakery Business","description":"Spiral cooling tower have a wide range of uses to cool baked and fried products such as bread, cakes, hamburgers, toast, and other product.","robots":{"index":"index","follow":"follow","max-snippet":"max-snippet:-1","max-image-preview":"max-image-preview:large","max-video-preview":"max-video-preview:-1"},"canonical":"https:\/\/www.bakeryturnkey.com\/pt\/produto\/spiral-cooling-tower\/","og_locale":"pt_PT","og_type":"article","og_title":"Stainless Steel Spiral Cooling Tower for Bakery Business","og_description":"Spiral cooling tower have a wide range of uses to cool baked and fried products such as bread, cakes, hamburgers, toast, and other product.","og_url":"https:\/\/www.bakeryturnkey.com\/pt\/produto\/spiral-cooling-tower\/","og_site_name":"Bakery Food Processing Equipment Manufacturer","article_modified_time":"2025-10-17T07:22:02+00:00","og_image":[{"width":800,"height":800,"url":"https:\/\/www.bakeryturnkey.com\/wp-content\/uploads\/2022\/02\/5-4.jpg","type":"image\/jpeg"}],"twitter_card":"summary_large_image","twitter_misc":{"Tempo estimado de leitura":"3 minutos"},"schema":{"@context":"https:\/\/schema.org","@graph":[{"@type":"WebPage","@id":"https:\/\/www.bakeryturnkey.com\/product\/spiral-cooling-tower\/","url":"https:\/\/www.bakeryturnkey.com\/product\/spiral-cooling-tower\/","name":"Stainless Steel Spiral Cooling Tower for Bakery Business","isPartOf":{"@id":"https:\/\/www.bakeryturnkey.com\/#website"},"primaryImageOfPage":{"@id":"https:\/\/www.bakeryturnkey.com\/product\/spiral-cooling-tower\/#primaryimage"},"image":{"@id":"https:\/\/www.bakeryturnkey.com\/product\/spiral-cooling-tower\/#primaryimage"},"thumbnailUrl":"https:\/\/www.bakeryturnkey.com\/wp-content\/uploads\/2022\/02\/5-4.jpg","datePublished":"2022-03-23T07:47:18+00:00","dateModified":"2025-10-17T07:22:02+00:00","description":"Spiral cooling tower have a wide range of uses to cool baked and fried products such as bread, cakes, hamburgers, toast, and other product.","breadcrumb":{"@id":"https:\/\/www.bakeryturnkey.com\/product\/spiral-cooling-tower\/#breadcrumb"},"inLanguage":"pt-PT","potentialAction":[{"@type":"ReadAction","target":["https:\/\/www.bakeryturnkey.com\/product\/spiral-cooling-tower\/"]}]},{"@type":"ImageObject","inLanguage":"pt-PT","@id":"https:\/\/www.bakeryturnkey.com\/product\/spiral-cooling-tower\/#primaryimage","url":"https:\/\/www.bakeryturnkey.com\/wp-content\/uploads\/2022\/02\/5-4.jpg","contentUrl":"https:\/\/www.bakeryturnkey.com\/wp-content\/uploads\/2022\/02\/5-4.jpg","width":800,"height":800,"caption":"Bakery Cooling Tower"},{"@type":"BreadcrumbList","@id":"https:\/\/www.bakeryturnkey.com\/product\/spiral-cooling-tower\/#breadcrumb","itemListElement":[{"@type":"ListItem","position":1,"name":"Home","item":"https:\/\/www.bakeryturnkey.com\/"},{"@type":"ListItem","position":2,"name":"Products","item":"https:\/\/www.bakeryturnkey.com\/products\/"},{"@type":"ListItem","position":3,"name":"Stainless Steel Spiral Cooling Tower for Bakery Business"}]},{"@type":"WebSite","@id":"https:\/\/www.bakeryturnkey.com\/#website","url":"https:\/\/www.bakeryturnkey.com\/","name":"Bakery Food Processing Equipment Manufacturer","description":"Bakery Food Solutions Provider","publisher":{"@id":"https:\/\/www.bakeryturnkey.com\/#organization"},"potentialAction":[{"@type":"SearchAction","target":{"@type":"EntryPoint","urlTemplate":"https:\/\/www.bakeryturnkey.com\/?s={search_term_string}"},"query-input":{"@type":"PropertyValueSpecification","valueRequired":true,"valueName":"search_term_string"}}],"inLanguage":"pt-PT"},{"@type":"Organization","@id":"https:\/\/www.bakeryturnkey.com\/#organization","name":"Bakery Food Processing Equipment Manufacturer","url":"https:\/\/www.bakeryturnkey.com\/","logo":{"@type":"ImageObject","inLanguage":"pt-PT","@id":"https:\/\/www.bakeryturnkey.com\/#\/schema\/logo\/image\/","url":"https:\/\/www.bakeryturnkey.com\/wp-content\/uploads\/2022\/03\/cropped-13-1.png","contentUrl":"https:\/\/www.bakeryturnkey.com\/wp-content\/uploads\/2022\/03\/cropped-13-1.png","width":512,"height":429,"caption":"Bakery Food Processing Equipment Manufacturer"},"image":{"@id":"https:\/\/www.bakeryturnkey.com\/#\/schema\/logo\/image\/"}},false]}},"yasr_visitor_votes":{"stars_attributes":{"read_only":false,"span_bottom":false},"number_of_votes":0,"sum_votes":0},"_links":{"self":[{"href":"https:\/\/www.bakeryturnkey.com\/pt\/wp-json\/wp\/v2\/product\/2846","targetHints":{"allow":["GET"]}}],"collection":[{"href":"https:\/\/www.bakeryturnkey.com\/pt\/wp-json\/wp\/v2\/product"}],"about":[{"href":"https:\/\/www.bakeryturnkey.com\/pt\/wp-json\/wp\/v2\/types\/product"}],"replies":[{"embeddable":true,"href":"https:\/\/www.bakeryturnkey.com\/pt\/wp-json\/wp\/v2\/comments?post=2846"}],"wp:featuredmedia":[{"embeddable":true,"href":"https:\/\/www.bakeryturnkey.com\/pt\/wp-json\/wp\/v2\/media\/3009"}],"wp:attachment":[{"href":"https:\/\/www.bakeryturnkey.com\/pt\/wp-json\/wp\/v2\/media?parent=2846"}],"wp:term":[{"taxonomy":"product_cat","embeddable":true,"href":"https:\/\/www.bakeryturnkey.com\/pt\/wp-json\/wp\/v2\/product_cat?post=2846"},{"taxonomy":"product_tag","embeddable":true,"href":"https:\/\/www.bakeryturnkey.com\/pt\/wp-json\/wp\/v2\/product_tag?post=2846"}],"curies":[{"name":"wp","href":"https:\/\/api.w.org\/{rel}","templated":true}]}}