{"id":2839,"date":"2022-02-23T14:44:02","date_gmt":"2022-02-23T06:44:02","guid":{"rendered":"https:\/\/www.bakeryturnkey.com\/?post_type=product&#038;p=2839"},"modified":"2022-03-30T18:40:32","modified_gmt":"2022-03-30T10:40:32","slug":"biscuit-baking-tunnel-oven-for-sale","status":"publish","type":"product","link":"https:\/\/www.bakeryturnkey.com\/pt\/produto\/biscuit-baking-tunnel-oven-for-sale\/","title":{"rendered":"Forno el\u00e9trico a g\u00e1s para t\u00fanel de cozimento de biscoitos para venda 380V"},"content":{"rendered":"<p>O forno de t\u00fanel para cozer biscoitos pode ser dividido em tipo el\u00e9trico e tipo de g\u00e1s de acordo com a procura, que pode ser utilizado para cozer v\u00e1rios biscoitos, p\u00e3o, bolos lunares, bolos e outros produtos.<\/p>\n<p>Este forno de t\u00fanel industrial adota a estrutura e o design do corpo do forno geral internacional, o tamanho da c\u00e2mara do forno \u00e9 razo\u00e1vel, a faixa de controle de temperatura \u00e9 de 0-250 \u2103 e o tempo de cozimento \u00e9 definido para 8-80 minutos.<\/p>\n<p><img loading=\"lazy\" decoding=\"async\" class=\"alignnone size-full wp-image-2843\" src=\"https:\/\/www.bakeryturnkey.com\/wp-content\/uploads\/2022\/02\/3-2.jpg\" alt=\"M\u00e1quina de forno de t\u00fanel\" width=\"800\" height=\"800\" srcset=\"https:\/\/www.bakeryturnkey.com\/wp-content\/uploads\/2022\/02\/3-2.jpg 800w, https:\/\/www.bakeryturnkey.com\/wp-content\/uploads\/2022\/02\/3-2-600x600.jpg 600w, https:\/\/www.bakeryturnkey.com\/wp-content\/uploads\/2022\/02\/3-2-100x100.jpg 100w, https:\/\/www.bakeryturnkey.com\/wp-content\/uploads\/2022\/02\/3-2-300x300.jpg 300w, https:\/\/www.bakeryturnkey.com\/wp-content\/uploads\/2022\/02\/3-2-150x150.jpg 150w, https:\/\/www.bakeryturnkey.com\/wp-content\/uploads\/2022\/02\/3-2-768x768.jpg 768w\" sizes=\"auto, (max-width: 800px) 100vw, 800px\" \/><\/p>\n<h2><strong>Carater\u00edsticas do forno t\u00fanel para cozer biscoitos<\/strong><\/h2>\n<ol>\n<li>Diferen\u00e7as nos m\u00e9todos de aquecimento: o forno el\u00e9trico tem vantagem devido ao seu baixo pre\u00e7o, desempenho fi\u00e1vel, funcionamento conveniente, baixo custo de manuten\u00e7\u00e3o, efeito de cozedura uniforme e colora\u00e7\u00e3o r\u00e1pida dos produtos cozidos; o forno de t\u00fanel a g\u00e1s tem as vantagens do baixo consumo de energia, funcionamento fi\u00e1vel e utiliza\u00e7\u00e3o conveniente, poupan\u00e7as significativas nos custos de produ\u00e7\u00e3o, menor consumo de energia e outras vantagens.<\/li>\n<li>Pe\u00e7as de substitui\u00e7\u00e3o fi\u00e1veis para fornos de t\u00fanel: As pe\u00e7as de controlo de seguran\u00e7a el\u00e9ctrica e de g\u00e1s utilizam pe\u00e7as sobressalentes de marcas de renome internacional, tais como: Honeywell, Fisher, Mitsubishi, Omron, etc.<\/li>\n<li>Estrutura razo\u00e1vel e disposi\u00e7\u00e3o das condutas, testes e ensaios rigorosos, para garantir a estabilidade do estado de aquecimento do forno de t\u00fanel industrial.<\/li>\n<li>Este forno de t\u00fanel adopta uma estrutura de forno el\u00e1stica e robusta, boa preserva\u00e7\u00e3o do calor, disposi\u00e7\u00e3o cient\u00edfica dos tubos de inc\u00eandio, m\u00f3dulo de controlo de temperatura PID para controlar com precis\u00e3o a temperatura, com base na melhoria cont\u00ednua dos dados de teste do forno de t\u00fanel de g\u00e1s, distribui\u00e7\u00e3o de calor eficiente e uniforme no forno, o que pode garantir a consist\u00eancia alimentar da cozedura.<\/li>\n<li>O forno de t\u00fanel de cozedura de bolachas est\u00e1 equipado com um dispositivo de dete\u00e7\u00e3o da press\u00e3o do ar; um sistema de alarme e de controlo da dete\u00e7\u00e3o de fugas de g\u00e1s; um dispositivo anti-retorno.<\/li>\n<\/ol>\n<h2>\u00a0<strong>V\u00eddeo do forno el\u00e9trico de t\u00fanel<\/strong><\/h2>\n<p><iframe loading=\"lazy\" title=\"Leitor de v\u00eddeo do YouTube\" src=\"https:\/\/www.youtube.com\/embed\/cv0yK7qMcnM\" width=\"560\" height=\"315\" frameborder=\"0\" allowfullscreen=\"allowfullscreen\"><\/iframe><\/p>\n<h2><strong>Precau\u00e7\u00f5es para o funcionamento do forno de cozedura<\/strong><\/h2>\n<p>A. O forno de t\u00fanel s\u00f3 \u00e9 adequado para a cozedura no processamento de alimentos. Se for utilizado para o processamento de outros produtos, consultar previamente o fabricante do equipamento para evitar acidentes.<br \/>\nB. O equipamento do forno de t\u00fanel deve ser colocado num local onde o ar possa circular, n\u00e3o sendo adequado coloc\u00e1-lo num espa\u00e7o confinado.<br \/>\nC. Esta m\u00e1quina pertence ao equipamento de panifica\u00e7\u00e3o. Haver\u00e1 posi\u00e7\u00f5es de alta temperatura nas condutas de ar em ambas as extremidades e na porta de exaust\u00e3o de fumos. Ao utiliz\u00e1-la, deve ter-se em aten\u00e7\u00e3o a preven\u00e7\u00e3o de queimaduras.<br \/>\nD. As defini\u00e7\u00f5es de correspond\u00eancia e de programa do forno de t\u00fanel para biscoitos foram cientificamente testadas e calculadas. Se a configura\u00e7\u00e3o principal ou o programa do equipamento tiverem de ser alterados, isso causar\u00e1 riscos de seguran\u00e7a ocultos ou problemas funcionais na utiliza\u00e7\u00e3o do equipamento.<br \/>\nE. A altura da plataforma do equipamento de cozedura deste forno para biscoitos \u00e9 de 1600 mm. Se necessitar de efetuar opera\u00e7\u00f5es na parte superior do corpo do forno, tome antecipadamente medidas de prote\u00e7\u00e3o de seguran\u00e7a para evitar quedas.<br \/>\nF. Quando o forno de t\u00fanel de cozedura n\u00e3o estiver a ser utilizado, fa\u00e7a a manuten\u00e7\u00e3o com anteced\u00eancia, verifique cuidadosamente as pe\u00e7as que est\u00e3o presas e que precisam de ser lubrificadas, e tome medidas como a impermeabiliza\u00e7\u00e3o e a prova de humidade para os componentes el\u00e9ctricos.<\/p>\n<h2><strong>Vasta gama de aplica\u00e7\u00f5es<\/strong><\/h2>\n<p>Este forno de cozedura pode ser utilizado para p\u00e3o, bolos, bolos lunares, biscoitos, bolachas, produtos \u00e0 base de carne, frutos secos, legumes, materiais medicinais, etc.<\/p>\n<p><img loading=\"lazy\" decoding=\"async\" class=\"alignnone size-full wp-image-2841\" src=\"https:\/\/www.bakeryturnkey.com\/wp-content\/uploads\/2022\/02\/1-4.jpg\" alt=\"\" width=\"800\" height=\"800\" srcset=\"https:\/\/www.bakeryturnkey.com\/wp-content\/uploads\/2022\/02\/1-4.jpg 800w, https:\/\/www.bakeryturnkey.com\/wp-content\/uploads\/2022\/02\/1-4-600x600.jpg 600w, https:\/\/www.bakeryturnkey.com\/wp-content\/uploads\/2022\/02\/1-4-100x100.jpg 100w, https:\/\/www.bakeryturnkey.com\/wp-content\/uploads\/2022\/02\/1-4-300x300.jpg 300w, https:\/\/www.bakeryturnkey.com\/wp-content\/uploads\/2022\/02\/1-4-150x150.jpg 150w, https:\/\/www.bakeryturnkey.com\/wp-content\/uploads\/2022\/02\/1-4-768x768.jpg 768w\" sizes=\"auto, (max-width: 800px) 100vw, 800px\" \/><\/p>\n<h2><strong>Par\u00e2metros t\u00e9cnicos<\/strong><\/h2>\n<table>\n<tbody>\n<tr>\n<td width=\"284\">Dimens\u00f5es (C*L*A)<\/td>\n<td width=\"284\">21000*2280*2180MM<\/td>\n<\/tr>\n<tr>\n<td width=\"284\">Total de calorias<\/td>\n<td width=\"284\">224280Cal\u00f3rico(kcal\/h)<\/td>\n<\/tr>\n<tr>\n<td width=\"284\">Consumo de ar (consumo de g\u00e1s)<\/td>\n<td width=\"284\">0,9m\u00b3\/m<\/td>\n<\/tr>\n<tr>\n<td width=\"284\">Pot\u00eancia<\/td>\n<td width=\"284\">2HP<\/td>\n<\/tr>\n<tr>\n<td width=\"284\">Tens\u00e3o<\/td>\n<td width=\"284\">380V<\/td>\n<\/tr>\n<tr>\n<td width=\"284\">Tamanho da forma de cozedura<\/td>\n<td width=\"284\">40*60CM<\/td>\n<\/tr>\n<\/tbody>\n<\/table>\n<h3><strong>Deixe o seu pedido de or\u00e7amento<\/strong><\/h3>\n\n<div class=\"wpcf7 no-js\" id=\"wpcf7-f2977-o1\" lang=\"en-US\" dir=\"ltr\">\n<div class=\"screen-reader-response\"><p role=\"status\" aria-live=\"polite\" aria-atomic=\"true\"><\/p> <ul><\/ul><\/div>\n<form action=\"\/pt\/wp-json\/wp\/v2\/product\/2839#wpcf7-f2977-o1\" method=\"post\" class=\"wpcf7-form init\" aria-label=\"Formul\u00e1rio de contacto\" novalidate=\"novalidate\" data-status=\"init\" data-trp-original-action=\"\/pt\/wp-json\/wp\/v2\/product\/2839#wpcf7-f2977-o1\">\n<div style=\"display: none;\">\n<input type=\"hidden\" name=\"_wpcf7\" value=\"2977\" \/>\n<input type=\"hidden\" name=\"_wpcf7_version\" value=\"5.7.7\" \/>\n<input type=\"hidden\" name=\"_wpcf7_locale\" value=\"en_US\" \/>\n<input type=\"hidden\" name=\"_wpcf7_unit_tag\" value=\"wpcf7-f2977-o1\" \/>\n<input type=\"hidden\" name=\"_wpcf7_container_post\" value=\"0\" \/>\n<input type=\"hidden\" name=\"_wpcf7_posted_data_hash\" value=\"\" \/>\n<\/div>\n<p><label> O seu nome*<br \/>\n<span class=\"wpcf7-form-control-wrap\" data-name=\"your-name\"><input size=\"40\" class=\"wpcf7-form-control wpcf7-text wpcf7-validates-as-required\" aria-required=\"true\" aria-invalid=\"false\" value=\"\" type=\"text\" name=\"your-name\" \/><\/span> <\/label>\n<\/p>\n<p><label> O seu pa\u00eds<br \/>\n<span class=\"wpcf7-form-control-wrap\" data-name=\"your-country\"><input size=\"40\" class=\"wpcf7-form-control wpcf7-text\" aria-invalid=\"false\" value=\"\" type=\"text\" name=\"your-country\" \/><\/span><\/label>\n<\/p>\n<p><label> O seu e-mail*<br \/>\n<span class=\"wpcf7-form-control-wrap\" data-name=\"your-email\"><input size=\"40\" class=\"wpcf7-form-control wpcf7-text wpcf7-email wpcf7-validates-as-required wpcf7-validates-as-email\" aria-required=\"true\" aria-invalid=\"false\" value=\"\" type=\"email\" name=\"your-email\" \/><\/span> <\/label>\n<\/p>\n<p><label> O seu telem\u00f3vel<br \/>\n<span class=\"wpcf7-form-control-wrap\" data-name=\"your-phone\"><input size=\"40\" class=\"wpcf7-form-control wpcf7-text\" aria-invalid=\"false\" value=\"\" type=\"text\" name=\"your-phone\" \/><\/span> <\/label>\n<\/p>\n<p><label> Nome da empresa<br \/>\n<span class=\"wpcf7-form-control-wrap\" data-name=\"text-529\"><input size=\"40\" class=\"wpcf7-form-control wpcf7-text\" aria-invalid=\"false\" value=\"\" type=\"text\" name=\"text-529\" \/><\/span> <\/label>\n<\/p>\n<p><label> S\u00edtio Web da empresa<br \/>\n<span class=\"wpcf7-form-control-wrap\" data-name=\"text-106\"><input size=\"40\" class=\"wpcf7-form-control wpcf7-text\" aria-invalid=\"false\" value=\"\" type=\"text\" name=\"text-106\" \/><\/span> <\/label>\n<\/p>\n<p><label> A sua mensagem*<br \/>\n<span class=\"wpcf7-form-control-wrap\" data-name=\"your-message\"><textarea cols=\"40\" rows=\"10\" class=\"wpcf7-form-control wpcf7-textarea wpcf7-validates-as-required\" aria-required=\"true\" aria-invalid=\"false\" name=\"your-message\"><\/textarea><\/span> <\/label>\n<\/p>\n<p><input class=\"wpcf7-form-control has-spinner wpcf7-submit\" type=\"submit\" value=\"Enviar\" \/>\n<\/p><p style=\"display: none !important;\" class=\"akismet-fields-container\" data-prefix=\"_wpcf7_ak_\"><label>&#916;<textarea name=\"_wpcf7_ak_hp_textarea\" cols=\"45\" rows=\"8\" maxlength=\"100\"><\/textarea><\/label><input type=\"hidden\" id=\"ak_js_1\" name=\"_wpcf7_ak_js\" value=\"143\"\/><script>document.getElementById( \"ak_js_1\" ).setAttribute( \"value\", ( new Date() ).getTime() );<\/script><\/p><div class=\"wpcf7-response-output\" aria-hidden=\"true\"><\/div>\n<input type=\"hidden\" name=\"trp-form-language\" value=\"pt\"\/><\/form>\n<\/div>\n\n<div style='text-align:left' class='yasr-auto-insert-visitor'><\/div>","protected":false},"excerpt":{"rendered":"<p>O forno de t\u00fanel para cozer biscoitos pode ser dividido em tipo el\u00e9trico e tipo de g\u00e1s de acordo com a procura, que pode ser usado para cozer v\u00e1rios biscoitos, p\u00e3o, bolos de lua, bolos e outros produtos. Este forno de t\u00fanel industrial adopta a estrutura e o design do corpo do forno geral internacional, o tamanho da c\u00e2mara do forno \u00e9 razo\u00e1vel, a gama de controlo de temperatura \u00e9 ...<\/p>\n<p class=\"read-more\"> <a class=\"\" href=\"https:\/\/www.bakeryturnkey.com\/pt\/produto\/biscuit-baking-tunnel-oven-for-sale\/\"> <span class=\"screen-reader-text\">Forno el\u00e9trico a g\u00e1s para t\u00fanel de cozimento de biscoitos para venda 380V<\/span> Ler mais \"<\/a><\/p>","protected":false},"featured_media":3013,"comment_status":"open","ping_status":"closed","template":"","meta":{"site-sidebar-layout":"default","site-content-layout":"default","ast-main-header-display":"","ast-hfb-above-header-display":"","ast-hfb-below-header-display":"","ast-hfb-mobile-header-display":"","site-post-title":"","ast-breadcrumbs-content":"","ast-featured-img":"","footer-sml-layout":"","theme-transparent-header-meta":"","adv-header-id-meta":"","stick-header-meta":"","header-above-stick-meta":"","header-main-stick-meta":"","header-below-stick-meta":"","yasr_overall_rating":0,"yasr_post_is_review":"","yasr_auto_insert_disabled":"","yasr_review_type":""},"product_cat":[26],"product_tag":[],"class_list":["post-2839","product","type-product","status-publish","has-post-thumbnail","hentry","product_cat-cake-machinery"],"yoast_head":"<!-- This site is optimized with the Yoast SEO plugin v27.5 - https:\/\/yoast.com\/product\/yoast-seo-wordpress\/ -->\n<title>Gas Electric Biscuit Baking Tunnel Oven For Sale 380V<\/title>\n<meta name=\"description\" content=\"This automatic tunnel oven has two types of heating methods: electric or gas heating, it is suitable for baking biscuits, breads, cakes and so on.\" \/>\n<meta name=\"robots\" content=\"index, follow, max-snippet:-1, max-image-preview:large, max-video-preview:-1\" \/>\n<link rel=\"canonical\" href=\"https:\/\/www.bakeryturnkey.com\/pt\/produto\/biscuit-baking-tunnel-oven-for-sale\/\" \/>\n<meta property=\"og:locale\" content=\"pt_PT\" \/>\n<meta property=\"og:type\" content=\"article\" \/>\n<meta property=\"og:title\" content=\"Gas Electric Biscuit Baking Tunnel Oven For Sale 380V\" \/>\n<meta property=\"og:description\" content=\"This automatic tunnel oven has two types of heating methods: electric or gas heating, it is suitable for baking biscuits, breads, cakes and so on.\" \/>\n<meta property=\"og:url\" content=\"https:\/\/www.bakeryturnkey.com\/pt\/produto\/biscuit-baking-tunnel-oven-for-sale\/\" \/>\n<meta property=\"og:site_name\" content=\"Bakery Food Processing Equipment Manufacturer\" \/>\n<meta property=\"article:modified_time\" content=\"2022-03-30T10:40:32+00:00\" \/>\n<meta property=\"og:image\" content=\"https:\/\/www.bakeryturnkey.com\/wp-content\/uploads\/2022\/02\/12.jpg\" \/>\n\t<meta property=\"og:image:width\" content=\"800\" \/>\n\t<meta property=\"og:image:height\" content=\"800\" \/>\n\t<meta property=\"og:image:type\" content=\"image\/jpeg\" \/>\n<meta name=\"twitter:card\" content=\"summary_large_image\" \/>\n<meta name=\"twitter:label1\" content=\"Tempo estimado de leitura\" \/>\n\t<meta name=\"twitter:data1\" content=\"3 minutos\" \/>\n<script type=\"application\/ld+json\" class=\"yoast-schema-graph\">{\"@context\":\"https:\\\/\\\/schema.org\",\"@graph\":[{\"@type\":\"WebPage\",\"@id\":\"https:\\\/\\\/www.bakeryturnkey.com\\\/product\\\/biscuit-baking-tunnel-oven-for-sale\\\/\",\"url\":\"https:\\\/\\\/www.bakeryturnkey.com\\\/product\\\/biscuit-baking-tunnel-oven-for-sale\\\/\",\"name\":\"Gas Electric Biscuit Baking Tunnel Oven For Sale 380V\",\"isPartOf\":{\"@id\":\"https:\\\/\\\/www.bakeryturnkey.com\\\/#website\"},\"primaryImageOfPage\":{\"@id\":\"https:\\\/\\\/www.bakeryturnkey.com\\\/product\\\/biscuit-baking-tunnel-oven-for-sale\\\/#primaryimage\"},\"image\":{\"@id\":\"https:\\\/\\\/www.bakeryturnkey.com\\\/product\\\/biscuit-baking-tunnel-oven-for-sale\\\/#primaryimage\"},\"thumbnailUrl\":\"https:\\\/\\\/www.bakeryturnkey.com\\\/wp-content\\\/uploads\\\/2022\\\/02\\\/12.jpg\",\"datePublished\":\"2022-02-23T06:44:02+00:00\",\"dateModified\":\"2022-03-30T10:40:32+00:00\",\"description\":\"This automatic tunnel oven has two types of heating methods: electric or gas heating, it is suitable for baking biscuits, breads, cakes and so on.\",\"breadcrumb\":{\"@id\":\"https:\\\/\\\/www.bakeryturnkey.com\\\/product\\\/biscuit-baking-tunnel-oven-for-sale\\\/#breadcrumb\"},\"inLanguage\":\"pt-PT\",\"potentialAction\":[{\"@type\":\"ReadAction\",\"target\":[\"https:\\\/\\\/www.bakeryturnkey.com\\\/product\\\/biscuit-baking-tunnel-oven-for-sale\\\/\"]}]},{\"@type\":\"ImageObject\",\"inLanguage\":\"pt-PT\",\"@id\":\"https:\\\/\\\/www.bakeryturnkey.com\\\/product\\\/biscuit-baking-tunnel-oven-for-sale\\\/#primaryimage\",\"url\":\"https:\\\/\\\/www.bakeryturnkey.com\\\/wp-content\\\/uploads\\\/2022\\\/02\\\/12.jpg\",\"contentUrl\":\"https:\\\/\\\/www.bakeryturnkey.com\\\/wp-content\\\/uploads\\\/2022\\\/02\\\/12.jpg\",\"width\":800,\"height\":800,\"caption\":\"Biscuit Baking Oven\"},{\"@type\":\"BreadcrumbList\",\"@id\":\"https:\\\/\\\/www.bakeryturnkey.com\\\/product\\\/biscuit-baking-tunnel-oven-for-sale\\\/#breadcrumb\",\"itemListElement\":[{\"@type\":\"ListItem\",\"position\":1,\"name\":\"Home\",\"item\":\"https:\\\/\\\/www.bakeryturnkey.com\\\/\"},{\"@type\":\"ListItem\",\"position\":2,\"name\":\"Products\",\"item\":\"https:\\\/\\\/www.bakeryturnkey.com\\\/products\\\/\"},{\"@type\":\"ListItem\",\"position\":3,\"name\":\"Gas Electric Biscuit Baking Tunnel Oven For Sale 380V\"}]},{\"@type\":\"WebSite\",\"@id\":\"https:\\\/\\\/www.bakeryturnkey.com\\\/#website\",\"url\":\"https:\\\/\\\/www.bakeryturnkey.com\\\/\",\"name\":\"Bakery Food Processing Equipment Manufacturer\",\"description\":\"Bakery Food Solutions Provider\",\"publisher\":{\"@id\":\"https:\\\/\\\/www.bakeryturnkey.com\\\/#organization\"},\"potentialAction\":[{\"@type\":\"SearchAction\",\"target\":{\"@type\":\"EntryPoint\",\"urlTemplate\":\"https:\\\/\\\/www.bakeryturnkey.com\\\/?s={search_term_string}\"},\"query-input\":{\"@type\":\"PropertyValueSpecification\",\"valueRequired\":true,\"valueName\":\"search_term_string\"}}],\"inLanguage\":\"pt-PT\"},{\"@type\":\"Organization\",\"@id\":\"https:\\\/\\\/www.bakeryturnkey.com\\\/#organization\",\"name\":\"Bakery Food Processing Equipment Manufacturer\",\"url\":\"https:\\\/\\\/www.bakeryturnkey.com\\\/\",\"logo\":{\"@type\":\"ImageObject\",\"inLanguage\":\"pt-PT\",\"@id\":\"https:\\\/\\\/www.bakeryturnkey.com\\\/#\\\/schema\\\/logo\\\/image\\\/\",\"url\":\"https:\\\/\\\/www.bakeryturnkey.com\\\/wp-content\\\/uploads\\\/2022\\\/03\\\/cropped-13-1.png\",\"contentUrl\":\"https:\\\/\\\/www.bakeryturnkey.com\\\/wp-content\\\/uploads\\\/2022\\\/03\\\/cropped-13-1.png\",\"width\":512,\"height\":429,\"caption\":\"Bakery Food Processing Equipment Manufacturer\"},\"image\":{\"@id\":\"https:\\\/\\\/www.bakeryturnkey.com\\\/#\\\/schema\\\/logo\\\/image\\\/\"}},false]}<\/script>\n<!-- \/ Yoast SEO plugin. -->","yoast_head_json":{"title":"Gas Electric Biscuit Baking Tunnel Oven For Sale 380V","description":"This automatic tunnel oven has two types of heating methods: electric or gas heating, it is suitable for baking biscuits, breads, cakes and so on.","robots":{"index":"index","follow":"follow","max-snippet":"max-snippet:-1","max-image-preview":"max-image-preview:large","max-video-preview":"max-video-preview:-1"},"canonical":"https:\/\/www.bakeryturnkey.com\/pt\/produto\/biscuit-baking-tunnel-oven-for-sale\/","og_locale":"pt_PT","og_type":"article","og_title":"Gas Electric Biscuit Baking Tunnel Oven For Sale 380V","og_description":"This automatic tunnel oven has two types of heating methods: electric or gas heating, it is suitable for baking biscuits, breads, cakes and so on.","og_url":"https:\/\/www.bakeryturnkey.com\/pt\/produto\/biscuit-baking-tunnel-oven-for-sale\/","og_site_name":"Bakery Food Processing Equipment Manufacturer","article_modified_time":"2022-03-30T10:40:32+00:00","og_image":[{"width":800,"height":800,"url":"https:\/\/www.bakeryturnkey.com\/wp-content\/uploads\/2022\/02\/12.jpg","type":"image\/jpeg"}],"twitter_card":"summary_large_image","twitter_misc":{"Tempo estimado de leitura":"3 minutos"},"schema":{"@context":"https:\/\/schema.org","@graph":[{"@type":"WebPage","@id":"https:\/\/www.bakeryturnkey.com\/product\/biscuit-baking-tunnel-oven-for-sale\/","url":"https:\/\/www.bakeryturnkey.com\/product\/biscuit-baking-tunnel-oven-for-sale\/","name":"Gas Electric Biscuit Baking Tunnel Oven For Sale 380V","isPartOf":{"@id":"https:\/\/www.bakeryturnkey.com\/#website"},"primaryImageOfPage":{"@id":"https:\/\/www.bakeryturnkey.com\/product\/biscuit-baking-tunnel-oven-for-sale\/#primaryimage"},"image":{"@id":"https:\/\/www.bakeryturnkey.com\/product\/biscuit-baking-tunnel-oven-for-sale\/#primaryimage"},"thumbnailUrl":"https:\/\/www.bakeryturnkey.com\/wp-content\/uploads\/2022\/02\/12.jpg","datePublished":"2022-02-23T06:44:02+00:00","dateModified":"2022-03-30T10:40:32+00:00","description":"This automatic tunnel oven has two types of heating methods: electric or gas heating, it is suitable for baking biscuits, breads, cakes and so on.","breadcrumb":{"@id":"https:\/\/www.bakeryturnkey.com\/product\/biscuit-baking-tunnel-oven-for-sale\/#breadcrumb"},"inLanguage":"pt-PT","potentialAction":[{"@type":"ReadAction","target":["https:\/\/www.bakeryturnkey.com\/product\/biscuit-baking-tunnel-oven-for-sale\/"]}]},{"@type":"ImageObject","inLanguage":"pt-PT","@id":"https:\/\/www.bakeryturnkey.com\/product\/biscuit-baking-tunnel-oven-for-sale\/#primaryimage","url":"https:\/\/www.bakeryturnkey.com\/wp-content\/uploads\/2022\/02\/12.jpg","contentUrl":"https:\/\/www.bakeryturnkey.com\/wp-content\/uploads\/2022\/02\/12.jpg","width":800,"height":800,"caption":"Biscuit Baking Oven"},{"@type":"BreadcrumbList","@id":"https:\/\/www.bakeryturnkey.com\/product\/biscuit-baking-tunnel-oven-for-sale\/#breadcrumb","itemListElement":[{"@type":"ListItem","position":1,"name":"Home","item":"https:\/\/www.bakeryturnkey.com\/"},{"@type":"ListItem","position":2,"name":"Products","item":"https:\/\/www.bakeryturnkey.com\/products\/"},{"@type":"ListItem","position":3,"name":"Gas Electric Biscuit Baking Tunnel Oven For Sale 380V"}]},{"@type":"WebSite","@id":"https:\/\/www.bakeryturnkey.com\/#website","url":"https:\/\/www.bakeryturnkey.com\/","name":"Bakery Food Processing Equipment Manufacturer","description":"Bakery Food Solutions Provider","publisher":{"@id":"https:\/\/www.bakeryturnkey.com\/#organization"},"potentialAction":[{"@type":"SearchAction","target":{"@type":"EntryPoint","urlTemplate":"https:\/\/www.bakeryturnkey.com\/?s={search_term_string}"},"query-input":{"@type":"PropertyValueSpecification","valueRequired":true,"valueName":"search_term_string"}}],"inLanguage":"pt-PT"},{"@type":"Organization","@id":"https:\/\/www.bakeryturnkey.com\/#organization","name":"Bakery Food Processing Equipment Manufacturer","url":"https:\/\/www.bakeryturnkey.com\/","logo":{"@type":"ImageObject","inLanguage":"pt-PT","@id":"https:\/\/www.bakeryturnkey.com\/#\/schema\/logo\/image\/","url":"https:\/\/www.bakeryturnkey.com\/wp-content\/uploads\/2022\/03\/cropped-13-1.png","contentUrl":"https:\/\/www.bakeryturnkey.com\/wp-content\/uploads\/2022\/03\/cropped-13-1.png","width":512,"height":429,"caption":"Bakery Food Processing Equipment Manufacturer"},"image":{"@id":"https:\/\/www.bakeryturnkey.com\/#\/schema\/logo\/image\/"}},false]}},"yasr_visitor_votes":{"stars_attributes":{"read_only":false,"span_bottom":false},"number_of_votes":0,"sum_votes":0},"_links":{"self":[{"href":"https:\/\/www.bakeryturnkey.com\/pt\/wp-json\/wp\/v2\/product\/2839","targetHints":{"allow":["GET"]}}],"collection":[{"href":"https:\/\/www.bakeryturnkey.com\/pt\/wp-json\/wp\/v2\/product"}],"about":[{"href":"https:\/\/www.bakeryturnkey.com\/pt\/wp-json\/wp\/v2\/types\/product"}],"replies":[{"embeddable":true,"href":"https:\/\/www.bakeryturnkey.com\/pt\/wp-json\/wp\/v2\/comments?post=2839"}],"wp:featuredmedia":[{"embeddable":true,"href":"https:\/\/www.bakeryturnkey.com\/pt\/wp-json\/wp\/v2\/media\/3013"}],"wp:attachment":[{"href":"https:\/\/www.bakeryturnkey.com\/pt\/wp-json\/wp\/v2\/media?parent=2839"}],"wp:term":[{"taxonomy":"product_cat","embeddable":true,"href":"https:\/\/www.bakeryturnkey.com\/pt\/wp-json\/wp\/v2\/product_cat?post=2839"},{"taxonomy":"product_tag","embeddable":true,"href":"https:\/\/www.bakeryturnkey.com\/pt\/wp-json\/wp\/v2\/product_tag?post=2839"}],"curies":[{"name":"wp","href":"https:\/\/api.w.org\/{rel}","templated":true}]}}