{"id":2732,"date":"2022-02-17T17:47:45","date_gmt":"2022-02-17T09:47:45","guid":{"rendered":"https:\/\/www.bakeryturnkey.com\/?post_type=product&#038;p=2732"},"modified":"2025-10-17T15:21:48","modified_gmt":"2025-10-17T07:21:48","slug":"commercial-egg-tart-shell-machine","status":"publish","type":"product","link":"https:\/\/www.bakeryturnkey.com\/pt\/produto\/commercial-egg-tart-shell-machine\/","title":{"rendered":"M\u00e1quina Comercial de Casca de Torta de Ovo para o Neg\u00f3cio de Tartes"},"content":{"rendered":"<p>Esta m\u00e1quina de casca de torta de ovo \u00e9 usada para casca de pastelaria, casca de torta de ovo e outros produtos que precisam ser pressionados. Com diferentes moldes, pode produzir cascas de tartes de ovos de diferentes tamanhos e estilos.<\/p>\n<p><img loading=\"lazy\" decoding=\"async\" class=\"alignnone size-full wp-image-2733\" src=\"https:\/\/www.bakeryturnkey.com\/wp-content\/uploads\/2022\/02\/1-2.jpg\" alt=\"M\u00e1quina autom\u00e1tica para tortas de ovos\" width=\"800\" height=\"800\" srcset=\"https:\/\/www.bakeryturnkey.com\/wp-content\/uploads\/2022\/02\/1-2.jpg 800w, https:\/\/www.bakeryturnkey.com\/wp-content\/uploads\/2022\/02\/1-2-600x600.jpg 600w, https:\/\/www.bakeryturnkey.com\/wp-content\/uploads\/2022\/02\/1-2-100x100.jpg 100w, https:\/\/www.bakeryturnkey.com\/wp-content\/uploads\/2022\/02\/1-2-300x300.jpg 300w, https:\/\/www.bakeryturnkey.com\/wp-content\/uploads\/2022\/02\/1-2-150x150.jpg 150w, https:\/\/www.bakeryturnkey.com\/wp-content\/uploads\/2022\/02\/1-2-768x768.jpg 768w\" sizes=\"auto, (max-width: 800px) 100vw, 800px\" \/><\/p>\n<h2><strong>Carater\u00edsticas da m\u00e1quina de fazer tortas de ovos<\/strong><\/h2>\n<ol>\n<li>Utilizando o controlo do programa PLC, alta efici\u00eancia de trabalho, a capacidade de produ\u00e7\u00e3o numa hora \u00e9 de cerca de 1500-1800 pe\u00e7as.<\/li>\n<li>A m\u00e1quina de tartelete adopta um painel t\u00e1til de interface homem-m\u00e1quina, que \u00e9 f\u00e1cil de operar e f\u00e1cil de utilizar por qualquer pessoa.<\/li>\n<li>O molde da m\u00e1quina de fazer tartes \u00e9 f\u00e1cil de substituir, adequado para a produ\u00e7\u00e3o de v\u00e1rios estilos de tartes e tem uma vasta gama de utiliza\u00e7\u00f5es.<\/li>\n<li>Bom desempenho, material em a\u00e7o inoxid\u00e1vel, f\u00e1cil de limpar e manter, \u00e9 um equipamento relativamente econ\u00f3mico para a produ\u00e7\u00e3o de tartes de ovos.<\/li>\n<li>Pode ser equipada com equipamento de alimenta\u00e7\u00e3o autom\u00e1tica e alimenta\u00e7\u00e3o autom\u00e1tica de copos com a m\u00e1quina de moldagem, que pode completar rapidamente a moldagem de cascas de tartes de ovos.<\/li>\n<li>A m\u00e1quina de fazer tartes comercial \u00e9 adequada para a produ\u00e7\u00e3o em massa de tartes de ovos, poupando m\u00e3o de obra e reduzindo os custos de pessoal.<\/li>\n<\/ol>\n<h2><strong>Aplica\u00e7\u00e3o<\/strong><\/h2>\n<p><img loading=\"lazy\" decoding=\"async\" class=\"alignnone size-full wp-image-2734\" src=\"https:\/\/www.bakeryturnkey.com\/wp-content\/uploads\/2022\/02\/2-2.jpg\" alt=\"M\u00e1quina de fazer tartes\" width=\"800\" height=\"680\" srcset=\"https:\/\/www.bakeryturnkey.com\/wp-content\/uploads\/2022\/02\/2-2.jpg 800w, https:\/\/www.bakeryturnkey.com\/wp-content\/uploads\/2022\/02\/2-2-600x510.jpg 600w, https:\/\/www.bakeryturnkey.com\/wp-content\/uploads\/2022\/02\/2-2-300x255.jpg 300w, https:\/\/www.bakeryturnkey.com\/wp-content\/uploads\/2022\/02\/2-2-768x653.jpg 768w\" sizes=\"auto, (max-width: 800px) 100vw, 800px\" \/><\/p>\n<h2><strong>V\u00eddeo de teste da m\u00e1quina comercial de fazer tortas<\/strong><\/h2>\n<p><iframe loading=\"lazy\" title=\"Leitor de v\u00eddeo do YouTube\" src=\"https:\/\/www.youtube.com\/embed\/WS0tASGUIDk\" width=\"560\" height=\"315\" frameborder=\"0\" allowfullscreen=\"allowfullscreen\"><\/iframe><\/p>\n<h2><strong>Pontos de opera\u00e7\u00e3o da m\u00e1quina de fazer torta de casca<\/strong><\/h2>\n<p>A. Etapas de funcionamento: ligar a fonte de alimenta\u00e7\u00e3o - ligar o tubo de g\u00e1s - ligar o bot\u00e3o de alimenta\u00e7\u00e3o - ir para o ecr\u00e3 manual para definir os par\u00e2metros - ligar o interrutor autom\u00e1tico - premir o bot\u00e3o de arranque - colocar o copo de alum\u00ednio e o enchimento no orif\u00edcio do molde - moldagem por compress\u00e3o - descarga das cascas de tarte de ovo.<\/p>\n<p>B. Passos para a substitui\u00e7\u00e3o do molde: Desligue a alimenta\u00e7\u00e3o, desaperte os parafusos superiores do molde, retire a fonte de alimenta\u00e7\u00e3o da bobina de aquecimento el\u00e9trico e, em seguida, desaperte os tr\u00eas parafusos do disco para o retirar. Instalar um novo molde: Depois de instalar o disco, instale o molde superior e teste a espessura da crosta de tarte de ovo no estado manual.<\/p>\n<h2><strong>Par\u00e2metros t\u00e9cnicos<\/strong><\/h2>\n<table border=\"1\" cellspacing=\"0\">\n<tbody>\n<tr>\n<td>Modelo<\/td>\n<td>GGA303-1<\/td>\n<\/tr>\n<tr>\n<td>Capacidade<\/td>\n<td>1500-1800PCS\/H<\/td>\n<\/tr>\n<tr>\n<td>Tens\u00e3o<\/td>\n<td>220V, 50hz<\/td>\n<\/tr>\n<tr>\n<td>Di\u00e2metro da tarte<\/td>\n<td>40-90mm<\/td>\n<\/tr>\n<tr>\n<td>Tamanho<\/td>\n<td>840*800*1300mm<\/td>\n<\/tr>\n<tr>\n<td>Peso<\/td>\n<td>130 kg<\/td>\n<\/tr>\n<\/tbody>\n<\/table>\n<h3><strong>Deixe o seu pedido de or\u00e7amento<\/strong><\/h3>\n\n<div class=\"wpcf7 no-js\" id=\"wpcf7-f2977-o1\" lang=\"en-US\" dir=\"ltr\">\n<div class=\"screen-reader-response\"><p role=\"status\" aria-live=\"polite\" aria-atomic=\"true\"><\/p> <ul><\/ul><\/div>\n<form action=\"\/pt\/wp-json\/wp\/v2\/product\/2732#wpcf7-f2977-o1\" method=\"post\" class=\"wpcf7-form init\" aria-label=\"Formul\u00e1rio de contacto\" novalidate=\"novalidate\" data-status=\"init\" data-trp-original-action=\"\/pt\/wp-json\/wp\/v2\/product\/2732#wpcf7-f2977-o1\">\n<div style=\"display: none;\">\n<input type=\"hidden\" name=\"_wpcf7\" value=\"2977\" \/>\n<input type=\"hidden\" name=\"_wpcf7_version\" value=\"5.7.7\" \/>\n<input type=\"hidden\" name=\"_wpcf7_locale\" value=\"en_US\" \/>\n<input type=\"hidden\" name=\"_wpcf7_unit_tag\" value=\"wpcf7-f2977-o1\" \/>\n<input type=\"hidden\" name=\"_wpcf7_container_post\" value=\"0\" \/>\n<input type=\"hidden\" name=\"_wpcf7_posted_data_hash\" value=\"\" \/>\n<\/div>\n<p><label> O seu nome*<br \/>\n<span class=\"wpcf7-form-control-wrap\" data-name=\"your-name\"><input size=\"40\" class=\"wpcf7-form-control wpcf7-text wpcf7-validates-as-required\" aria-required=\"true\" aria-invalid=\"false\" value=\"\" type=\"text\" name=\"your-name\" \/><\/span> <\/label>\n<\/p>\n<p><label> O seu pa\u00eds<br \/>\n<span class=\"wpcf7-form-control-wrap\" data-name=\"your-country\"><input size=\"40\" class=\"wpcf7-form-control wpcf7-text\" aria-invalid=\"false\" value=\"\" type=\"text\" name=\"your-country\" \/><\/span><\/label>\n<\/p>\n<p><label> O seu e-mail*<br \/>\n<span class=\"wpcf7-form-control-wrap\" data-name=\"your-email\"><input size=\"40\" class=\"wpcf7-form-control wpcf7-text wpcf7-email wpcf7-validates-as-required wpcf7-validates-as-email\" aria-required=\"true\" aria-invalid=\"false\" value=\"\" type=\"email\" name=\"your-email\" \/><\/span> <\/label>\n<\/p>\n<p><label> O seu telem\u00f3vel<br \/>\n<span class=\"wpcf7-form-control-wrap\" data-name=\"your-phone\"><input size=\"40\" class=\"wpcf7-form-control wpcf7-text\" aria-invalid=\"false\" value=\"\" type=\"text\" name=\"your-phone\" \/><\/span> <\/label>\n<\/p>\n<p><label> Nome da empresa<br \/>\n<span class=\"wpcf7-form-control-wrap\" data-name=\"text-529\"><input size=\"40\" class=\"wpcf7-form-control wpcf7-text\" aria-invalid=\"false\" value=\"\" type=\"text\" name=\"text-529\" \/><\/span> <\/label>\n<\/p>\n<p><label> S\u00edtio Web da empresa<br \/>\n<span class=\"wpcf7-form-control-wrap\" data-name=\"text-106\"><input size=\"40\" class=\"wpcf7-form-control wpcf7-text\" aria-invalid=\"false\" value=\"\" type=\"text\" name=\"text-106\" \/><\/span> <\/label>\n<\/p>\n<p><label> A sua mensagem*<br \/>\n<span class=\"wpcf7-form-control-wrap\" data-name=\"your-message\"><textarea cols=\"40\" rows=\"10\" class=\"wpcf7-form-control wpcf7-textarea wpcf7-validates-as-required\" aria-required=\"true\" aria-invalid=\"false\" name=\"your-message\"><\/textarea><\/span> <\/label>\n<\/p>\n<p><input class=\"wpcf7-form-control has-spinner wpcf7-submit\" type=\"submit\" value=\"Enviar\" \/>\n<\/p><p style=\"display: none !important;\" class=\"akismet-fields-container\" data-prefix=\"_wpcf7_ak_\"><label>&#916;<textarea name=\"_wpcf7_ak_hp_textarea\" cols=\"45\" rows=\"8\" maxlength=\"100\"><\/textarea><\/label><input type=\"hidden\" id=\"ak_js_1\" name=\"_wpcf7_ak_js\" value=\"113\"\/><script>document.getElementById( \"ak_js_1\" ).setAttribute( \"value\", ( new Date() ).getTime() );<\/script><\/p><div class=\"wpcf7-response-output\" aria-hidden=\"true\"><\/div>\n<input type=\"hidden\" name=\"trp-form-language\" value=\"pt\"\/><\/form>\n<\/div>\n\n<div style='text-align:left' class='yasr-auto-insert-visitor'><\/div>","protected":false},"excerpt":{"rendered":"<p>Pode ser utilizado para produzir cascas de tartes de ovos de diferentes tamanhos, e a substitui\u00e7\u00e3o do molde \u00e9 simples e conveniente.<\/p>","protected":false},"featured_media":3015,"comment_status":"open","ping_status":"closed","template":"","meta":{"site-sidebar-layout":"default","site-content-layout":"default","ast-main-header-display":"","ast-hfb-above-header-display":"","ast-hfb-below-header-display":"","ast-hfb-mobile-header-display":"","site-post-title":"","ast-breadcrumbs-content":"","ast-featured-img":"","footer-sml-layout":"","theme-transparent-header-meta":"","adv-header-id-meta":"","stick-header-meta":"","header-above-stick-meta":"","header-main-stick-meta":"","header-below-stick-meta":"","yasr_overall_rating":0,"yasr_post_is_review":"","yasr_auto_insert_disabled":"","yasr_review_type":""},"product_cat":[35],"product_tag":[],"class_list":["post-2732","product","type-product","status-publish","has-post-thumbnail","hentry","product_cat-tart-machinery"],"yoast_head":"<!-- This site is optimized with the Yoast SEO plugin v27.5 - https:\/\/yoast.com\/product\/yoast-seo-wordpress\/ -->\n<title>Commercial Egg Tart Shell Machine for Tartlet Business<\/title>\n<meta name=\"description\" content=\"The egg tart shell machine developed by our company has various models, which is a special equipment for producing egg tart shells of different sizes.\" \/>\n<meta name=\"robots\" content=\"index, follow, max-snippet:-1, max-image-preview:large, max-video-preview:-1\" \/>\n<link rel=\"canonical\" href=\"https:\/\/www.bakeryturnkey.com\/pt\/produto\/commercial-egg-tart-shell-machine\/\" \/>\n<meta property=\"og:locale\" content=\"pt_PT\" \/>\n<meta property=\"og:type\" content=\"article\" \/>\n<meta property=\"og:title\" content=\"Commercial Egg Tart Shell Machine for Tartlet Business\" \/>\n<meta property=\"og:description\" content=\"The egg tart shell machine developed by our company has various models, which is a special equipment for producing egg tart shells of different sizes.\" \/>\n<meta property=\"og:url\" content=\"https:\/\/www.bakeryturnkey.com\/pt\/produto\/commercial-egg-tart-shell-machine\/\" \/>\n<meta property=\"og:site_name\" content=\"Bakery Food Processing Equipment Manufacturer\" \/>\n<meta property=\"article:modified_time\" content=\"2025-10-17T07:21:48+00:00\" \/>\n<meta property=\"og:image\" content=\"https:\/\/www.bakeryturnkey.com\/wp-content\/uploads\/2022\/02\/11-1.jpg\" \/>\n\t<meta property=\"og:image:width\" content=\"800\" \/>\n\t<meta property=\"og:image:height\" content=\"800\" \/>\n\t<meta property=\"og:image:type\" content=\"image\/jpeg\" \/>\n<meta name=\"twitter:card\" content=\"summary_large_image\" \/>\n<meta name=\"twitter:label1\" content=\"Tempo estimado de leitura\" \/>\n\t<meta name=\"twitter:data1\" content=\"3 minutos\" \/>\n<script type=\"application\/ld+json\" class=\"yoast-schema-graph\">{\"@context\":\"https:\\\/\\\/schema.org\",\"@graph\":[{\"@type\":\"WebPage\",\"@id\":\"https:\\\/\\\/www.bakeryturnkey.com\\\/product\\\/commercial-egg-tart-shell-machine\\\/\",\"url\":\"https:\\\/\\\/www.bakeryturnkey.com\\\/product\\\/commercial-egg-tart-shell-machine\\\/\",\"name\":\"Commercial Egg Tart Shell Machine for Tartlet Business\",\"isPartOf\":{\"@id\":\"https:\\\/\\\/www.bakeryturnkey.com\\\/#website\"},\"primaryImageOfPage\":{\"@id\":\"https:\\\/\\\/www.bakeryturnkey.com\\\/product\\\/commercial-egg-tart-shell-machine\\\/#primaryimage\"},\"image\":{\"@id\":\"https:\\\/\\\/www.bakeryturnkey.com\\\/product\\\/commercial-egg-tart-shell-machine\\\/#primaryimage\"},\"thumbnailUrl\":\"https:\\\/\\\/www.bakeryturnkey.com\\\/wp-content\\\/uploads\\\/2022\\\/02\\\/11-1.jpg\",\"datePublished\":\"2022-02-17T09:47:45+00:00\",\"dateModified\":\"2025-10-17T07:21:48+00:00\",\"description\":\"The egg tart shell machine developed by our company has various models, which is a special equipment for producing egg tart shells of different sizes.\",\"breadcrumb\":{\"@id\":\"https:\\\/\\\/www.bakeryturnkey.com\\\/product\\\/commercial-egg-tart-shell-machine\\\/#breadcrumb\"},\"inLanguage\":\"pt-PT\",\"potentialAction\":[{\"@type\":\"ReadAction\",\"target\":[\"https:\\\/\\\/www.bakeryturnkey.com\\\/product\\\/commercial-egg-tart-shell-machine\\\/\"]}]},{\"@type\":\"ImageObject\",\"inLanguage\":\"pt-PT\",\"@id\":\"https:\\\/\\\/www.bakeryturnkey.com\\\/product\\\/commercial-egg-tart-shell-machine\\\/#primaryimage\",\"url\":\"https:\\\/\\\/www.bakeryturnkey.com\\\/wp-content\\\/uploads\\\/2022\\\/02\\\/11-1.jpg\",\"contentUrl\":\"https:\\\/\\\/www.bakeryturnkey.com\\\/wp-content\\\/uploads\\\/2022\\\/02\\\/11-1.jpg\",\"width\":800,\"height\":800,\"caption\":\"Tart Press Machine\"},{\"@type\":\"BreadcrumbList\",\"@id\":\"https:\\\/\\\/www.bakeryturnkey.com\\\/product\\\/commercial-egg-tart-shell-machine\\\/#breadcrumb\",\"itemListElement\":[{\"@type\":\"ListItem\",\"position\":1,\"name\":\"Home\",\"item\":\"https:\\\/\\\/www.bakeryturnkey.com\\\/\"},{\"@type\":\"ListItem\",\"position\":2,\"name\":\"Products\",\"item\":\"https:\\\/\\\/www.bakeryturnkey.com\\\/products\\\/\"},{\"@type\":\"ListItem\",\"position\":3,\"name\":\"Commercial Egg Tart Shell Machine for Tartlet Business\"}]},{\"@type\":\"WebSite\",\"@id\":\"https:\\\/\\\/www.bakeryturnkey.com\\\/#website\",\"url\":\"https:\\\/\\\/www.bakeryturnkey.com\\\/\",\"name\":\"Bakery Food Processing Equipment Manufacturer\",\"description\":\"Bakery Food Solutions Provider\",\"publisher\":{\"@id\":\"https:\\\/\\\/www.bakeryturnkey.com\\\/#organization\"},\"potentialAction\":[{\"@type\":\"SearchAction\",\"target\":{\"@type\":\"EntryPoint\",\"urlTemplate\":\"https:\\\/\\\/www.bakeryturnkey.com\\\/?s={search_term_string}\"},\"query-input\":{\"@type\":\"PropertyValueSpecification\",\"valueRequired\":true,\"valueName\":\"search_term_string\"}}],\"inLanguage\":\"pt-PT\"},{\"@type\":\"Organization\",\"@id\":\"https:\\\/\\\/www.bakeryturnkey.com\\\/#organization\",\"name\":\"Bakery Food Processing Equipment Manufacturer\",\"url\":\"https:\\\/\\\/www.bakeryturnkey.com\\\/\",\"logo\":{\"@type\":\"ImageObject\",\"inLanguage\":\"pt-PT\",\"@id\":\"https:\\\/\\\/www.bakeryturnkey.com\\\/#\\\/schema\\\/logo\\\/image\\\/\",\"url\":\"https:\\\/\\\/www.bakeryturnkey.com\\\/wp-content\\\/uploads\\\/2022\\\/03\\\/cropped-13-1.png\",\"contentUrl\":\"https:\\\/\\\/www.bakeryturnkey.com\\\/wp-content\\\/uploads\\\/2022\\\/03\\\/cropped-13-1.png\",\"width\":512,\"height\":429,\"caption\":\"Bakery Food Processing Equipment Manufacturer\"},\"image\":{\"@id\":\"https:\\\/\\\/www.bakeryturnkey.com\\\/#\\\/schema\\\/logo\\\/image\\\/\"}},false]}<\/script>\n<!-- \/ Yoast SEO plugin. -->","yoast_head_json":{"title":"Commercial Egg Tart Shell Machine for Tartlet Business","description":"The egg tart shell machine developed by our company has various models, which is a special equipment for producing egg tart shells of different sizes.","robots":{"index":"index","follow":"follow","max-snippet":"max-snippet:-1","max-image-preview":"max-image-preview:large","max-video-preview":"max-video-preview:-1"},"canonical":"https:\/\/www.bakeryturnkey.com\/pt\/produto\/commercial-egg-tart-shell-machine\/","og_locale":"pt_PT","og_type":"article","og_title":"Commercial Egg Tart Shell Machine for Tartlet Business","og_description":"The egg tart shell machine developed by our company has various models, which is a special equipment for producing egg tart shells of different sizes.","og_url":"https:\/\/www.bakeryturnkey.com\/pt\/produto\/commercial-egg-tart-shell-machine\/","og_site_name":"Bakery Food Processing Equipment Manufacturer","article_modified_time":"2025-10-17T07:21:48+00:00","og_image":[{"width":800,"height":800,"url":"https:\/\/www.bakeryturnkey.com\/wp-content\/uploads\/2022\/02\/11-1.jpg","type":"image\/jpeg"}],"twitter_card":"summary_large_image","twitter_misc":{"Tempo estimado de leitura":"3 minutos"},"schema":{"@context":"https:\/\/schema.org","@graph":[{"@type":"WebPage","@id":"https:\/\/www.bakeryturnkey.com\/product\/commercial-egg-tart-shell-machine\/","url":"https:\/\/www.bakeryturnkey.com\/product\/commercial-egg-tart-shell-machine\/","name":"Commercial Egg Tart Shell Machine for Tartlet Business","isPartOf":{"@id":"https:\/\/www.bakeryturnkey.com\/#website"},"primaryImageOfPage":{"@id":"https:\/\/www.bakeryturnkey.com\/product\/commercial-egg-tart-shell-machine\/#primaryimage"},"image":{"@id":"https:\/\/www.bakeryturnkey.com\/product\/commercial-egg-tart-shell-machine\/#primaryimage"},"thumbnailUrl":"https:\/\/www.bakeryturnkey.com\/wp-content\/uploads\/2022\/02\/11-1.jpg","datePublished":"2022-02-17T09:47:45+00:00","dateModified":"2025-10-17T07:21:48+00:00","description":"The egg tart shell machine developed by our company has various models, which is a special equipment for producing egg tart shells of different sizes.","breadcrumb":{"@id":"https:\/\/www.bakeryturnkey.com\/product\/commercial-egg-tart-shell-machine\/#breadcrumb"},"inLanguage":"pt-PT","potentialAction":[{"@type":"ReadAction","target":["https:\/\/www.bakeryturnkey.com\/product\/commercial-egg-tart-shell-machine\/"]}]},{"@type":"ImageObject","inLanguage":"pt-PT","@id":"https:\/\/www.bakeryturnkey.com\/product\/commercial-egg-tart-shell-machine\/#primaryimage","url":"https:\/\/www.bakeryturnkey.com\/wp-content\/uploads\/2022\/02\/11-1.jpg","contentUrl":"https:\/\/www.bakeryturnkey.com\/wp-content\/uploads\/2022\/02\/11-1.jpg","width":800,"height":800,"caption":"Tart Press Machine"},{"@type":"BreadcrumbList","@id":"https:\/\/www.bakeryturnkey.com\/product\/commercial-egg-tart-shell-machine\/#breadcrumb","itemListElement":[{"@type":"ListItem","position":1,"name":"Home","item":"https:\/\/www.bakeryturnkey.com\/"},{"@type":"ListItem","position":2,"name":"Products","item":"https:\/\/www.bakeryturnkey.com\/products\/"},{"@type":"ListItem","position":3,"name":"Commercial Egg Tart Shell Machine for Tartlet Business"}]},{"@type":"WebSite","@id":"https:\/\/www.bakeryturnkey.com\/#website","url":"https:\/\/www.bakeryturnkey.com\/","name":"Bakery Food Processing Equipment Manufacturer","description":"Bakery Food Solutions Provider","publisher":{"@id":"https:\/\/www.bakeryturnkey.com\/#organization"},"potentialAction":[{"@type":"SearchAction","target":{"@type":"EntryPoint","urlTemplate":"https:\/\/www.bakeryturnkey.com\/?s={search_term_string}"},"query-input":{"@type":"PropertyValueSpecification","valueRequired":true,"valueName":"search_term_string"}}],"inLanguage":"pt-PT"},{"@type":"Organization","@id":"https:\/\/www.bakeryturnkey.com\/#organization","name":"Bakery Food Processing Equipment Manufacturer","url":"https:\/\/www.bakeryturnkey.com\/","logo":{"@type":"ImageObject","inLanguage":"pt-PT","@id":"https:\/\/www.bakeryturnkey.com\/#\/schema\/logo\/image\/","url":"https:\/\/www.bakeryturnkey.com\/wp-content\/uploads\/2022\/03\/cropped-13-1.png","contentUrl":"https:\/\/www.bakeryturnkey.com\/wp-content\/uploads\/2022\/03\/cropped-13-1.png","width":512,"height":429,"caption":"Bakery Food Processing Equipment Manufacturer"},"image":{"@id":"https:\/\/www.bakeryturnkey.com\/#\/schema\/logo\/image\/"}},false]}},"yasr_visitor_votes":{"stars_attributes":{"read_only":false,"span_bottom":false},"number_of_votes":0,"sum_votes":0},"_links":{"self":[{"href":"https:\/\/www.bakeryturnkey.com\/pt\/wp-json\/wp\/v2\/product\/2732","targetHints":{"allow":["GET"]}}],"collection":[{"href":"https:\/\/www.bakeryturnkey.com\/pt\/wp-json\/wp\/v2\/product"}],"about":[{"href":"https:\/\/www.bakeryturnkey.com\/pt\/wp-json\/wp\/v2\/types\/product"}],"replies":[{"embeddable":true,"href":"https:\/\/www.bakeryturnkey.com\/pt\/wp-json\/wp\/v2\/comments?post=2732"}],"wp:featuredmedia":[{"embeddable":true,"href":"https:\/\/www.bakeryturnkey.com\/pt\/wp-json\/wp\/v2\/media\/3015"}],"wp:attachment":[{"href":"https:\/\/www.bakeryturnkey.com\/pt\/wp-json\/wp\/v2\/media?parent=2732"}],"wp:term":[{"taxonomy":"product_cat","embeddable":true,"href":"https:\/\/www.bakeryturnkey.com\/pt\/wp-json\/wp\/v2\/product_cat?post=2732"},{"taxonomy":"product_tag","embeddable":true,"href":"https:\/\/www.bakeryturnkey.com\/pt\/wp-json\/wp\/v2\/product_tag?post=2732"}],"curies":[{"name":"wp","href":"https:\/\/api.w.org\/{rel}","templated":true}]}}