{"id":2722,"date":"2022-02-17T10:54:41","date_gmt":"2022-02-17T02:54:41","guid":{"rendered":"https:\/\/www.bakeryturnkey.com\/?post_type=product&#038;p=2722"},"modified":"2025-10-17T15:22:51","modified_gmt":"2025-10-17T07:22:51","slug":"automatic-egg-tart-shell-production-line","status":"publish","type":"product","link":"https:\/\/www.bakeryturnkey.com\/pt\/produto\/automatic-egg-tart-shell-production-line\/","title":{"rendered":"Linha de produ\u00e7\u00e3o autom\u00e1tica de casca de torta de ovo 40-90mm de di\u00e2metro"},"content":{"rendered":"<h2><strong>Linha de produ\u00e7\u00e3o de casca de torta de ovo Introdu\u00e7\u00e3o<\/strong><\/h2>\n<p>A linha de produ\u00e7\u00e3o \u00e9 composta principalmente por m\u00e1quina misturadora de massa, m\u00e1quina de prensagem de massa, m\u00e1quina de enrolar folha de massa e m\u00e1quina formadora de casca de torta de ovo, que \u00e9 especialmente desenvolvida para fazer cascas de torta de ovo de grande produ\u00e7\u00e3o.<\/p>\n<p><img loading=\"lazy\" decoding=\"async\" class=\"alignnone size-full wp-image-2720\" src=\"https:\/\/www.bakeryturnkey.com\/wp-content\/uploads\/2022\/02\/1.jpg\" alt=\"Linha de produ\u00e7\u00e3o de casca de torta de ovo\" width=\"800\" height=\"800\" srcset=\"https:\/\/www.bakeryturnkey.com\/wp-content\/uploads\/2022\/02\/1.jpg 800w, https:\/\/www.bakeryturnkey.com\/wp-content\/uploads\/2022\/02\/1-600x600.jpg 600w, https:\/\/www.bakeryturnkey.com\/wp-content\/uploads\/2022\/02\/1-100x100.jpg 100w, https:\/\/www.bakeryturnkey.com\/wp-content\/uploads\/2022\/02\/1-300x300.jpg 300w, https:\/\/www.bakeryturnkey.com\/wp-content\/uploads\/2022\/02\/1-150x150.jpg 150w, https:\/\/www.bakeryturnkey.com\/wp-content\/uploads\/2022\/02\/1-768x768.jpg 768w\" sizes=\"auto, (max-width: 800px) 100vw, 800px\" \/><\/p>\n<h2><strong>Carater\u00edsticas da Linha de Produ\u00e7\u00e3o de Torta de Ovo<\/strong><\/h2>\n<ul>\n<li>O equipamento adopta as vantagens de produtos similares no mundo e \u00e9 desenvolvido e fabricado de acordo com as necessidades dos utilizadores.<\/li>\n<li>Seguindo o conceito de design de desempenho est\u00e1vel, cuidadosamente elaborado, a m\u00e1quina tem uma estrutura compacta e \u00e9 f\u00e1cil de operar.<\/li>\n<li>A m\u00e1quina de fazer tartes de ovo tem um elevado grau de automatiza\u00e7\u00e3o, poupa trabalho e \u00e9 adequada para a produ\u00e7\u00e3o em grande escala de grandes e m\u00e9dias empresas.<\/li>\n<li>Ampla gama de aplica\u00e7\u00f5es, a m\u00e1quina pode mudar o molde para fazer tartes de ovos de diferentes tamanhos e estilos. E pode fazer tartes de ovo portuguesas, tartes de ovo cantonesas, etc.<\/li>\n<li>Cada equipamento da linha de tortas de ovos adopta materiais de alta qualidade, tornando o equipamento robusto e dur\u00e1vel, podendo ser utilizado durante muito tempo.<\/li>\n<\/ul>\n<h2><strong>O processo de produ\u00e7\u00e3o de pele de tarte de ovo<\/strong><\/h2>\n<p>Mistura da massa -- Transporte e acabamento da folha de massa -- Extens\u00e3o da prensagem da massa -- Dobragem -- Desbaste da folha de massa -- Enrolamento da folha de massa -- Divis\u00e3o da massa -- Prensagem da massa -- Forma\u00e7\u00e3o da casca da torta.<\/p>\n<h2><strong>V\u00eddeo da Linha de Produ\u00e7\u00e3o de Casca de Torta<\/strong><\/h2>\n<p><iframe loading=\"lazy\" title=\"Leitor de v\u00eddeo do YouTube\" src=\"https:\/\/www.youtube.com\/embed\/wmqEAqW73WI\" width=\"560\" height=\"315\" frameborder=\"0\" allowfullscreen=\"allowfullscreen\"><\/iframe><\/p>\n<h2><strong>Produto principal da linha de produ\u00e7\u00e3o<\/strong><\/h2>\n<p><strong>M\u00e1quina de prensagem de folha de massa:<\/strong> \u00c9 utilizada para a produ\u00e7\u00e3o de massa folhada, tartes de ovos, massa folhada e outros alimentos estaladi\u00e7os. Concebida profissionalmente, a massa pode ser prensada at\u00e9 \u00e0 espessura mais fina e uniforme. Tem as carater\u00edsticas de opera\u00e7\u00e3o segura, robusta e dur\u00e1vel, economia de espa\u00e7o (dobr\u00e1vel), alta efici\u00eancia, processo de produ\u00e7\u00e3o intuitivo e fi\u00e1vel.<\/p>\n<p><strong>M\u00e1quina de fazer cascas para tartes de ovos: <\/strong>\u00c9 especialmente utilizado para prensar a mesma quantidade de massa em cascas de tartes de ovo do mesmo tamanho. Com moldes diferentes, podem tamb\u00e9m ser feitas cascas de tartes de outras formas e tamanhos. O funcionamento \u00e9 muito simples, com controlos no ecr\u00e3 t\u00e1til.<strong><br \/>\n<\/strong><\/p>\n<p><strong>Cascas de tartes de ovos comuns<\/strong><\/p>\n<p><img loading=\"lazy\" decoding=\"async\" class=\"alignnone size-full wp-image-2723\" src=\"https:\/\/www.bakeryturnkey.com\/wp-content\/uploads\/2022\/02\/2.jpg\" alt=\"Linha de produ\u00e7\u00e3o de casca de torta\" width=\"800\" height=\"800\" srcset=\"https:\/\/www.bakeryturnkey.com\/wp-content\/uploads\/2022\/02\/2.jpg 800w, https:\/\/www.bakeryturnkey.com\/wp-content\/uploads\/2022\/02\/2-600x600.jpg 600w, https:\/\/www.bakeryturnkey.com\/wp-content\/uploads\/2022\/02\/2-100x100.jpg 100w, https:\/\/www.bakeryturnkey.com\/wp-content\/uploads\/2022\/02\/2-300x300.jpg 300w, https:\/\/www.bakeryturnkey.com\/wp-content\/uploads\/2022\/02\/2-150x150.jpg 150w, https:\/\/www.bakeryturnkey.com\/wp-content\/uploads\/2022\/02\/2-768x768.jpg 768w\" sizes=\"auto, (max-width: 800px) 100vw, 800px\" \/><\/p>\n<h3><strong>Par\u00e2metros t\u00e9cnicos<\/strong><\/h3>\n<table border=\"1\" cellspacing=\"0\">\n<tbody>\n<tr>\n<td>Modelo<\/td>\n<td>GGA303-1<\/td>\n<\/tr>\n<tr>\n<td>Capacidade<\/td>\n<td>1500-1800PCS\/H<\/td>\n<\/tr>\n<tr>\n<td>Tens\u00e3o<\/td>\n<td>220V, 50hz<\/td>\n<\/tr>\n<tr>\n<td>Di\u00e2metro da tarte<\/td>\n<td>40-90mm<\/td>\n<\/tr>\n<tr>\n<td>Tamanho<\/td>\n<td>840*800*1300mm<\/td>\n<\/tr>\n<tr>\n<td>Peso<\/td>\n<td>130 kg<\/td>\n<\/tr>\n<\/tbody>\n<\/table>\n<h3><strong>Deixe o seu pedido de or\u00e7amento<\/strong><\/h3>\n\n<div class=\"wpcf7 no-js\" id=\"wpcf7-f2977-o1\" lang=\"en-US\" dir=\"ltr\">\n<div class=\"screen-reader-response\"><p role=\"status\" aria-live=\"polite\" aria-atomic=\"true\"><\/p> <ul><\/ul><\/div>\n<form action=\"\/pt\/wp-json\/wp\/v2\/product\/2722#wpcf7-f2977-o1\" method=\"post\" class=\"wpcf7-form init\" aria-label=\"Formul\u00e1rio de contacto\" novalidate=\"novalidate\" data-status=\"init\" data-trp-original-action=\"\/pt\/wp-json\/wp\/v2\/product\/2722#wpcf7-f2977-o1\">\n<div style=\"display: none;\">\n<input type=\"hidden\" name=\"_wpcf7\" value=\"2977\" \/>\n<input type=\"hidden\" name=\"_wpcf7_version\" value=\"5.7.7\" \/>\n<input type=\"hidden\" name=\"_wpcf7_locale\" value=\"en_US\" \/>\n<input type=\"hidden\" name=\"_wpcf7_unit_tag\" value=\"wpcf7-f2977-o1\" \/>\n<input type=\"hidden\" name=\"_wpcf7_container_post\" value=\"0\" \/>\n<input type=\"hidden\" name=\"_wpcf7_posted_data_hash\" value=\"\" \/>\n<\/div>\n<p><label> O seu nome*<br \/>\n<span class=\"wpcf7-form-control-wrap\" data-name=\"your-name\"><input size=\"40\" class=\"wpcf7-form-control wpcf7-text wpcf7-validates-as-required\" aria-required=\"true\" aria-invalid=\"false\" value=\"\" type=\"text\" name=\"your-name\" \/><\/span> <\/label>\n<\/p>\n<p><label> O seu pa\u00eds<br \/>\n<span class=\"wpcf7-form-control-wrap\" data-name=\"your-country\"><input size=\"40\" class=\"wpcf7-form-control wpcf7-text\" aria-invalid=\"false\" value=\"\" type=\"text\" name=\"your-country\" \/><\/span><\/label>\n<\/p>\n<p><label> O seu e-mail*<br \/>\n<span class=\"wpcf7-form-control-wrap\" data-name=\"your-email\"><input size=\"40\" class=\"wpcf7-form-control wpcf7-text wpcf7-email wpcf7-validates-as-required wpcf7-validates-as-email\" aria-required=\"true\" aria-invalid=\"false\" value=\"\" type=\"email\" name=\"your-email\" \/><\/span> <\/label>\n<\/p>\n<p><label> O seu telem\u00f3vel<br \/>\n<span class=\"wpcf7-form-control-wrap\" data-name=\"your-phone\"><input size=\"40\" class=\"wpcf7-form-control wpcf7-text\" aria-invalid=\"false\" value=\"\" type=\"text\" name=\"your-phone\" \/><\/span> <\/label>\n<\/p>\n<p><label> Nome da empresa<br \/>\n<span class=\"wpcf7-form-control-wrap\" data-name=\"text-529\"><input size=\"40\" class=\"wpcf7-form-control wpcf7-text\" aria-invalid=\"false\" value=\"\" type=\"text\" name=\"text-529\" \/><\/span> <\/label>\n<\/p>\n<p><label> S\u00edtio Web da empresa<br \/>\n<span class=\"wpcf7-form-control-wrap\" data-name=\"text-106\"><input size=\"40\" class=\"wpcf7-form-control wpcf7-text\" aria-invalid=\"false\" value=\"\" type=\"text\" name=\"text-106\" \/><\/span> <\/label>\n<\/p>\n<p><label> A sua mensagem*<br \/>\n<span class=\"wpcf7-form-control-wrap\" data-name=\"your-message\"><textarea cols=\"40\" rows=\"10\" class=\"wpcf7-form-control wpcf7-textarea wpcf7-validates-as-required\" aria-required=\"true\" aria-invalid=\"false\" name=\"your-message\"><\/textarea><\/span> <\/label>\n<\/p>\n<p><input class=\"wpcf7-form-control has-spinner wpcf7-submit\" type=\"submit\" value=\"Enviar\" \/>\n<\/p><p style=\"display: none !important;\" class=\"akismet-fields-container\" data-prefix=\"_wpcf7_ak_\"><label>&#916;<textarea name=\"_wpcf7_ak_hp_textarea\" cols=\"45\" rows=\"8\" maxlength=\"100\"><\/textarea><\/label><input type=\"hidden\" id=\"ak_js_1\" name=\"_wpcf7_ak_js\" value=\"188\"\/><script>document.getElementById( \"ak_js_1\" ).setAttribute( \"value\", ( new Date() ).getTime() );<\/script><\/p><div class=\"wpcf7-response-output\" aria-hidden=\"true\"><\/div>\n<input type=\"hidden\" name=\"trp-form-language\" value=\"pt\"\/><\/form>\n<\/div>\n\n<div style='text-align:left' class='yasr-auto-insert-visitor'><\/div>","protected":false},"excerpt":{"rendered":"<p>A linha de produ\u00e7\u00e3o de cascas para tartes de ovos \u00e9 adequada para a produ\u00e7\u00e3o em massa, com diferentes moldes, pode produzir cascas para tartes de ovos de diferentes tamanhos e estilos.<\/p>","protected":false},"featured_media":3224,"comment_status":"open","ping_status":"closed","template":"","meta":{"site-sidebar-layout":"default","site-content-layout":"default","ast-main-header-display":"","ast-hfb-above-header-display":"","ast-hfb-below-header-display":"","ast-hfb-mobile-header-display":"","site-post-title":"","ast-breadcrumbs-content":"","ast-featured-img":"","footer-sml-layout":"","theme-transparent-header-meta":"","adv-header-id-meta":"","stick-header-meta":"","header-above-stick-meta":"","header-main-stick-meta":"","header-below-stick-meta":"","yasr_overall_rating":0,"yasr_post_is_review":"","yasr_auto_insert_disabled":"","yasr_review_type":""},"product_cat":[35],"product_tag":[],"class_list":["post-2722","product","type-product","status-publish","has-post-thumbnail","hentry","product_cat-tart-machinery"],"yoast_head":"<!-- This site is optimized with the Yoast SEO plugin v27.5 - https:\/\/yoast.com\/product\/yoast-seo-wordpress\/ -->\n<title>Automatic Egg Tart Shell Production Line 40-90mm Diameter<\/title>\n<meta name=\"description\" content=\"Automatic egg tart shell production line is specially designed for large and medium-sized suppliers, which can produce egg tart shells.\" \/>\n<meta name=\"robots\" content=\"index, follow, max-snippet:-1, max-image-preview:large, max-video-preview:-1\" \/>\n<link rel=\"canonical\" href=\"https:\/\/www.bakeryturnkey.com\/pt\/produto\/automatic-egg-tart-shell-production-line\/\" \/>\n<meta property=\"og:locale\" content=\"pt_PT\" \/>\n<meta property=\"og:type\" content=\"article\" \/>\n<meta property=\"og:title\" content=\"Automatic Egg Tart Shell Production Line 40-90mm Diameter\" \/>\n<meta property=\"og:description\" content=\"Automatic egg tart shell production line is specially designed for large and medium-sized suppliers, which can produce egg tart shells.\" \/>\n<meta property=\"og:url\" content=\"https:\/\/www.bakeryturnkey.com\/pt\/produto\/automatic-egg-tart-shell-production-line\/\" \/>\n<meta property=\"og:site_name\" content=\"Bakery Food Processing Equipment Manufacturer\" \/>\n<meta property=\"article:modified_time\" content=\"2025-10-17T07:22:51+00:00\" \/>\n<meta property=\"og:image\" content=\"https:\/\/www.bakeryturnkey.com\/wp-content\/uploads\/2022\/02\/43.jpg\" \/>\n\t<meta property=\"og:image:width\" content=\"800\" \/>\n\t<meta property=\"og:image:height\" content=\"800\" \/>\n\t<meta property=\"og:image:type\" content=\"image\/jpeg\" \/>\n<meta name=\"twitter:card\" content=\"summary_large_image\" \/>\n<meta name=\"twitter:label1\" content=\"Tempo estimado de leitura\" \/>\n\t<meta name=\"twitter:data1\" content=\"2 minutos\" \/>\n<script type=\"application\/ld+json\" class=\"yoast-schema-graph\">{\"@context\":\"https:\\\/\\\/schema.org\",\"@graph\":[{\"@type\":\"WebPage\",\"@id\":\"https:\\\/\\\/www.bakeryturnkey.com\\\/product\\\/automatic-egg-tart-shell-production-line\\\/\",\"url\":\"https:\\\/\\\/www.bakeryturnkey.com\\\/product\\\/automatic-egg-tart-shell-production-line\\\/\",\"name\":\"Automatic Egg Tart Shell Production Line 40-90mm Diameter\",\"isPartOf\":{\"@id\":\"https:\\\/\\\/www.bakeryturnkey.com\\\/#website\"},\"primaryImageOfPage\":{\"@id\":\"https:\\\/\\\/www.bakeryturnkey.com\\\/product\\\/automatic-egg-tart-shell-production-line\\\/#primaryimage\"},\"image\":{\"@id\":\"https:\\\/\\\/www.bakeryturnkey.com\\\/product\\\/automatic-egg-tart-shell-production-line\\\/#primaryimage\"},\"thumbnailUrl\":\"https:\\\/\\\/www.bakeryturnkey.com\\\/wp-content\\\/uploads\\\/2022\\\/02\\\/43.jpg\",\"datePublished\":\"2022-02-17T02:54:41+00:00\",\"dateModified\":\"2025-10-17T07:22:51+00:00\",\"description\":\"Automatic egg tart shell production line is specially designed for large and medium-sized suppliers, which can produce egg tart shells.\",\"breadcrumb\":{\"@id\":\"https:\\\/\\\/www.bakeryturnkey.com\\\/product\\\/automatic-egg-tart-shell-production-line\\\/#breadcrumb\"},\"inLanguage\":\"pt-PT\",\"potentialAction\":[{\"@type\":\"ReadAction\",\"target\":[\"https:\\\/\\\/www.bakeryturnkey.com\\\/product\\\/automatic-egg-tart-shell-production-line\\\/\"]}]},{\"@type\":\"ImageObject\",\"inLanguage\":\"pt-PT\",\"@id\":\"https:\\\/\\\/www.bakeryturnkey.com\\\/product\\\/automatic-egg-tart-shell-production-line\\\/#primaryimage\",\"url\":\"https:\\\/\\\/www.bakeryturnkey.com\\\/wp-content\\\/uploads\\\/2022\\\/02\\\/43.jpg\",\"contentUrl\":\"https:\\\/\\\/www.bakeryturnkey.com\\\/wp-content\\\/uploads\\\/2022\\\/02\\\/43.jpg\",\"width\":800,\"height\":800,\"caption\":\"Tart Production Line\"},{\"@type\":\"BreadcrumbList\",\"@id\":\"https:\\\/\\\/www.bakeryturnkey.com\\\/product\\\/automatic-egg-tart-shell-production-line\\\/#breadcrumb\",\"itemListElement\":[{\"@type\":\"ListItem\",\"position\":1,\"name\":\"Home\",\"item\":\"https:\\\/\\\/www.bakeryturnkey.com\\\/\"},{\"@type\":\"ListItem\",\"position\":2,\"name\":\"Products\",\"item\":\"https:\\\/\\\/www.bakeryturnkey.com\\\/products\\\/\"},{\"@type\":\"ListItem\",\"position\":3,\"name\":\"Automatic Egg Tart Shell Production Line 40-90mm Diameter\"}]},{\"@type\":\"WebSite\",\"@id\":\"https:\\\/\\\/www.bakeryturnkey.com\\\/#website\",\"url\":\"https:\\\/\\\/www.bakeryturnkey.com\\\/\",\"name\":\"Bakery Food Processing Equipment Manufacturer\",\"description\":\"Bakery Food Solutions Provider\",\"publisher\":{\"@id\":\"https:\\\/\\\/www.bakeryturnkey.com\\\/#organization\"},\"potentialAction\":[{\"@type\":\"SearchAction\",\"target\":{\"@type\":\"EntryPoint\",\"urlTemplate\":\"https:\\\/\\\/www.bakeryturnkey.com\\\/?s={search_term_string}\"},\"query-input\":{\"@type\":\"PropertyValueSpecification\",\"valueRequired\":true,\"valueName\":\"search_term_string\"}}],\"inLanguage\":\"pt-PT\"},{\"@type\":\"Organization\",\"@id\":\"https:\\\/\\\/www.bakeryturnkey.com\\\/#organization\",\"name\":\"Bakery Food Processing Equipment Manufacturer\",\"url\":\"https:\\\/\\\/www.bakeryturnkey.com\\\/\",\"logo\":{\"@type\":\"ImageObject\",\"inLanguage\":\"pt-PT\",\"@id\":\"https:\\\/\\\/www.bakeryturnkey.com\\\/#\\\/schema\\\/logo\\\/image\\\/\",\"url\":\"https:\\\/\\\/www.bakeryturnkey.com\\\/wp-content\\\/uploads\\\/2022\\\/03\\\/cropped-13-1.png\",\"contentUrl\":\"https:\\\/\\\/www.bakeryturnkey.com\\\/wp-content\\\/uploads\\\/2022\\\/03\\\/cropped-13-1.png\",\"width\":512,\"height\":429,\"caption\":\"Bakery Food Processing Equipment Manufacturer\"},\"image\":{\"@id\":\"https:\\\/\\\/www.bakeryturnkey.com\\\/#\\\/schema\\\/logo\\\/image\\\/\"}},false]}<\/script>\n<!-- \/ Yoast SEO plugin. -->","yoast_head_json":{"title":"Automatic Egg Tart Shell Production Line 40-90mm Diameter","description":"Automatic egg tart shell production line is specially designed for large and medium-sized suppliers, which can produce egg tart shells.","robots":{"index":"index","follow":"follow","max-snippet":"max-snippet:-1","max-image-preview":"max-image-preview:large","max-video-preview":"max-video-preview:-1"},"canonical":"https:\/\/www.bakeryturnkey.com\/pt\/produto\/automatic-egg-tart-shell-production-line\/","og_locale":"pt_PT","og_type":"article","og_title":"Automatic Egg Tart Shell Production Line 40-90mm Diameter","og_description":"Automatic egg tart shell production line is specially designed for large and medium-sized suppliers, which can produce egg tart shells.","og_url":"https:\/\/www.bakeryturnkey.com\/pt\/produto\/automatic-egg-tart-shell-production-line\/","og_site_name":"Bakery Food Processing Equipment Manufacturer","article_modified_time":"2025-10-17T07:22:51+00:00","og_image":[{"width":800,"height":800,"url":"https:\/\/www.bakeryturnkey.com\/wp-content\/uploads\/2022\/02\/43.jpg","type":"image\/jpeg"}],"twitter_card":"summary_large_image","twitter_misc":{"Tempo estimado de leitura":"2 minutos"},"schema":{"@context":"https:\/\/schema.org","@graph":[{"@type":"WebPage","@id":"https:\/\/www.bakeryturnkey.com\/product\/automatic-egg-tart-shell-production-line\/","url":"https:\/\/www.bakeryturnkey.com\/product\/automatic-egg-tart-shell-production-line\/","name":"Automatic Egg Tart Shell Production Line 40-90mm Diameter","isPartOf":{"@id":"https:\/\/www.bakeryturnkey.com\/#website"},"primaryImageOfPage":{"@id":"https:\/\/www.bakeryturnkey.com\/product\/automatic-egg-tart-shell-production-line\/#primaryimage"},"image":{"@id":"https:\/\/www.bakeryturnkey.com\/product\/automatic-egg-tart-shell-production-line\/#primaryimage"},"thumbnailUrl":"https:\/\/www.bakeryturnkey.com\/wp-content\/uploads\/2022\/02\/43.jpg","datePublished":"2022-02-17T02:54:41+00:00","dateModified":"2025-10-17T07:22:51+00:00","description":"Automatic egg tart shell production line is specially designed for large and medium-sized suppliers, which can produce egg tart shells.","breadcrumb":{"@id":"https:\/\/www.bakeryturnkey.com\/product\/automatic-egg-tart-shell-production-line\/#breadcrumb"},"inLanguage":"pt-PT","potentialAction":[{"@type":"ReadAction","target":["https:\/\/www.bakeryturnkey.com\/product\/automatic-egg-tart-shell-production-line\/"]}]},{"@type":"ImageObject","inLanguage":"pt-PT","@id":"https:\/\/www.bakeryturnkey.com\/product\/automatic-egg-tart-shell-production-line\/#primaryimage","url":"https:\/\/www.bakeryturnkey.com\/wp-content\/uploads\/2022\/02\/43.jpg","contentUrl":"https:\/\/www.bakeryturnkey.com\/wp-content\/uploads\/2022\/02\/43.jpg","width":800,"height":800,"caption":"Tart Production Line"},{"@type":"BreadcrumbList","@id":"https:\/\/www.bakeryturnkey.com\/product\/automatic-egg-tart-shell-production-line\/#breadcrumb","itemListElement":[{"@type":"ListItem","position":1,"name":"Home","item":"https:\/\/www.bakeryturnkey.com\/"},{"@type":"ListItem","position":2,"name":"Products","item":"https:\/\/www.bakeryturnkey.com\/products\/"},{"@type":"ListItem","position":3,"name":"Automatic Egg Tart Shell Production Line 40-90mm Diameter"}]},{"@type":"WebSite","@id":"https:\/\/www.bakeryturnkey.com\/#website","url":"https:\/\/www.bakeryturnkey.com\/","name":"Bakery Food Processing Equipment Manufacturer","description":"Bakery Food Solutions Provider","publisher":{"@id":"https:\/\/www.bakeryturnkey.com\/#organization"},"potentialAction":[{"@type":"SearchAction","target":{"@type":"EntryPoint","urlTemplate":"https:\/\/www.bakeryturnkey.com\/?s={search_term_string}"},"query-input":{"@type":"PropertyValueSpecification","valueRequired":true,"valueName":"search_term_string"}}],"inLanguage":"pt-PT"},{"@type":"Organization","@id":"https:\/\/www.bakeryturnkey.com\/#organization","name":"Bakery Food Processing Equipment Manufacturer","url":"https:\/\/www.bakeryturnkey.com\/","logo":{"@type":"ImageObject","inLanguage":"pt-PT","@id":"https:\/\/www.bakeryturnkey.com\/#\/schema\/logo\/image\/","url":"https:\/\/www.bakeryturnkey.com\/wp-content\/uploads\/2022\/03\/cropped-13-1.png","contentUrl":"https:\/\/www.bakeryturnkey.com\/wp-content\/uploads\/2022\/03\/cropped-13-1.png","width":512,"height":429,"caption":"Bakery Food Processing Equipment Manufacturer"},"image":{"@id":"https:\/\/www.bakeryturnkey.com\/#\/schema\/logo\/image\/"}},false]}},"yasr_visitor_votes":{"stars_attributes":{"read_only":false,"span_bottom":false},"number_of_votes":0,"sum_votes":0},"_links":{"self":[{"href":"https:\/\/www.bakeryturnkey.com\/pt\/wp-json\/wp\/v2\/product\/2722","targetHints":{"allow":["GET"]}}],"collection":[{"href":"https:\/\/www.bakeryturnkey.com\/pt\/wp-json\/wp\/v2\/product"}],"about":[{"href":"https:\/\/www.bakeryturnkey.com\/pt\/wp-json\/wp\/v2\/types\/product"}],"replies":[{"embeddable":true,"href":"https:\/\/www.bakeryturnkey.com\/pt\/wp-json\/wp\/v2\/comments?post=2722"}],"wp:featuredmedia":[{"embeddable":true,"href":"https:\/\/www.bakeryturnkey.com\/pt\/wp-json\/wp\/v2\/media\/3224"}],"wp:attachment":[{"href":"https:\/\/www.bakeryturnkey.com\/pt\/wp-json\/wp\/v2\/media?parent=2722"}],"wp:term":[{"taxonomy":"product_cat","embeddable":true,"href":"https:\/\/www.bakeryturnkey.com\/pt\/wp-json\/wp\/v2\/product_cat?post=2722"},{"taxonomy":"product_tag","embeddable":true,"href":"https:\/\/www.bakeryturnkey.com\/pt\/wp-json\/wp\/v2\/product_tag?post=2722"}],"curies":[{"name":"wp","href":"https:\/\/api.w.org\/{rel}","templated":true}]}}