{"id":242,"date":"2018-06-20T07:16:12","date_gmt":"2018-06-20T07:16:12","guid":{"rendered":"http:\/\/www.bakeryturnkey.com\/product\/valentines-day-special-mug\/"},"modified":"2025-10-17T15:22:37","modified_gmt":"2025-10-17T07:22:37","slug":"mooncake-production-line","status":"publish","type":"product","link":"https:\/\/www.bakeryturnkey.com\/pt\/produto\/mooncake-production-line\/","title":{"rendered":"Linha de produ\u00e7\u00e3o autom\u00e1tica de bolo da lua chin\u00eas Fabricante"},"content":{"rendered":"<p>A linha de produ\u00e7\u00e3o de bolos lunares \u00e9 uma m\u00e1quina especial utilizada para fazer bolos lunares chineses, que \u00e9 completada automaticamente desde as mat\u00e9rias-primas at\u00e9 \u00e0 embalagem do produto acabado.<\/p>\n<p><strong>A composi\u00e7\u00e3o do equipamento:<\/strong> M\u00e1quina de enchimento de bolos lunares, m\u00e1quina de moldagem, m\u00e1quina de arranjo, forno de cozedura, m\u00e1quina de desmoldagem, detetor de metais, linha de embalagem de bolos lunares, etc.<\/p>\n<h2><strong>Processo da M\u00e1quina Autom\u00e1tica de Mooncake<\/strong><\/h2>\n<p>1. Embalagem: Existem duas tremonhas na m\u00e1quina, que colocam a massa e o recheio, respetivamente.<br \/>\n2. O bolo lunar \u00e9 moldado numa bola: a massa \u00e9 envolvida com o recheio para formar um cilindro, que \u00e9 cortado em bolas de tamanho uniforme sob o funcionamento da m\u00e1quina para abrir e fechar.<br \/>\n3. Prensagem e moldagem: A m\u00e1quina autom\u00e1tica de forma\u00e7\u00e3o de bolos de lua est\u00e1 equipada com raios infravermelhos, que s\u00e3o detectados automaticamente. Quando os bolinhos de lua passam diretamente por baixo, o molde de prensagem cair\u00e1 imediatamente para pressionar e moldar.<\/p>\n<p><img loading=\"lazy\" decoding=\"async\" class=\"alignnone size-full wp-image-3507\" src=\"https:\/\/www.bakeryturnkey.com\/wp-content\/uploads\/2018\/06\/2-1.jpg\" alt=\"Fabricante de m\u00e1quinas para bolos de lua\" width=\"800\" height=\"500\" srcset=\"https:\/\/www.bakeryturnkey.com\/wp-content\/uploads\/2018\/06\/2-1.jpg 800w, https:\/\/www.bakeryturnkey.com\/wp-content\/uploads\/2018\/06\/2-1-600x375.jpg 600w, https:\/\/www.bakeryturnkey.com\/wp-content\/uploads\/2018\/06\/2-1-300x188.jpg 300w, https:\/\/www.bakeryturnkey.com\/wp-content\/uploads\/2018\/06\/2-1-768x480.jpg 768w\" sizes=\"auto, (max-width: 800px) 100vw, 800px\" \/><br \/>\n4. Prepara\u00e7\u00e3o para a cozedura: Os bolos lunares formados s\u00e3o colocados na torre de amortecimento juntamente com a linha de montagem, sendo depois enviados para o forno para cozedura.<br \/>\n5. Cozedura autom\u00e1tica e cont\u00ednua: De acordo com os diferentes processos dos bolos lunares, a temperatura e o tempo de cozedura s\u00e3o diferentes.<br \/>\n6. Entrar automaticamente na torre de arrefecimento para arrefecer e, em seguida, facilitar a embalagem subsequente.<br \/>\n7. Embalagem: A embalagem, a embalagem e o corte de alta efici\u00eancia s\u00e3o efectuados por um mecanismo de embalagem de linha de montagem.<\/p>\n<h2><strong>V\u00eddeo da linha de produ\u00e7\u00e3o de bolo de lua<\/strong><\/h2>\n<div class=\"ast-oembed-container\"><iframe loading=\"lazy\" title=\"M\u00e1quina autom\u00e1tica para fabrico de bolos de lua para pastelaria #shorts\" width=\"500\" height=\"281\" src=\"https:\/\/www.youtube.com\/embed\/-mDmba4vwIo?feature=oembed\" frameborder=\"0\" allow=\"accelerometer; autoplay; clipboard-write; encrypted-media; gyroscope; picture-in-picture; web-share\" referrerpolicy=\"strict-origin-when-cross-origin\" allowfullscreen><\/iframe><\/div>\n<h2><strong>Carater\u00edsticas da m\u00e1quina de fazer bolos lunares chineses<\/strong><\/h2>\n<p>1. O sistema de controlo \u00e9 uma interface homem-m\u00e1quina PLC de ecr\u00e3 t\u00e1til, com armazenamento de f\u00f3rmulas e fun\u00e7\u00e3o de mem\u00f3ria, sem necessidade de repetir a medi\u00e7\u00e3o do peso, e f\u00e1cil de operar.<br \/>\n2. A m\u00e1quina \u00e9 robusta e dur\u00e1vel, e os principais componentes de controlo el\u00e9trico s\u00e3o todos produtos de marca para garantir um funcionamento normal a longo prazo.<br \/>\n3. A linha de produ\u00e7\u00e3o autom\u00e1tica de bolos lunares \u00e9 feita de a\u00e7o inoxid\u00e1vel de alta qualidade, que \u00e9 higi\u00e9nico, limpo e dur\u00e1vel.<br \/>\n4. \u00c9 adequado para produzir todos os tipos de bolos de lua normais e delicados, especialmente os que t\u00eam recheios duros (Wu Ren) ou moles.<br \/>\n5. Com o diagn\u00f3stico autom\u00e1tico de avarias, a avaria \u00e9 apresentada no ecr\u00e3 t\u00e1til, o que \u00e9 claro \u00e0 primeira vista.<br \/>\n6. De acordo com as necessidades do utilizador, o n\u00famero de bolos colocados, o di\u00e2metro dos bolos lunares, etc. podem ser livremente modificados, e os bolos lunares podem ser automaticamente colocados na placa de cozedura.<\/p>\n<p>Como um fabricante de m\u00e1quinas de bolo de lua, a nossa f\u00e1brica fornece linhas de produ\u00e7\u00e3o de v\u00e1rias especifica\u00e7\u00f5es e tamb\u00e9m suporta a personaliza\u00e7\u00e3o. Todos os produtos cumprem as normas de higiene alimentar.<\/p>\n<div style='text-align:left' class='yasr-auto-insert-visitor'><\/div>","protected":false},"excerpt":{"rendered":"<p>Esta linha de produ\u00e7\u00e3o pode produzir bolos lunares de diferentes padr\u00f5es, o que \u00e9 muito autom\u00e1tico e eficiente.<\/p>","protected":false},"featured_media":3506,"comment_status":"open","ping_status":"closed","template":"","meta":{"site-sidebar-layout":"default","site-content-layout":"default","ast-main-header-display":"","ast-hfb-above-header-display":"","ast-hfb-below-header-display":"","ast-hfb-mobile-header-display":"","site-post-title":"","ast-breadcrumbs-content":"","ast-featured-img":"","footer-sml-layout":"","theme-transparent-header-meta":"default","adv-header-id-meta":"","stick-header-meta":"","header-above-stick-meta":"","header-main-stick-meta":"","header-below-stick-meta":"","yasr_overall_rating":0,"yasr_post_is_review":"","yasr_auto_insert_disabled":"","yasr_review_type":""},"product_cat":[33],"product_tag":[],"class_list":["post-242","product","type-product","status-publish","has-post-thumbnail","hentry","product_cat-mooncake-machinery"],"yoast_head":"<!-- This site is optimized with the Yoast SEO plugin v27.5 - https:\/\/yoast.com\/product\/yoast-seo-wordpress\/ -->\n<title>Automatic Chinese Mooncake Production Line Manufacturer<\/title>\n<meta name=\"description\" content=\"As a mooncake production line manufacturer, our factory provides production lines of various scales that can produce a variety of mooncakes.\" \/>\n<meta name=\"robots\" content=\"index, follow, max-snippet:-1, max-image-preview:large, max-video-preview:-1\" \/>\n<link rel=\"canonical\" href=\"https:\/\/www.bakeryturnkey.com\/pt\/produto\/mooncake-production-line\/\" \/>\n<meta property=\"og:locale\" content=\"pt_PT\" \/>\n<meta property=\"og:type\" content=\"article\" \/>\n<meta property=\"og:title\" content=\"Automatic Chinese Mooncake Production Line Manufacturer\" \/>\n<meta property=\"og:description\" content=\"As a mooncake production line manufacturer, our factory provides production lines of various scales that can produce a variety of mooncakes.\" \/>\n<meta property=\"og:url\" content=\"https:\/\/www.bakeryturnkey.com\/pt\/produto\/mooncake-production-line\/\" \/>\n<meta property=\"og:site_name\" content=\"Bakery Food Processing Equipment Manufacturer\" \/>\n<meta property=\"article:modified_time\" content=\"2025-10-17T07:22:37+00:00\" \/>\n<meta property=\"og:image\" content=\"https:\/\/www.bakeryturnkey.com\/wp-content\/uploads\/2018\/06\/1-1.jpg\" \/>\n\t<meta property=\"og:image:width\" content=\"800\" \/>\n\t<meta property=\"og:image:height\" content=\"800\" \/>\n\t<meta property=\"og:image:type\" content=\"image\/jpeg\" \/>\n<meta name=\"twitter:card\" content=\"summary_large_image\" \/>\n<meta name=\"twitter:label1\" content=\"Tempo estimado de leitura\" \/>\n\t<meta name=\"twitter:data1\" content=\"2 minutos\" \/>\n<script type=\"application\/ld+json\" class=\"yoast-schema-graph\">{\"@context\":\"https:\\\/\\\/schema.org\",\"@graph\":[{\"@type\":\"WebPage\",\"@id\":\"https:\\\/\\\/www.bakeryturnkey.com\\\/product\\\/mooncake-production-line\\\/\",\"url\":\"https:\\\/\\\/www.bakeryturnkey.com\\\/product\\\/mooncake-production-line\\\/\",\"name\":\"Automatic Chinese Mooncake Production Line Manufacturer\",\"isPartOf\":{\"@id\":\"https:\\\/\\\/www.bakeryturnkey.com\\\/#website\"},\"primaryImageOfPage\":{\"@id\":\"https:\\\/\\\/www.bakeryturnkey.com\\\/product\\\/mooncake-production-line\\\/#primaryimage\"},\"image\":{\"@id\":\"https:\\\/\\\/www.bakeryturnkey.com\\\/product\\\/mooncake-production-line\\\/#primaryimage\"},\"thumbnailUrl\":\"https:\\\/\\\/www.bakeryturnkey.com\\\/wp-content\\\/uploads\\\/2018\\\/06\\\/1-1.jpg\",\"datePublished\":\"2018-06-20T07:16:12+00:00\",\"dateModified\":\"2025-10-17T07:22:37+00:00\",\"description\":\"As a mooncake production line manufacturer, our factory provides production lines of various scales that can produce a variety of mooncakes.\",\"breadcrumb\":{\"@id\":\"https:\\\/\\\/www.bakeryturnkey.com\\\/product\\\/mooncake-production-line\\\/#breadcrumb\"},\"inLanguage\":\"pt-PT\",\"potentialAction\":[{\"@type\":\"ReadAction\",\"target\":[\"https:\\\/\\\/www.bakeryturnkey.com\\\/product\\\/mooncake-production-line\\\/\"]}]},{\"@type\":\"ImageObject\",\"inLanguage\":\"pt-PT\",\"@id\":\"https:\\\/\\\/www.bakeryturnkey.com\\\/product\\\/mooncake-production-line\\\/#primaryimage\",\"url\":\"https:\\\/\\\/www.bakeryturnkey.com\\\/wp-content\\\/uploads\\\/2018\\\/06\\\/1-1.jpg\",\"contentUrl\":\"https:\\\/\\\/www.bakeryturnkey.com\\\/wp-content\\\/uploads\\\/2018\\\/06\\\/1-1.jpg\",\"width\":800,\"height\":800,\"caption\":\"Automatic Mooncake Machine\"},{\"@type\":\"BreadcrumbList\",\"@id\":\"https:\\\/\\\/www.bakeryturnkey.com\\\/product\\\/mooncake-production-line\\\/#breadcrumb\",\"itemListElement\":[{\"@type\":\"ListItem\",\"position\":1,\"name\":\"Home\",\"item\":\"https:\\\/\\\/www.bakeryturnkey.com\\\/\"},{\"@type\":\"ListItem\",\"position\":2,\"name\":\"Products\",\"item\":\"https:\\\/\\\/www.bakeryturnkey.com\\\/products\\\/\"},{\"@type\":\"ListItem\",\"position\":3,\"name\":\"Automatic Chinese Mooncake Production Line Manufacturer\"}]},{\"@type\":\"WebSite\",\"@id\":\"https:\\\/\\\/www.bakeryturnkey.com\\\/#website\",\"url\":\"https:\\\/\\\/www.bakeryturnkey.com\\\/\",\"name\":\"Bakery Food Processing Equipment Manufacturer\",\"description\":\"Bakery Food Solutions Provider\",\"publisher\":{\"@id\":\"https:\\\/\\\/www.bakeryturnkey.com\\\/#organization\"},\"potentialAction\":[{\"@type\":\"SearchAction\",\"target\":{\"@type\":\"EntryPoint\",\"urlTemplate\":\"https:\\\/\\\/www.bakeryturnkey.com\\\/?s={search_term_string}\"},\"query-input\":{\"@type\":\"PropertyValueSpecification\",\"valueRequired\":true,\"valueName\":\"search_term_string\"}}],\"inLanguage\":\"pt-PT\"},{\"@type\":\"Organization\",\"@id\":\"https:\\\/\\\/www.bakeryturnkey.com\\\/#organization\",\"name\":\"Bakery Food Processing Equipment Manufacturer\",\"url\":\"https:\\\/\\\/www.bakeryturnkey.com\\\/\",\"logo\":{\"@type\":\"ImageObject\",\"inLanguage\":\"pt-PT\",\"@id\":\"https:\\\/\\\/www.bakeryturnkey.com\\\/#\\\/schema\\\/logo\\\/image\\\/\",\"url\":\"https:\\\/\\\/www.bakeryturnkey.com\\\/wp-content\\\/uploads\\\/2022\\\/03\\\/cropped-13-1.png\",\"contentUrl\":\"https:\\\/\\\/www.bakeryturnkey.com\\\/wp-content\\\/uploads\\\/2022\\\/03\\\/cropped-13-1.png\",\"width\":512,\"height\":429,\"caption\":\"Bakery Food Processing Equipment Manufacturer\"},\"image\":{\"@id\":\"https:\\\/\\\/www.bakeryturnkey.com\\\/#\\\/schema\\\/logo\\\/image\\\/\"}},false]}<\/script>\n<!-- \/ Yoast SEO plugin. -->","yoast_head_json":{"title":"Automatic Chinese Mooncake Production Line Manufacturer","description":"As a mooncake production line manufacturer, our factory provides production lines of various scales that can produce a variety of mooncakes.","robots":{"index":"index","follow":"follow","max-snippet":"max-snippet:-1","max-image-preview":"max-image-preview:large","max-video-preview":"max-video-preview:-1"},"canonical":"https:\/\/www.bakeryturnkey.com\/pt\/produto\/mooncake-production-line\/","og_locale":"pt_PT","og_type":"article","og_title":"Automatic Chinese Mooncake Production Line Manufacturer","og_description":"As a mooncake production line manufacturer, our factory provides production lines of various scales that can produce a variety of mooncakes.","og_url":"https:\/\/www.bakeryturnkey.com\/pt\/produto\/mooncake-production-line\/","og_site_name":"Bakery Food Processing Equipment Manufacturer","article_modified_time":"2025-10-17T07:22:37+00:00","og_image":[{"width":800,"height":800,"url":"https:\/\/www.bakeryturnkey.com\/wp-content\/uploads\/2018\/06\/1-1.jpg","type":"image\/jpeg"}],"twitter_card":"summary_large_image","twitter_misc":{"Tempo estimado de leitura":"2 minutos"},"schema":{"@context":"https:\/\/schema.org","@graph":[{"@type":"WebPage","@id":"https:\/\/www.bakeryturnkey.com\/product\/mooncake-production-line\/","url":"https:\/\/www.bakeryturnkey.com\/product\/mooncake-production-line\/","name":"Automatic Chinese Mooncake Production Line Manufacturer","isPartOf":{"@id":"https:\/\/www.bakeryturnkey.com\/#website"},"primaryImageOfPage":{"@id":"https:\/\/www.bakeryturnkey.com\/product\/mooncake-production-line\/#primaryimage"},"image":{"@id":"https:\/\/www.bakeryturnkey.com\/product\/mooncake-production-line\/#primaryimage"},"thumbnailUrl":"https:\/\/www.bakeryturnkey.com\/wp-content\/uploads\/2018\/06\/1-1.jpg","datePublished":"2018-06-20T07:16:12+00:00","dateModified":"2025-10-17T07:22:37+00:00","description":"As a mooncake production line manufacturer, our factory provides production lines of various scales that can produce a variety of mooncakes.","breadcrumb":{"@id":"https:\/\/www.bakeryturnkey.com\/product\/mooncake-production-line\/#breadcrumb"},"inLanguage":"pt-PT","potentialAction":[{"@type":"ReadAction","target":["https:\/\/www.bakeryturnkey.com\/product\/mooncake-production-line\/"]}]},{"@type":"ImageObject","inLanguage":"pt-PT","@id":"https:\/\/www.bakeryturnkey.com\/product\/mooncake-production-line\/#primaryimage","url":"https:\/\/www.bakeryturnkey.com\/wp-content\/uploads\/2018\/06\/1-1.jpg","contentUrl":"https:\/\/www.bakeryturnkey.com\/wp-content\/uploads\/2018\/06\/1-1.jpg","width":800,"height":800,"caption":"Automatic Mooncake Machine"},{"@type":"BreadcrumbList","@id":"https:\/\/www.bakeryturnkey.com\/product\/mooncake-production-line\/#breadcrumb","itemListElement":[{"@type":"ListItem","position":1,"name":"Home","item":"https:\/\/www.bakeryturnkey.com\/"},{"@type":"ListItem","position":2,"name":"Products","item":"https:\/\/www.bakeryturnkey.com\/products\/"},{"@type":"ListItem","position":3,"name":"Automatic Chinese Mooncake Production Line Manufacturer"}]},{"@type":"WebSite","@id":"https:\/\/www.bakeryturnkey.com\/#website","url":"https:\/\/www.bakeryturnkey.com\/","name":"Bakery Food Processing Equipment Manufacturer","description":"Bakery Food Solutions Provider","publisher":{"@id":"https:\/\/www.bakeryturnkey.com\/#organization"},"potentialAction":[{"@type":"SearchAction","target":{"@type":"EntryPoint","urlTemplate":"https:\/\/www.bakeryturnkey.com\/?s={search_term_string}"},"query-input":{"@type":"PropertyValueSpecification","valueRequired":true,"valueName":"search_term_string"}}],"inLanguage":"pt-PT"},{"@type":"Organization","@id":"https:\/\/www.bakeryturnkey.com\/#organization","name":"Bakery Food Processing Equipment Manufacturer","url":"https:\/\/www.bakeryturnkey.com\/","logo":{"@type":"ImageObject","inLanguage":"pt-PT","@id":"https:\/\/www.bakeryturnkey.com\/#\/schema\/logo\/image\/","url":"https:\/\/www.bakeryturnkey.com\/wp-content\/uploads\/2022\/03\/cropped-13-1.png","contentUrl":"https:\/\/www.bakeryturnkey.com\/wp-content\/uploads\/2022\/03\/cropped-13-1.png","width":512,"height":429,"caption":"Bakery Food Processing Equipment Manufacturer"},"image":{"@id":"https:\/\/www.bakeryturnkey.com\/#\/schema\/logo\/image\/"}},false]}},"yasr_visitor_votes":{"stars_attributes":{"read_only":false,"span_bottom":false},"number_of_votes":0,"sum_votes":0},"_links":{"self":[{"href":"https:\/\/www.bakeryturnkey.com\/pt\/wp-json\/wp\/v2\/product\/242","targetHints":{"allow":["GET"]}}],"collection":[{"href":"https:\/\/www.bakeryturnkey.com\/pt\/wp-json\/wp\/v2\/product"}],"about":[{"href":"https:\/\/www.bakeryturnkey.com\/pt\/wp-json\/wp\/v2\/types\/product"}],"replies":[{"embeddable":true,"href":"https:\/\/www.bakeryturnkey.com\/pt\/wp-json\/wp\/v2\/comments?post=242"}],"wp:featuredmedia":[{"embeddable":true,"href":"https:\/\/www.bakeryturnkey.com\/pt\/wp-json\/wp\/v2\/media\/3506"}],"wp:attachment":[{"href":"https:\/\/www.bakeryturnkey.com\/pt\/wp-json\/wp\/v2\/media?parent=242"}],"wp:term":[{"taxonomy":"product_cat","embeddable":true,"href":"https:\/\/www.bakeryturnkey.com\/pt\/wp-json\/wp\/v2\/product_cat?post=242"},{"taxonomy":"product_tag","embeddable":true,"href":"https:\/\/www.bakeryturnkey.com\/pt\/wp-json\/wp\/v2\/product_tag?post=242"}],"curies":[{"name":"wp","href":"https:\/\/api.w.org\/{rel}","templated":true}]}}