{"id":241,"date":"2018-06-20T07:13:55","date_gmt":"2018-06-20T07:13:55","guid":{"rendered":"http:\/\/www.bakeryturnkey.com\/product\/black-printed-coffee-mug\/"},"modified":"2025-10-17T15:21:49","modified_gmt":"2025-10-17T07:21:49","slug":"egg-tart-production-machine","status":"publish","type":"product","link":"https:\/\/www.bakeryturnkey.com\/pt\/produto\/egg-tart-production-machine\/","title":{"rendered":"1600pcs\/h M\u00e1quina autom\u00e1tica de produ\u00e7\u00e3o de torta de ovo de grande produ\u00e7\u00e3o"},"content":{"rendered":"<p>A m\u00e1quina autom\u00e1tica de produ\u00e7\u00e3o de tartes de ovos \u00e9 um dos equipamentos importantes na nossa f\u00e1brica, com alto rendimento, pode satisfazer as necessidades de produ\u00e7\u00e3o de diferentes tipos de tartes de ovos.<\/p>\n<p>O equipamento pode processar e moldar automaticamente cascas de tartes de ovos, l\u00edquido de tartes de ovos e outros ingredientes, e embal\u00e1-los em tartes de ovos acabadas.<\/p>\n<h2><strong>O que \u00e9 o processo de trabalho do Egg Tarts<\/strong><\/h2>\n<p>Mistura da massa - Enchimento e corte da massa - Prensagem da massa - Forma\u00e7\u00e3o de tartes de ovo - Inje\u00e7\u00e3o de l\u00edquido de ovo - Disposi\u00e7\u00e3o autom\u00e1tica - Forno rotativo<\/p>\n<p><img loading=\"lazy\" decoding=\"async\" class=\"alignnone size-full wp-image-3375\" src=\"https:\/\/www.bakeryturnkey.com\/wp-content\/uploads\/2018\/06\/8.jpg\" alt=\"Linha de produ\u00e7\u00e3o de tartes\" width=\"800\" height=\"400\" srcset=\"https:\/\/www.bakeryturnkey.com\/wp-content\/uploads\/2018\/06\/8.jpg 800w, https:\/\/www.bakeryturnkey.com\/wp-content\/uploads\/2018\/06\/8-600x300.jpg 600w, https:\/\/www.bakeryturnkey.com\/wp-content\/uploads\/2018\/06\/8-300x150.jpg 300w, https:\/\/www.bakeryturnkey.com\/wp-content\/uploads\/2018\/06\/8-768x384.jpg 768w\" sizes=\"auto, (max-width: 800px) 100vw, 800px\" \/><\/p>\n<h2><strong>Carater\u00edsticas da m\u00e1quina autom\u00e1tica para tortas de ovos<\/strong><\/h2>\n<p>1. Robustas e dur\u00e1veis, todas as pe\u00e7as s\u00e3o feitas de marcas de alta qualidade, que cumprem os requisitos de produ\u00e7\u00e3o segura.<br \/>\n2. Esta linha de produ\u00e7\u00e3o utiliza um ecr\u00e3 de controlo inteligente e um programa de controlo PLC, que pode formar 1500-1800 pe\u00e7as por hora.<br \/>\n3. O molde \u00e9 f\u00e1cil de substituir e um dispositivo pode produzir v\u00e1rios estilos de peles de tarte de ovo. Os moldes podem ser encomendados especialmente.<\/p>\n<p><img loading=\"lazy\" decoding=\"async\" class=\"alignnone size-full wp-image-3376\" src=\"https:\/\/www.bakeryturnkey.com\/wp-content\/uploads\/2018\/06\/18.jpg\" alt=\"M\u00e1quina para tartes Fabricante\" width=\"800\" height=\"600\" srcset=\"https:\/\/www.bakeryturnkey.com\/wp-content\/uploads\/2018\/06\/18.jpg 800w, https:\/\/www.bakeryturnkey.com\/wp-content\/uploads\/2018\/06\/18-600x450.jpg 600w, https:\/\/www.bakeryturnkey.com\/wp-content\/uploads\/2018\/06\/18-300x225.jpg 300w, https:\/\/www.bakeryturnkey.com\/wp-content\/uploads\/2018\/06\/18-768x576.jpg 768w\" sizes=\"auto, (max-width: 800px) 100vw, 800px\" \/><\/p>\n<p>4, molde superior: superf\u00edcie de liga de alum\u00ednio revestida com Teflon; molde inferior: o material \u00e9 PTFE. O prato girat\u00f3rio inferior \u00e9 feito de liga de alum\u00ednio.<br \/>\n5. A m\u00e1quina de moldagem pode escolher o dispositivo de queda do copo de adsor\u00e7\u00e3o, e a boca do copo sem rebordo tamb\u00e9m pode ser utilizada.<br \/>\n6. A m\u00e1quina de produ\u00e7\u00e3o de tarte de ovo tem as fun\u00e7\u00f5es de queda autom\u00e1tica do copo + alimenta\u00e7\u00e3o da m\u00e1quina de enchimento + aquecimento do molde e assim por diante.<\/p>\n<h2><strong>Como fazer tortas de ovo comerciais<\/strong><\/h2>\n<div class=\"ast-oembed-container\"><iframe loading=\"lazy\" title=\"Como fazer tarte de ovo -- M\u00e1quina para fazer tarte de creme\" width=\"500\" height=\"281\" src=\"https:\/\/www.youtube.com\/embed\/wmqEAqW73WI?feature=oembed\" frameborder=\"0\" allow=\"accelerometer; autoplay; clipboard-write; encrypted-media; gyroscope; picture-in-picture; web-share\" referrerpolicy=\"strict-origin-when-cross-origin\" allowfullscreen><\/iframe><\/div>\n<p><strong>Nota:<\/strong> Para que a m\u00e1quina funcione corretamente, leia atentamente o manual antes de a utilizar.<\/p>\n<ol>\n<li>A m\u00e1quina de fazer tartes deve ser colocada numa superf\u00edcie plana.<\/li>\n<li>Quando a m\u00e1quina n\u00e3o est\u00e1 a ser utilizada, podemos desligar a alimenta\u00e7\u00e3o.<\/li>\n<li>\u00c9 necess\u00e1rio desligar a corrente antes de substituir pe\u00e7as el\u00e9ctricas ou mec\u00e2nicas.<\/li>\n<li>Antes de substituir o molde, desligue o interrutor de paragem de emerg\u00eancia e a fonte de alimenta\u00e7\u00e3o.<\/li>\n<li>Durante o funcionamento, as m\u00e3os n\u00e3o podem ser introduzidas na parte operacional da m\u00e1quina de fazer tartes de ovos.<\/li>\n<\/ol>\n<p>A nossa empresa \u00e9 especializada na produ\u00e7\u00e3o de v\u00e1rios tipos de m\u00e1quinas de fazer tartes. Esta m\u00e1quina \u00e9 cuidadosamente projetada para ser uma m\u00e1quina formadora de tortas de ovos de alto desempenho e alta efici\u00eancia que atende aos padr\u00f5es internacionais. Se voc\u00ea quiser saber mais sobre a m\u00e1quina, por favor contacte-nos.<br \/>\nCorreio eletr\u00f3nico: lisa@machinehall.com<br \/>\nWhatsapp\/Wechat\/Mobile: +8615515571373<br \/>\nSkype: jacobyaogelgoog<\/p>\n<h3><strong>Par\u00e2metros t\u00e9cnicos<\/strong><\/h3>\n<table border=\"1\" cellspacing=\"0\">\n<tbody>\n<tr>\n<td>Modelo<\/td>\n<td>GGA303-1<\/td>\n<\/tr>\n<tr>\n<td>Capacidade<\/td>\n<td>1500-1800PCS\/H<\/td>\n<\/tr>\n<tr>\n<td>Tens\u00e3o<\/td>\n<td>220V, 50hz<\/td>\n<\/tr>\n<tr>\n<td>Di\u00e2metro da tarte<\/td>\n<td>40-90mm<\/td>\n<\/tr>\n<tr>\n<td>Tamanho<\/td>\n<td>840*800*1300mm<\/td>\n<\/tr>\n<tr>\n<td>Peso<\/td>\n<td>130 kg<\/td>\n<\/tr>\n<\/tbody>\n<\/table>\n<div style='text-align:left' class='yasr-auto-insert-visitor'><\/div>","protected":false},"excerpt":{"rendered":"<p>Capacidade: 1500-1800 pe\u00e7as\/h<\/p>\n<p>Tamanho da casca da tarte: 6-7cm, pode ser personalizado<\/p>\n<p>&nbsp;<\/p>","protected":false},"featured_media":3377,"comment_status":"open","ping_status":"closed","template":"","meta":{"site-sidebar-layout":"default","site-content-layout":"default","ast-main-header-display":"","ast-hfb-above-header-display":"","ast-hfb-below-header-display":"","ast-hfb-mobile-header-display":"","site-post-title":"","ast-breadcrumbs-content":"","ast-featured-img":"","footer-sml-layout":"","theme-transparent-header-meta":"default","adv-header-id-meta":"","stick-header-meta":"","header-above-stick-meta":"","header-main-stick-meta":"","header-below-stick-meta":"","yasr_overall_rating":0,"yasr_post_is_review":"","yasr_auto_insert_disabled":"","yasr_review_type":""},"product_cat":[35],"product_tag":[],"class_list":["post-241","product","type-product","status-publish","has-post-thumbnail","hentry","product_cat-tart-machinery"],"yoast_head":"<!-- This site is optimized with the Yoast SEO plugin v27.5 - https:\/\/yoast.com\/product\/yoast-seo-wordpress\/ -->\n<title>1600pcs\/h Automatic Egg Tart Production Machine Large Output<\/title>\n<meta name=\"description\" content=\"Automatic egg tart production machine is a special equipment for producing egg tarts, with large output and high efficiency.\" \/>\n<meta name=\"robots\" content=\"index, follow, max-snippet:-1, max-image-preview:large, max-video-preview:-1\" \/>\n<link rel=\"canonical\" href=\"https:\/\/www.bakeryturnkey.com\/pt\/produto\/egg-tart-production-machine\/\" \/>\n<meta property=\"og:locale\" content=\"pt_PT\" \/>\n<meta property=\"og:type\" content=\"article\" \/>\n<meta property=\"og:title\" content=\"1600pcs\/h Automatic Egg Tart Production Machine Large Output\" \/>\n<meta property=\"og:description\" content=\"Automatic egg tart production machine is a special equipment for producing egg tarts, with large output and high efficiency.\" \/>\n<meta property=\"og:url\" content=\"https:\/\/www.bakeryturnkey.com\/pt\/produto\/egg-tart-production-machine\/\" \/>\n<meta property=\"og:site_name\" content=\"Bakery Food Processing Equipment Manufacturer\" \/>\n<meta property=\"article:modified_time\" content=\"2025-10-17T07:21:49+00:00\" \/>\n<meta property=\"og:image\" content=\"https:\/\/www.bakeryturnkey.com\/wp-content\/uploads\/2018\/06\/19.jpg\" \/>\n\t<meta property=\"og:image:width\" content=\"800\" \/>\n\t<meta property=\"og:image:height\" content=\"800\" \/>\n\t<meta property=\"og:image:type\" content=\"image\/jpeg\" \/>\n<meta name=\"twitter:card\" content=\"summary_large_image\" \/>\n<meta name=\"twitter:label1\" content=\"Tempo estimado de leitura\" \/>\n\t<meta name=\"twitter:data1\" content=\"2 minutos\" \/>\n<script type=\"application\/ld+json\" class=\"yoast-schema-graph\">{\"@context\":\"https:\\\/\\\/schema.org\",\"@graph\":[{\"@type\":\"WebPage\",\"@id\":\"https:\\\/\\\/www.bakeryturnkey.com\\\/product\\\/egg-tart-production-machine\\\/\",\"url\":\"https:\\\/\\\/www.bakeryturnkey.com\\\/product\\\/egg-tart-production-machine\\\/\",\"name\":\"1600pcs\\\/h Automatic Egg Tart Production Machine Large Output\",\"isPartOf\":{\"@id\":\"https:\\\/\\\/www.bakeryturnkey.com\\\/#website\"},\"primaryImageOfPage\":{\"@id\":\"https:\\\/\\\/www.bakeryturnkey.com\\\/product\\\/egg-tart-production-machine\\\/#primaryimage\"},\"image\":{\"@id\":\"https:\\\/\\\/www.bakeryturnkey.com\\\/product\\\/egg-tart-production-machine\\\/#primaryimage\"},\"thumbnailUrl\":\"https:\\\/\\\/www.bakeryturnkey.com\\\/wp-content\\\/uploads\\\/2018\\\/06\\\/19.jpg\",\"datePublished\":\"2018-06-20T07:13:55+00:00\",\"dateModified\":\"2025-10-17T07:21:49+00:00\",\"description\":\"Automatic egg tart production machine is a special equipment for producing egg tarts, with large output and high efficiency.\",\"breadcrumb\":{\"@id\":\"https:\\\/\\\/www.bakeryturnkey.com\\\/product\\\/egg-tart-production-machine\\\/#breadcrumb\"},\"inLanguage\":\"pt-PT\",\"potentialAction\":[{\"@type\":\"ReadAction\",\"target\":[\"https:\\\/\\\/www.bakeryturnkey.com\\\/product\\\/egg-tart-production-machine\\\/\"]}]},{\"@type\":\"ImageObject\",\"inLanguage\":\"pt-PT\",\"@id\":\"https:\\\/\\\/www.bakeryturnkey.com\\\/product\\\/egg-tart-production-machine\\\/#primaryimage\",\"url\":\"https:\\\/\\\/www.bakeryturnkey.com\\\/wp-content\\\/uploads\\\/2018\\\/06\\\/19.jpg\",\"contentUrl\":\"https:\\\/\\\/www.bakeryturnkey.com\\\/wp-content\\\/uploads\\\/2018\\\/06\\\/19.jpg\",\"width\":800,\"height\":800,\"caption\":\"Egg Tart Making Machine\"},{\"@type\":\"BreadcrumbList\",\"@id\":\"https:\\\/\\\/www.bakeryturnkey.com\\\/product\\\/egg-tart-production-machine\\\/#breadcrumb\",\"itemListElement\":[{\"@type\":\"ListItem\",\"position\":1,\"name\":\"Home\",\"item\":\"https:\\\/\\\/www.bakeryturnkey.com\\\/\"},{\"@type\":\"ListItem\",\"position\":2,\"name\":\"Products\",\"item\":\"https:\\\/\\\/www.bakeryturnkey.com\\\/products\\\/\"},{\"@type\":\"ListItem\",\"position\":3,\"name\":\"1600pcs\\\/h Automatic Egg Tart Production Machine Large Output\"}]},{\"@type\":\"WebSite\",\"@id\":\"https:\\\/\\\/www.bakeryturnkey.com\\\/#website\",\"url\":\"https:\\\/\\\/www.bakeryturnkey.com\\\/\",\"name\":\"Bakery Food Processing Equipment Manufacturer\",\"description\":\"Bakery Food Solutions Provider\",\"publisher\":{\"@id\":\"https:\\\/\\\/www.bakeryturnkey.com\\\/#organization\"},\"potentialAction\":[{\"@type\":\"SearchAction\",\"target\":{\"@type\":\"EntryPoint\",\"urlTemplate\":\"https:\\\/\\\/www.bakeryturnkey.com\\\/?s={search_term_string}\"},\"query-input\":{\"@type\":\"PropertyValueSpecification\",\"valueRequired\":true,\"valueName\":\"search_term_string\"}}],\"inLanguage\":\"pt-PT\"},{\"@type\":\"Organization\",\"@id\":\"https:\\\/\\\/www.bakeryturnkey.com\\\/#organization\",\"name\":\"Bakery Food Processing Equipment Manufacturer\",\"url\":\"https:\\\/\\\/www.bakeryturnkey.com\\\/\",\"logo\":{\"@type\":\"ImageObject\",\"inLanguage\":\"pt-PT\",\"@id\":\"https:\\\/\\\/www.bakeryturnkey.com\\\/#\\\/schema\\\/logo\\\/image\\\/\",\"url\":\"https:\\\/\\\/www.bakeryturnkey.com\\\/wp-content\\\/uploads\\\/2022\\\/03\\\/cropped-13-1.png\",\"contentUrl\":\"https:\\\/\\\/www.bakeryturnkey.com\\\/wp-content\\\/uploads\\\/2022\\\/03\\\/cropped-13-1.png\",\"width\":512,\"height\":429,\"caption\":\"Bakery Food Processing Equipment Manufacturer\"},\"image\":{\"@id\":\"https:\\\/\\\/www.bakeryturnkey.com\\\/#\\\/schema\\\/logo\\\/image\\\/\"}},false]}<\/script>\n<!-- \/ Yoast SEO plugin. -->","yoast_head_json":{"title":"1600pcs\/h Automatic Egg Tart Production Machine Large Output","description":"Automatic egg tart production machine is a special equipment for producing egg tarts, with large output and high efficiency.","robots":{"index":"index","follow":"follow","max-snippet":"max-snippet:-1","max-image-preview":"max-image-preview:large","max-video-preview":"max-video-preview:-1"},"canonical":"https:\/\/www.bakeryturnkey.com\/pt\/produto\/egg-tart-production-machine\/","og_locale":"pt_PT","og_type":"article","og_title":"1600pcs\/h Automatic Egg Tart Production Machine Large Output","og_description":"Automatic egg tart production machine is a special equipment for producing egg tarts, with large output and high efficiency.","og_url":"https:\/\/www.bakeryturnkey.com\/pt\/produto\/egg-tart-production-machine\/","og_site_name":"Bakery Food Processing Equipment Manufacturer","article_modified_time":"2025-10-17T07:21:49+00:00","og_image":[{"width":800,"height":800,"url":"https:\/\/www.bakeryturnkey.com\/wp-content\/uploads\/2018\/06\/19.jpg","type":"image\/jpeg"}],"twitter_card":"summary_large_image","twitter_misc":{"Tempo estimado de leitura":"2 minutos"},"schema":{"@context":"https:\/\/schema.org","@graph":[{"@type":"WebPage","@id":"https:\/\/www.bakeryturnkey.com\/product\/egg-tart-production-machine\/","url":"https:\/\/www.bakeryturnkey.com\/product\/egg-tart-production-machine\/","name":"1600pcs\/h Automatic Egg Tart Production Machine Large Output","isPartOf":{"@id":"https:\/\/www.bakeryturnkey.com\/#website"},"primaryImageOfPage":{"@id":"https:\/\/www.bakeryturnkey.com\/product\/egg-tart-production-machine\/#primaryimage"},"image":{"@id":"https:\/\/www.bakeryturnkey.com\/product\/egg-tart-production-machine\/#primaryimage"},"thumbnailUrl":"https:\/\/www.bakeryturnkey.com\/wp-content\/uploads\/2018\/06\/19.jpg","datePublished":"2018-06-20T07:13:55+00:00","dateModified":"2025-10-17T07:21:49+00:00","description":"Automatic egg tart production machine is a special equipment for producing egg tarts, with large output and high efficiency.","breadcrumb":{"@id":"https:\/\/www.bakeryturnkey.com\/product\/egg-tart-production-machine\/#breadcrumb"},"inLanguage":"pt-PT","potentialAction":[{"@type":"ReadAction","target":["https:\/\/www.bakeryturnkey.com\/product\/egg-tart-production-machine\/"]}]},{"@type":"ImageObject","inLanguage":"pt-PT","@id":"https:\/\/www.bakeryturnkey.com\/product\/egg-tart-production-machine\/#primaryimage","url":"https:\/\/www.bakeryturnkey.com\/wp-content\/uploads\/2018\/06\/19.jpg","contentUrl":"https:\/\/www.bakeryturnkey.com\/wp-content\/uploads\/2018\/06\/19.jpg","width":800,"height":800,"caption":"Egg Tart Making Machine"},{"@type":"BreadcrumbList","@id":"https:\/\/www.bakeryturnkey.com\/product\/egg-tart-production-machine\/#breadcrumb","itemListElement":[{"@type":"ListItem","position":1,"name":"Home","item":"https:\/\/www.bakeryturnkey.com\/"},{"@type":"ListItem","position":2,"name":"Products","item":"https:\/\/www.bakeryturnkey.com\/products\/"},{"@type":"ListItem","position":3,"name":"1600pcs\/h Automatic Egg Tart Production Machine Large Output"}]},{"@type":"WebSite","@id":"https:\/\/www.bakeryturnkey.com\/#website","url":"https:\/\/www.bakeryturnkey.com\/","name":"Bakery Food Processing Equipment Manufacturer","description":"Bakery Food Solutions Provider","publisher":{"@id":"https:\/\/www.bakeryturnkey.com\/#organization"},"potentialAction":[{"@type":"SearchAction","target":{"@type":"EntryPoint","urlTemplate":"https:\/\/www.bakeryturnkey.com\/?s={search_term_string}"},"query-input":{"@type":"PropertyValueSpecification","valueRequired":true,"valueName":"search_term_string"}}],"inLanguage":"pt-PT"},{"@type":"Organization","@id":"https:\/\/www.bakeryturnkey.com\/#organization","name":"Bakery Food Processing Equipment Manufacturer","url":"https:\/\/www.bakeryturnkey.com\/","logo":{"@type":"ImageObject","inLanguage":"pt-PT","@id":"https:\/\/www.bakeryturnkey.com\/#\/schema\/logo\/image\/","url":"https:\/\/www.bakeryturnkey.com\/wp-content\/uploads\/2022\/03\/cropped-13-1.png","contentUrl":"https:\/\/www.bakeryturnkey.com\/wp-content\/uploads\/2022\/03\/cropped-13-1.png","width":512,"height":429,"caption":"Bakery Food Processing Equipment Manufacturer"},"image":{"@id":"https:\/\/www.bakeryturnkey.com\/#\/schema\/logo\/image\/"}},false]}},"yasr_visitor_votes":{"stars_attributes":{"read_only":false,"span_bottom":false},"number_of_votes":0,"sum_votes":0},"_links":{"self":[{"href":"https:\/\/www.bakeryturnkey.com\/pt\/wp-json\/wp\/v2\/product\/241","targetHints":{"allow":["GET"]}}],"collection":[{"href":"https:\/\/www.bakeryturnkey.com\/pt\/wp-json\/wp\/v2\/product"}],"about":[{"href":"https:\/\/www.bakeryturnkey.com\/pt\/wp-json\/wp\/v2\/types\/product"}],"replies":[{"embeddable":true,"href":"https:\/\/www.bakeryturnkey.com\/pt\/wp-json\/wp\/v2\/comments?post=241"}],"wp:featuredmedia":[{"embeddable":true,"href":"https:\/\/www.bakeryturnkey.com\/pt\/wp-json\/wp\/v2\/media\/3377"}],"wp:attachment":[{"href":"https:\/\/www.bakeryturnkey.com\/pt\/wp-json\/wp\/v2\/media?parent=241"}],"wp:term":[{"taxonomy":"product_cat","embeddable":true,"href":"https:\/\/www.bakeryturnkey.com\/pt\/wp-json\/wp\/v2\/product_cat?post=241"},{"taxonomy":"product_tag","embeddable":true,"href":"https:\/\/www.bakeryturnkey.com\/pt\/wp-json\/wp\/v2\/product_tag?post=241"}],"curies":[{"name":"wp","href":"https:\/\/api.w.org\/{rel}","templated":true}]}}