{"id":240,"date":"2018-06-20T07:04:07","date_gmt":"2018-06-20T07:04:07","guid":{"rendered":"http:\/\/www.bakeryturnkey.com\/product\/white-printed-coffee-mug\/"},"modified":"2022-03-22T16:37:49","modified_gmt":"2022-03-22T08:37:49","slug":"portuguese-egg-tart-forming-machine","status":"publish","type":"product","link":"https:\/\/www.bakeryturnkey.com\/pt\/produto\/portuguese-egg-tart-forming-machine\/","title":{"rendered":"M\u00e1quina Formadora de Rolinhos de Ovo Cantonesa Portuguesa Pre\u00e7o"},"content":{"rendered":"<p>A m\u00e1quina formadora de tortas de ovos cantonenses portuguesas \u00e9 feita de a\u00e7o inoxid\u00e1vel e \u00e9 especialmente utilizada para processar cascas de tortas de ovos de grande capacidade, tem diferentes modelos e pre\u00e7os.<\/p>\n<p>Pode ser utilizada para produzir tartes de ovos portuguesas, tartes de ovos cantonesas, tartes de coco, tartes de ovos de fruta, tartes de ovos de queijo, etc. E h\u00e1 muitas tartes de ovos especiais que podem ser personalizadas.<\/p>\n<p><img loading=\"lazy\" decoding=\"async\" class=\"alignnone size-full wp-image-3510\" src=\"https:\/\/www.bakeryturnkey.com\/wp-content\/uploads\/2018\/06\/189.jpg\" alt=\"M\u00e1quina Formadora de Casca de Torta de Ovo\" width=\"800\" height=\"500\" srcset=\"https:\/\/www.bakeryturnkey.com\/wp-content\/uploads\/2018\/06\/189.jpg 800w, https:\/\/www.bakeryturnkey.com\/wp-content\/uploads\/2018\/06\/189-600x375.jpg 600w, https:\/\/www.bakeryturnkey.com\/wp-content\/uploads\/2018\/06\/189-300x188.jpg 300w, https:\/\/www.bakeryturnkey.com\/wp-content\/uploads\/2018\/06\/189-768x480.jpg 768w\" sizes=\"auto, (max-width: 800px) 100vw, 800px\" \/><\/p>\n<h2><strong>Vantagens da M\u00e1quina Formadora de Torta de Ovo Portuguesa<\/strong><\/h2>\n<ul>\n<li>Desempenho est\u00e1vel, f\u00e1cil opera\u00e7\u00e3o, grande capacidade, uma hora de produ\u00e7\u00e3o pode substituir o trabalho de v\u00e1rios equipamentos.<\/li>\n<li>Ao mudar os moldes de diferentes tamanhos, esta m\u00e1quina pode fazer tartes de v\u00e1rios tamanhos.<\/li>\n<li>Imita\u00e7\u00e3o feita \u00e0 m\u00e3o, as tartes de ovos produzidas t\u00eam boa textura, cheiro doce e sabor delicioso.<\/li>\n<li>As m\u00e1quinas para tartes de ovos s\u00e3o muito populares em padarias, restaurantes de fast food, lojas de tartes de ovos, centros comerciais, etc.<\/li>\n<li>A m\u00e1quina de moldagem \u00e9 pequena e flex\u00edvel e requer um baixo consumo de energia.<\/li>\n<\/ul>\n<p><img loading=\"lazy\" decoding=\"async\" class=\"alignnone size-full wp-image-3511\" src=\"https:\/\/www.bakeryturnkey.com\/wp-content\/uploads\/2018\/06\/21.jpg\" alt=\"Pre\u00e7o da m\u00e1quina para tartes\" width=\"800\" height=\"500\" srcset=\"https:\/\/www.bakeryturnkey.com\/wp-content\/uploads\/2018\/06\/21.jpg 800w, https:\/\/www.bakeryturnkey.com\/wp-content\/uploads\/2018\/06\/21-600x375.jpg 600w, https:\/\/www.bakeryturnkey.com\/wp-content\/uploads\/2018\/06\/21-300x188.jpg 300w, https:\/\/www.bakeryturnkey.com\/wp-content\/uploads\/2018\/06\/21-768x480.jpg 768w\" sizes=\"auto, (max-width: 800px) 100vw, 800px\" \/><\/p>\n<h2><strong>Carater\u00edsticas da m\u00e1quina de tarte de ovo cantonesa<\/strong><\/h2>\n<ol>\n<li>A velocidade do motor da m\u00e1quina de fazer tartes de ovo \u00e9 ajust\u00e1vel, o que significa que a velocidade de produ\u00e7\u00e3o \u00e9 ajust\u00e1vel.<\/li>\n<li>O molde superior est\u00e1 equipado com um tubo de aquecimento, que pode assegurar a r\u00e1pida forma\u00e7\u00e3o da tarte de ovo.<\/li>\n<li>Adotar o controlo PLC, alta efici\u00eancia, a capacidade desta m\u00e1quina \u00e9 de 1500~1800 pe\u00e7as por hora.<\/li>\n<li>A m\u00e1quina de moldagem \u00e9 feita de a\u00e7o inoxid\u00e1vel, que \u00e9 simples de operar e f\u00e1cil de limpar.<\/li>\n<li>A m\u00e1quina formadora de tortas de ovos portuguesa tem desempenho est\u00e1vel, estrutura compacta e longa vida \u00fatil.<\/li>\n<\/ol>\n<h2><strong>Processo de trabalho da M\u00e1quina Formadora de Rolinhos de Torta<\/strong><\/h2>\n<div class=\"ast-oembed-container\"><iframe loading=\"lazy\" title=\"M\u00e1quina para fabrica\u00e7\u00e3o de tortas com casca de ovo\/M\u00e1quina para fabrica\u00e7\u00e3o de tortas de mostarda El\u00e9trica\" width=\"500\" height=\"281\" src=\"https:\/\/www.youtube.com\/embed\/r0sTtDuFlzc?feature=oembed\" frameborder=\"0\" allow=\"accelerometer; autoplay; clipboard-write; encrypted-media; gyroscope; picture-in-picture; web-share\" referrerpolicy=\"strict-origin-when-cross-origin\" allowfullscreen><\/iframe><\/div>\n<h2><strong>Aplica\u00e7\u00e3o de <\/strong><strong>Forma\u00e7\u00e3o da tarte de ovos cantonesa portuguesa <\/strong><strong>M\u00e1quina<\/strong><\/h2>\n<p>\u00c9 amplamente utilizado em ind\u00fastrias dom\u00e9sticas e comerciais, especialmente em padarias, escolas, hot\u00e9is, restaurantes de fast food, restaurantes ocidentais, restaurantes de ch\u00e1, etc. A perspetiva de mercado \u00e9 muito boa e \u00e9 bem recebida por pessoas de todas as idades. Se est\u00e1 a pensar investir, experimente o neg\u00f3cio das tartes de ovos.<\/p>\n<h3><strong>Par\u00e2metros t\u00e9cnicos<\/strong><\/h3>\n<table border=\"1\" cellspacing=\"0\">\n<tbody>\n<tr>\n<td>Modelo<\/td>\n<td>GGA303-1<\/td>\n<\/tr>\n<tr>\n<td>Capacidade<\/td>\n<td>1500-1800PCS\/H<\/td>\n<\/tr>\n<tr>\n<td>Tens\u00e3o<\/td>\n<td>220V, 50hz<\/td>\n<\/tr>\n<tr>\n<td>Di\u00e2metro da tarte<\/td>\n<td>40-90mm<\/td>\n<\/tr>\n<tr>\n<td>Tamanho<\/td>\n<td>840*800*1300mm<\/td>\n<\/tr>\n<tr>\n<td>Peso<\/td>\n<td>130 kg<\/td>\n<\/tr>\n<\/tbody>\n<\/table>\n<div style='text-align:left' class='yasr-auto-insert-visitor'><\/div>","protected":false},"excerpt":{"rendered":"<p>Amplamente utilizado em grandes padarias, caf\u00e9s, restaurantes ocidentais, etc. Pode produzir diferentes tartes de ovos, tais como tartes de ovos portuguesas, tartes de ovos cantonesas, etc.<\/p>","protected":false},"featured_media":3509,"comment_status":"open","ping_status":"closed","template":"","meta":{"site-sidebar-layout":"default","site-content-layout":"default","ast-main-header-display":"","ast-hfb-above-header-display":"","ast-hfb-below-header-display":"","ast-hfb-mobile-header-display":"","site-post-title":"","ast-breadcrumbs-content":"","ast-featured-img":"","footer-sml-layout":"","theme-transparent-header-meta":"default","adv-header-id-meta":"","stick-header-meta":"","header-above-stick-meta":"","header-main-stick-meta":"","header-below-stick-meta":"","yasr_overall_rating":0,"yasr_post_is_review":"","yasr_auto_insert_disabled":"","yasr_review_type":""},"product_cat":[35],"product_tag":[],"class_list":["post-240","product","type-product","status-publish","has-post-thumbnail","hentry","product_cat-tart-machinery"],"yoast_head":"<!-- This site is optimized with the Yoast SEO plugin v27.5 - https:\/\/yoast.com\/product\/yoast-seo-wordpress\/ -->\n<title>Portuguese Cantonese Egg Tart Shell Forming Machine Price<\/title>\n<meta name=\"description\" content=\"This is a forming machine suitable for Portuguese egg tarts and Cantonese egg tarts, with simple operation and high work efficiency.\" \/>\n<meta name=\"robots\" content=\"index, follow, max-snippet:-1, max-image-preview:large, max-video-preview:-1\" \/>\n<link rel=\"canonical\" href=\"https:\/\/www.bakeryturnkey.com\/pt\/produto\/portuguese-egg-tart-forming-machine\/\" \/>\n<meta property=\"og:locale\" content=\"pt_PT\" \/>\n<meta property=\"og:type\" content=\"article\" \/>\n<meta property=\"og:title\" content=\"Portuguese Cantonese Egg Tart Shell Forming Machine Price\" \/>\n<meta property=\"og:description\" content=\"This is a forming machine suitable for Portuguese egg tarts and Cantonese egg tarts, with simple operation and high work efficiency.\" \/>\n<meta property=\"og:url\" content=\"https:\/\/www.bakeryturnkey.com\/pt\/produto\/portuguese-egg-tart-forming-machine\/\" \/>\n<meta property=\"og:site_name\" content=\"Bakery Food Processing Equipment Manufacturer\" \/>\n<meta property=\"article:modified_time\" content=\"2022-03-22T08:37:49+00:00\" \/>\n<meta property=\"og:image\" content=\"https:\/\/www.bakeryturnkey.com\/wp-content\/uploads\/2018\/06\/17-1.jpg\" \/>\n\t<meta property=\"og:image:width\" content=\"800\" \/>\n\t<meta property=\"og:image:height\" content=\"800\" \/>\n\t<meta property=\"og:image:type\" content=\"image\/jpeg\" \/>\n<meta name=\"twitter:card\" content=\"summary_large_image\" \/>\n<meta name=\"twitter:label1\" content=\"Tempo estimado de leitura\" \/>\n\t<meta name=\"twitter:data1\" content=\"2 minutos\" \/>\n<script type=\"application\/ld+json\" class=\"yoast-schema-graph\">{\"@context\":\"https:\\\/\\\/schema.org\",\"@graph\":[{\"@type\":\"WebPage\",\"@id\":\"https:\\\/\\\/www.bakeryturnkey.com\\\/product\\\/portuguese-egg-tart-forming-machine\\\/\",\"url\":\"https:\\\/\\\/www.bakeryturnkey.com\\\/product\\\/portuguese-egg-tart-forming-machine\\\/\",\"name\":\"Portuguese Cantonese Egg Tart Shell Forming Machine Price\",\"isPartOf\":{\"@id\":\"https:\\\/\\\/www.bakeryturnkey.com\\\/#website\"},\"primaryImageOfPage\":{\"@id\":\"https:\\\/\\\/www.bakeryturnkey.com\\\/product\\\/portuguese-egg-tart-forming-machine\\\/#primaryimage\"},\"image\":{\"@id\":\"https:\\\/\\\/www.bakeryturnkey.com\\\/product\\\/portuguese-egg-tart-forming-machine\\\/#primaryimage\"},\"thumbnailUrl\":\"https:\\\/\\\/www.bakeryturnkey.com\\\/wp-content\\\/uploads\\\/2018\\\/06\\\/17-1.jpg\",\"datePublished\":\"2018-06-20T07:04:07+00:00\",\"dateModified\":\"2022-03-22T08:37:49+00:00\",\"description\":\"This is a forming machine suitable for Portuguese egg tarts and Cantonese egg tarts, with simple operation and high work efficiency.\",\"breadcrumb\":{\"@id\":\"https:\\\/\\\/www.bakeryturnkey.com\\\/product\\\/portuguese-egg-tart-forming-machine\\\/#breadcrumb\"},\"inLanguage\":\"pt-PT\",\"potentialAction\":[{\"@type\":\"ReadAction\",\"target\":[\"https:\\\/\\\/www.bakeryturnkey.com\\\/product\\\/portuguese-egg-tart-forming-machine\\\/\"]}]},{\"@type\":\"ImageObject\",\"inLanguage\":\"pt-PT\",\"@id\":\"https:\\\/\\\/www.bakeryturnkey.com\\\/product\\\/portuguese-egg-tart-forming-machine\\\/#primaryimage\",\"url\":\"https:\\\/\\\/www.bakeryturnkey.com\\\/wp-content\\\/uploads\\\/2018\\\/06\\\/17-1.jpg\",\"contentUrl\":\"https:\\\/\\\/www.bakeryturnkey.com\\\/wp-content\\\/uploads\\\/2018\\\/06\\\/17-1.jpg\",\"width\":800,\"height\":800,\"caption\":\"Portuguese Egg Tart Machine\"},{\"@type\":\"BreadcrumbList\",\"@id\":\"https:\\\/\\\/www.bakeryturnkey.com\\\/product\\\/portuguese-egg-tart-forming-machine\\\/#breadcrumb\",\"itemListElement\":[{\"@type\":\"ListItem\",\"position\":1,\"name\":\"Home\",\"item\":\"https:\\\/\\\/www.bakeryturnkey.com\\\/\"},{\"@type\":\"ListItem\",\"position\":2,\"name\":\"Products\",\"item\":\"https:\\\/\\\/www.bakeryturnkey.com\\\/products\\\/\"},{\"@type\":\"ListItem\",\"position\":3,\"name\":\"Portuguese Cantonese Egg Tart Shell Forming Machine Price\"}]},{\"@type\":\"WebSite\",\"@id\":\"https:\\\/\\\/www.bakeryturnkey.com\\\/#website\",\"url\":\"https:\\\/\\\/www.bakeryturnkey.com\\\/\",\"name\":\"Bakery Food Processing Equipment Manufacturer\",\"description\":\"Bakery Food Solutions Provider\",\"publisher\":{\"@id\":\"https:\\\/\\\/www.bakeryturnkey.com\\\/#organization\"},\"potentialAction\":[{\"@type\":\"SearchAction\",\"target\":{\"@type\":\"EntryPoint\",\"urlTemplate\":\"https:\\\/\\\/www.bakeryturnkey.com\\\/?s={search_term_string}\"},\"query-input\":{\"@type\":\"PropertyValueSpecification\",\"valueRequired\":true,\"valueName\":\"search_term_string\"}}],\"inLanguage\":\"pt-PT\"},{\"@type\":\"Organization\",\"@id\":\"https:\\\/\\\/www.bakeryturnkey.com\\\/#organization\",\"name\":\"Bakery Food Processing Equipment Manufacturer\",\"url\":\"https:\\\/\\\/www.bakeryturnkey.com\\\/\",\"logo\":{\"@type\":\"ImageObject\",\"inLanguage\":\"pt-PT\",\"@id\":\"https:\\\/\\\/www.bakeryturnkey.com\\\/#\\\/schema\\\/logo\\\/image\\\/\",\"url\":\"https:\\\/\\\/www.bakeryturnkey.com\\\/wp-content\\\/uploads\\\/2022\\\/03\\\/cropped-13-1.png\",\"contentUrl\":\"https:\\\/\\\/www.bakeryturnkey.com\\\/wp-content\\\/uploads\\\/2022\\\/03\\\/cropped-13-1.png\",\"width\":512,\"height\":429,\"caption\":\"Bakery Food Processing Equipment Manufacturer\"},\"image\":{\"@id\":\"https:\\\/\\\/www.bakeryturnkey.com\\\/#\\\/schema\\\/logo\\\/image\\\/\"}},false]}<\/script>\n<!-- \/ Yoast SEO plugin. -->","yoast_head_json":{"title":"Portuguese Cantonese Egg Tart Shell Forming Machine Price","description":"This is a forming machine suitable for Portuguese egg tarts and Cantonese egg tarts, with simple operation and high work efficiency.","robots":{"index":"index","follow":"follow","max-snippet":"max-snippet:-1","max-image-preview":"max-image-preview:large","max-video-preview":"max-video-preview:-1"},"canonical":"https:\/\/www.bakeryturnkey.com\/pt\/produto\/portuguese-egg-tart-forming-machine\/","og_locale":"pt_PT","og_type":"article","og_title":"Portuguese Cantonese Egg Tart Shell Forming Machine Price","og_description":"This is a forming machine suitable for Portuguese egg tarts and Cantonese egg tarts, with simple operation and high work efficiency.","og_url":"https:\/\/www.bakeryturnkey.com\/pt\/produto\/portuguese-egg-tart-forming-machine\/","og_site_name":"Bakery Food Processing Equipment Manufacturer","article_modified_time":"2022-03-22T08:37:49+00:00","og_image":[{"width":800,"height":800,"url":"https:\/\/www.bakeryturnkey.com\/wp-content\/uploads\/2018\/06\/17-1.jpg","type":"image\/jpeg"}],"twitter_card":"summary_large_image","twitter_misc":{"Tempo estimado de leitura":"2 minutos"},"schema":{"@context":"https:\/\/schema.org","@graph":[{"@type":"WebPage","@id":"https:\/\/www.bakeryturnkey.com\/product\/portuguese-egg-tart-forming-machine\/","url":"https:\/\/www.bakeryturnkey.com\/product\/portuguese-egg-tart-forming-machine\/","name":"Portuguese Cantonese Egg Tart Shell Forming Machine Price","isPartOf":{"@id":"https:\/\/www.bakeryturnkey.com\/#website"},"primaryImageOfPage":{"@id":"https:\/\/www.bakeryturnkey.com\/product\/portuguese-egg-tart-forming-machine\/#primaryimage"},"image":{"@id":"https:\/\/www.bakeryturnkey.com\/product\/portuguese-egg-tart-forming-machine\/#primaryimage"},"thumbnailUrl":"https:\/\/www.bakeryturnkey.com\/wp-content\/uploads\/2018\/06\/17-1.jpg","datePublished":"2018-06-20T07:04:07+00:00","dateModified":"2022-03-22T08:37:49+00:00","description":"This is a forming machine suitable for Portuguese egg tarts and Cantonese egg tarts, with simple operation and high work efficiency.","breadcrumb":{"@id":"https:\/\/www.bakeryturnkey.com\/product\/portuguese-egg-tart-forming-machine\/#breadcrumb"},"inLanguage":"pt-PT","potentialAction":[{"@type":"ReadAction","target":["https:\/\/www.bakeryturnkey.com\/product\/portuguese-egg-tart-forming-machine\/"]}]},{"@type":"ImageObject","inLanguage":"pt-PT","@id":"https:\/\/www.bakeryturnkey.com\/product\/portuguese-egg-tart-forming-machine\/#primaryimage","url":"https:\/\/www.bakeryturnkey.com\/wp-content\/uploads\/2018\/06\/17-1.jpg","contentUrl":"https:\/\/www.bakeryturnkey.com\/wp-content\/uploads\/2018\/06\/17-1.jpg","width":800,"height":800,"caption":"Portuguese Egg Tart Machine"},{"@type":"BreadcrumbList","@id":"https:\/\/www.bakeryturnkey.com\/product\/portuguese-egg-tart-forming-machine\/#breadcrumb","itemListElement":[{"@type":"ListItem","position":1,"name":"Home","item":"https:\/\/www.bakeryturnkey.com\/"},{"@type":"ListItem","position":2,"name":"Products","item":"https:\/\/www.bakeryturnkey.com\/products\/"},{"@type":"ListItem","position":3,"name":"Portuguese Cantonese Egg Tart Shell Forming Machine Price"}]},{"@type":"WebSite","@id":"https:\/\/www.bakeryturnkey.com\/#website","url":"https:\/\/www.bakeryturnkey.com\/","name":"Bakery Food Processing Equipment Manufacturer","description":"Bakery Food Solutions Provider","publisher":{"@id":"https:\/\/www.bakeryturnkey.com\/#organization"},"potentialAction":[{"@type":"SearchAction","target":{"@type":"EntryPoint","urlTemplate":"https:\/\/www.bakeryturnkey.com\/?s={search_term_string}"},"query-input":{"@type":"PropertyValueSpecification","valueRequired":true,"valueName":"search_term_string"}}],"inLanguage":"pt-PT"},{"@type":"Organization","@id":"https:\/\/www.bakeryturnkey.com\/#organization","name":"Bakery Food Processing Equipment Manufacturer","url":"https:\/\/www.bakeryturnkey.com\/","logo":{"@type":"ImageObject","inLanguage":"pt-PT","@id":"https:\/\/www.bakeryturnkey.com\/#\/schema\/logo\/image\/","url":"https:\/\/www.bakeryturnkey.com\/wp-content\/uploads\/2022\/03\/cropped-13-1.png","contentUrl":"https:\/\/www.bakeryturnkey.com\/wp-content\/uploads\/2022\/03\/cropped-13-1.png","width":512,"height":429,"caption":"Bakery Food Processing Equipment Manufacturer"},"image":{"@id":"https:\/\/www.bakeryturnkey.com\/#\/schema\/logo\/image\/"}},false]}},"yasr_visitor_votes":{"stars_attributes":{"read_only":false,"span_bottom":false},"number_of_votes":0,"sum_votes":0},"_links":{"self":[{"href":"https:\/\/www.bakeryturnkey.com\/pt\/wp-json\/wp\/v2\/product\/240","targetHints":{"allow":["GET"]}}],"collection":[{"href":"https:\/\/www.bakeryturnkey.com\/pt\/wp-json\/wp\/v2\/product"}],"about":[{"href":"https:\/\/www.bakeryturnkey.com\/pt\/wp-json\/wp\/v2\/types\/product"}],"replies":[{"embeddable":true,"href":"https:\/\/www.bakeryturnkey.com\/pt\/wp-json\/wp\/v2\/comments?post=240"}],"wp:featuredmedia":[{"embeddable":true,"href":"https:\/\/www.bakeryturnkey.com\/pt\/wp-json\/wp\/v2\/media\/3509"}],"wp:attachment":[{"href":"https:\/\/www.bakeryturnkey.com\/pt\/wp-json\/wp\/v2\/media?parent=240"}],"wp:term":[{"taxonomy":"product_cat","embeddable":true,"href":"https:\/\/www.bakeryturnkey.com\/pt\/wp-json\/wp\/v2\/product_cat?post=240"},{"taxonomy":"product_tag","embeddable":true,"href":"https:\/\/www.bakeryturnkey.com\/pt\/wp-json\/wp\/v2\/product_tag?post=240"}],"curies":[{"name":"wp","href":"https:\/\/api.w.org\/{rel}","templated":true}]}}